{"id":729452,"date":"2025-08-27T20:56:16","date_gmt":"2025-08-27T17:56:16","guid":{"rendered":"https:\/\/roveyayinevi.com.tr\/index.php\/urun\/fransiz-devriminde-siyasal-dusunceler-ve-mucadeleler-cilt-3\/"},"modified":"2026-04-16T02:37:10","modified_gmt":"2026-04-15T23:37:10","slug":"fransiz-devriminde-siyasal-dusunceler-ve-mucadeleler-cilt-3","status":"publish","type":"product","link":"https:\/\/roveyayinevi.com.tr\/index.php\/urun\/fransiz-devriminde-siyasal-dusunceler-ve-mucadeleler-cilt-3\/","title":{"rendered":"Frans\u0131z Devrimi&#8217;nde Siyasal D\u00fc\u015f\u00fcnceler Ve M\u00fccadeleler &#8211; Cilt 3"},"content":{"rendered":"<p>Frans\u0131z Devrimi&#8217;nde \u00f6ne \u00e7\u0131kan temel kavramlar\u0131, devrimde yer alan akt\u00f6rleri ve onlar\u0131n devrim s\u00fcrecindeki siyasi fikirlerini b\u00fct\u00fcn y\u00f6nleriyle ele alan bu eser devrime y\u00f6n veren ki\u015filerin yaz\u0131lar\u0131n\u0131 ve s\u00f6ylevlerini de i\u00e7ermesi bak\u0131m\u0131ndan Frans\u0131z Devrimi \u00fczerine e\u015fsiz bir kaynak olma \u00f6zelli\u011fi kazan\u0131yor. Kitap, devrim s\u00fcrecinde ortaya \u00e7\u0131kan fikirleri, yap\u0131lar\u0131 ve eylemleri s\u0131n\u0131f m\u00fccadelelerinin etkisini g\u00f6z ard\u0131 etmeden siyasi iktidar m\u00fccadelesi ba\u011flam\u0131nda ele al\u0131yor. Siyasal d\u00fc\u015f\u00fcnceler tarihi disiplininin \u00fclkemizdeki duayeni Mehmet Ali A\u011fao\u011fllar\u0131&#8217;ndan bir an\u0131t eser&#8230;   \u201c\u201cBar\u0131\u015f i\u00e7indeki halk\u00e7\u0131 y\u00f6netimin dayana\u011f\u0131 erdemse, devrim i\u00e7indeki halk\u00e7\u0131 y\u00f6netimin dayana\u011f\u0131 hem erdem hem ter\u00f6rd\u00fcr. Erdemsiz ter\u00f6r zararl\u0131d\u0131r, ter\u00f6rs\u00fcz erdem g\u00fc\u00e7s\u00fczd\u00fcr. Ter\u00f6r, \u00e7abuk i\u015fleyen, kat\u0131 ve b\u00fck\u00fclmez adaletten ba\u015fka bir \u015fey de\u011fildir; dolay\u0131s\u0131yla erdemden t\u00fcrer.\u201d Maximilien ROBESP\u0130ERRE.   \u201cBize korumalar verilmesinden s\u00f6z edildi. Bu \u00f6nerinin iyi bir niyetle ortaya at\u0131ld\u0131\u011f\u0131na inanmak istiyorum. Ama \u00e7evrelerinde korumalar\u0131n bulunmas\u0131n\u0131 isteyenlerin sadece despotlar oldu\u011funu ve bizim despotlarla bir tutulacak insanlar olmad\u0131\u011f\u0131m\u0131z\u0131 da vurgulamam gerek.\u201d Georges COUTHON. \u201c\u015eunu bilelim ki, e\u011fer y\u0131k\u0131m m\u0131zraklarla ger\u00e7ekle\u015ftirilebiliyorsa, toplumsal yap\u0131 da ancak akl\u0131n ve dehan\u0131n pergeliyle in\u015fa edilip y\u00fckseltilebilir.\u201d &#8211;Georges Jacques DANTON.  \u201cE\u011fitimin \u00e7e\u015fitli avantajlar\u0131 Cumhuriyet\u2019in e\u015fit yurtta\u015flar\u0131n\u0131n aras\u0131nda hepsini kapsayacak \u015fekilde da\u011f\u0131t\u0131lmal\u0131d\u0131r. \u00c7\u00fcnk\u00fc ne denirse densin, bu avantajlara ili\u015fkin k\u00fc\u00e7\u00fck de\u011fi\u015fikliklerin bulunmas\u0131 bile, insanlar aras\u0131nda say\u0131s\u0131z farkl\u0131l\u0131klar\u0131n do\u011fmas\u0131na ve \u00e7ok kat\u0131 e\u015fitsizliklerin olu\u015fmas\u0131na yol a\u00e7ar.\u201d &#8212;Louis Michel LEPELET\u0130ER.   \u201cBir devlette herkes \u00f6zg\u00fcrl\u00fc\u011f\u00fc tutkular\u0131n\u0131 ve para h\u0131rs\u0131n\u0131 serbest\u00e7e tatmin etmek olarak alg\u0131lad\u0131\u011f\u0131nda, yurtta\u015flar aras\u0131nda sahiplenme zihniyeti ve bencillik h\u00fck\u00fcm s\u00fcrmeye ba\u015flar. Her ki\u015finin \u00f6zg\u00fcrl\u00fc\u011fe ki\u015fisel \u00e7\u0131karlar\u0131 do\u011frultusunda bir anlam y\u00fcklemesi de, sonu\u00e7ta herkesin k\u00f6leli\u011fine yol a\u00e7ar.\u201d&#8211;Louis Antoine SA\u0130NT-JUST.<\/p>\n","protected":false},"excerpt":{"rendered":"<p>Frans\u0131z Devrimi&#8217;nde \u00f6ne \u00e7\u0131kan temel kavramlar\u0131, devrimde yer alan akt\u00f6rleri ve onlar\u0131n devrim s\u00fcrecindeki siyasi fikirlerini b\u00fct\u00fcn y\u00f6nleriyle ele alan bu eser devrime y\u00f6n veren ki\u015filerin<span class=\"excerpt-hellip\"> [\u2026]<\/span><\/p>\n","protected":false},"featured_media":0,"template":"","meta":{"_monsterinsights_skip_tracking":false,"_monsterinsights_sitenote_active":false,"_monsterinsights_sitenote_note":"","_monsterinsights_sitenote_category":0},"product_brand":[],"product_cat":[12370,12304],"product_tag":[],"class_list":{"0":"post-729452","1":"product","2":"type-product","3":"status-publish","5":"product_cat-arastirma-inceleme","6":"product_cat-tarih","7":"pa_cilt-ciltsiz","8":"pa_tur-kitap","9":"pa_yayinevi-dipnot-yayinlari","10":"pa_yazar-mehmet-ali-agaogullari","12":"first","13":"instock","14":"sale","15":"shipping-taxable","16":"purchasable","17":"product-type-simple"},"_links":{"self":[{"href":"https:\/\/roveyayinevi.com.tr\/index.php\/wp-json\/wp\/v2\/product\/729452","targetHints":{"allow":["GET"]}}],"collection":[{"href":"https:\/\/roveyayinevi.com.tr\/index.php\/wp-json\/wp\/v2\/product"}],"about":[{"href":"https:\/\/roveyayinevi.com.tr\/index.php\/wp-json\/wp\/v2\/types\/product"}],"wp:attachment":[{"href":"https:\/\/roveyayinevi.com.tr\/index.php\/wp-json\/wp\/v2\/media?parent=729452"}],"wp:term":[{"taxonomy":"product_brand","embeddable":true,"href":"https:\/\/roveyayinevi.com.tr\/index.php\/wp-json\/wp\/v2\/product_brand?post=729452"},{"taxonomy":"product_cat","embeddable":true,"href":"https:\/\/roveyayinevi.com.tr\/index.php\/wp-json\/wp\/v2\/product_cat?post=729452"},{"taxonomy":"product_tag","embeddable":true,"href":"https:\/\/roveyayinevi.com.tr\/index.php\/wp-json\/wp\/v2\/product_tag?post=729452"}],"curies":[{"name":"wp","href":"https:\/\/api.w.org\/{rel}","templated":true}]}}