{"id":729450,"date":"2025-08-27T20:56:14","date_gmt":"2025-08-27T17:56:14","guid":{"rendered":"https:\/\/roveyayinevi.com.tr\/index.php\/urun\/surmeli-kedinin-arayisi\/"},"modified":"2026-04-16T02:37:10","modified_gmt":"2026-04-15T23:37:10","slug":"surmeli-kedinin-arayisi","status":"publish","type":"product","link":"https:\/\/roveyayinevi.com.tr\/index.php\/urun\/surmeli-kedinin-arayisi\/","title":{"rendered":"S\u00fcrmeli Kedi&#8217;nin Aray\u0131\u015f\u0131"},"content":{"rendered":"<p>G\u00f6n\u00fcllere \u015fifa veren modern zaman masallar\u0131&#8230;R\u00fczg\u00e2r\u0131n kula\u011f\u0131na f\u0131s\u0131ldad\u0131klar\u0131n\u0131 t\u0131ls\u0131ml\u0131 s\u00f6zc\u00fcklerle bulu\u015fturan hik\u00e2ye anlat\u0131c\u0131s\u0131, yazar Beyza Aky\u00fcz&#8217;\u00fcn kaleme ald\u0131\u011f\u0131 S\u00fcrmeli Kedi&#8217;nin Aray\u0131\u015f\u0131, d\u00fcn\u00fc yar\u0131na ba\u011flayan efsunlu zamanlarda ge\u00e7en, ya\u015fs\u0131z bir masal kitab\u0131.  Kalpleri g\u00f6r\u00fcnmez iplerle birbirine d\u00fc\u011f\u00fcmleyen on iki masala yer veren eser, ustas\u0131n\u0131n kisvesine b\u00fcr\u00fcn\u00fcp onun izinden y\u00fcr\u00fcyen has bir dinleyicinin, kendi benli\u011fini aray\u0131\u015f ser\u00fcvenini sayfalar\u0131na ta\u015f\u0131yor. Ya\u015fanm\u0131\u015f ger\u00e7ek olaylar\u0131, belle\u011finden dam\u0131tarak daha \u00f6nce hi\u00e7 s\u00f6ylenmemi\u015f s\u00f6zlere, anlat\u0131larla d\u00f6n\u00fc\u015ft\u00fcren Aky\u00fcz; ge\u00e7mi\u015ften omuzlad\u0131\u011f\u0131 s\u00f6zl\u00fc gelene\u011fi incelikli bir \u00fcslupla gelece\u011fe ta\u015f\u0131yor, k\u0131ssadan hisseler e\u015fli\u011finde, ruh sa\u011falt\u0131c\u0131 masallara imza at\u0131yor.  Vakti zaman\u0131nda, \u00fclkenin birinde, nam\u0131 diyarlar\u0131 a\u015fan bir anlat\u0131c\u0131 ya\u015far. Ancak ne hikmetse, anlat\u0131c\u0131 bir g\u00fcn s\u0131rra kadem basar. Kimseler izini bulamaz. Bir s\u00fcre sonra da unutulur gider&#8230; Oysa onu g\u00f6nl\u00fcnden hi\u00e7 \u00e7\u0131karmayan ve tekrar kavu\u015fmak i\u00e7in her \u015feyi g\u00f6ze alan sad\u0131k bir dostu vard\u0131r: kedisi S\u00fcrmeli. \u015eehrin ak\u0131ll\u0131s\u0131 \u0130plik Hatun, kediye bir anlat\u0131c\u0131 kaftan\u0131 diker, t\u0131ls\u0131ml\u0131 s\u00f6zlerini de kuma\u015fa \u00fcfler. Yollara d\u00fc\u015fen S\u00fcrmeli Kedi, ustas\u0131ndan miras kalan masallar\u0131 ay\u0131n d\u00f6ng\u00fcs\u00fcne g\u00f6re anlatmaya koyulur. Kulaklar\u0131 g\u00fczel s\u00f6zlerle suland\u0131\u011f\u0131 i\u00e7in kalpleri ye\u015ferenler; akasya a\u011fac\u0131n\u0131n o enfes kokusunu i\u00e7ine \u00e7ekebilmek u\u011fruna ka\u015f\u0131nd\u0131ran pireleri ba\u015f tac\u0131 etmeye raz\u0131 gelenler; kap\u0131s\u0131n\u0131 kim \u00e7alarsa \u00e7als\u0131n, herkesi g\u00fcl\u00fcmseyerek i\u00e7eri buyur edenler&#8230; Masallar\u0131n bin kap\u0131 aralad\u0131\u011f\u0131 bu yolculukta, S\u00fcrmeli Kedi de Yeni Ay&#8217;\u0131n Dolunay&#8217;a kavu\u015fmas\u0131 gibi, kendi hik\u00e2yesini tamamlayacak ve benli\u011fine kavu\u015facakt\u0131r.   S\u00f6z\u00fcn sahibini bulman\u0131n en iyi yolunun s\u00f6z\u00fcn izini takip etmekten ge\u00e7ti\u011fini hat\u0131rlatan S\u00fcrmeli Kedi&#8217;nin Aray\u0131\u015f\u0131, insan\u0131n \u00f6z\u00fcne dair iyisiyle k\u00f6t\u00fcs\u00fcyle ete\u011findeki b\u00fct\u00fcn ta\u015flar\u0131 d\u00f6k\u00fcyor; Z\u00fclal \u00d6zt\u00fcrk&#8217;\u00fcn lirik resimleriyle b\u00fct\u00fcnlenip farkl\u0131 insanl\u0131k h\u00e2llerine ayna tutuyor.    Hik\u00e2ye anlatman\u0131n ger\u00e7ekte bir s\u0131r payla\u015fmaya e\u015fde\u011fer oldu\u011funu ifade eden Beyza Aky\u00fcz, \u201c\u015fifahen\u201d anlatt\u0131klar\u0131na kulak kesilenlerin bu s\u0131rra sahip \u00e7\u0131kmalar\u0131n\u0131, onun k\u0131ymetini iyi bilip umutla gelece\u011fe ta\u015f\u0131malar\u0131n\u0131 sal\u0131k veriyor.<\/p>\n","protected":false},"excerpt":{"rendered":"<p>G\u00f6n\u00fcllere \u015fifa veren modern zaman masallar\u0131&#8230;R\u00fczg\u00e2r\u0131n kula\u011f\u0131na f\u0131s\u0131ldad\u0131klar\u0131n\u0131 t\u0131ls\u0131ml\u0131 s\u00f6zc\u00fcklerle bulu\u015fturan hik\u00e2ye anlat\u0131c\u0131s\u0131, yazar Beyza Aky\u00fcz&#8217;\u00fcn kaleme ald\u0131\u011f\u0131 S\u00fcrmeli Kedi&#8217;nin Aray\u0131\u015f\u0131, d\u00fcn\u00fc yar\u0131na ba\u011flayan efsunlu zamanlarda<span class=\"excerpt-hellip\"> [\u2026]<\/span><\/p>\n","protected":false},"featured_media":0,"template":"","meta":{"_monsterinsights_skip_tracking":false,"_monsterinsights_sitenote_active":false,"_monsterinsights_sitenote_note":"","_monsterinsights_sitenote_category":0},"product_brand":[],"product_cat":[12275,12274],"product_tag":[],"class_list":{"0":"post-729450","1":"product","2":"type-product","3":"status-publish","5":"product_cat-6-12-yas-kitaplari","6":"product_cat-cocuk-ve-genclik-kitaplari","7":"pa_cilt-ciltsiz","8":"pa_tur-kitap","9":"pa_yayinevi-tudem-yayinlari","10":"pa_yazar-beyza-akyuz","12":"first","13":"instock","14":"sale","15":"shipping-taxable","16":"purchasable","17":"product-type-simple"},"_links":{"self":[{"href":"https:\/\/roveyayinevi.com.tr\/index.php\/wp-json\/wp\/v2\/product\/729450","targetHints":{"allow":["GET"]}}],"collection":[{"href":"https:\/\/roveyayinevi.com.tr\/index.php\/wp-json\/wp\/v2\/product"}],"about":[{"href":"https:\/\/roveyayinevi.com.tr\/index.php\/wp-json\/wp\/v2\/types\/product"}],"wp:attachment":[{"href":"https:\/\/roveyayinevi.com.tr\/index.php\/wp-json\/wp\/v2\/media?parent=729450"}],"wp:term":[{"taxonomy":"product_brand","embeddable":true,"href":"https:\/\/roveyayinevi.com.tr\/index.php\/wp-json\/wp\/v2\/product_brand?post=729450"},{"taxonomy":"product_cat","embeddable":true,"href":"https:\/\/roveyayinevi.com.tr\/index.php\/wp-json\/wp\/v2\/product_cat?post=729450"},{"taxonomy":"product_tag","embeddable":true,"href":"https:\/\/roveyayinevi.com.tr\/index.php\/wp-json\/wp\/v2\/product_tag?post=729450"}],"curies":[{"name":"wp","href":"https:\/\/api.w.org\/{rel}","templated":true}]}}