{"id":729449,"date":"2025-08-27T20:56:13","date_gmt":"2025-08-27T17:56:13","guid":{"rendered":"https:\/\/roveyayinevi.com.tr\/index.php\/urun\/savci-bey\/"},"modified":"2026-04-16T02:37:10","modified_gmt":"2026-04-15T23:37:10","slug":"savci-bey","status":"publish","type":"product","link":"https:\/\/roveyayinevi.com.tr\/index.php\/urun\/savci-bey\/","title":{"rendered":"Savc\u0131 Bey"},"content":{"rendered":"<p>\u201cKozano\u011flu&#8230; Tarihi sevdiren adam&#8230;\u201d \u23bc\u00d6mer T\u00fcrke\u015f \u201cOnur, gurur ve sadakat ki\u015fili\u011fimin temelleri ise, bunu Abdullah Ziya\u2019ya, Nihal Ats\u0131z\u2019a, Alexandre Dumas\u2019ya ve Michel Zevaco\u2019ya bor\u00e7luyum&#8230;\u201d \u23bcH\u0131ncal Ulu\u00e7 \u201cAmac\u0131m, T\u00fcrk insan\u0131n\u0131n, kendisine g\u00fcvenmesini, atalar\u0131yla \u00f6v\u00fcnmesini, kendisini ba\u015far\u0131c\u0131 g\u00f6rmesini sa\u011flamakt\u0131r.\u201d \u23bcA.Z. Kozano\u011flu Abdullah Ziya Kozano\u011flu cumhuriyetimizin ilk y\u0131llar\u0131nda kaleme ald\u0131\u011f\u0131 tarih\u00ee romanlarla T\u00fcrk insan\u0131nda mill\u00ee bir bilincin olu\u015fmas\u0131n\u0131 sa\u011flam\u0131\u015f, bunu yaparken gelecek ku\u015faklara g\u00f6sterilebilecek rol modellerini -ger\u00e7eklikten uzak ithal kahramanlar yerine- her biri g\u00f6rkemli tarihimizin i\u00e7inde par\u0131ldayan kahramanlardan se\u00e7mi\u015ftir. Tarih\u00ee ger\u00e7eklerle kurmacay\u0131 ustal\u0131kla harmanlayan Kozano\u011flu, eserleriyle d\u00f6neminde en \u00e7ok okunan yazarlardan biri olmu\u015f ayr\u0131ca sinemam\u0131z\u0131 da derinden etkileyerek T\u00fcrk tarihinin ayd\u0131nl\u0131k y\u00fcz\u00fcn\u00fcn daha geni\u015f kitlelere ta\u015f\u0131nmas\u0131n\u0131 ba\u015farm\u0131\u015ft\u0131r. Kozano\u011flu, Savc\u0131 Bey\u2019de a\u015fk\u0131n, dostlu\u011fun ve taht kavgalar\u0131n\u0131n g\u00f6lgesinde ya\u015fayan bir Osmanl\u0131 \u015fehzadesinin s\u0131ra d\u0131\u015f\u0131 hayat\u0131n\u0131 ele al\u0131yor. Murad H\u00fcdavendig\u00e2r\u2019\u0131n o\u011fullar\u0131 aras\u0131ndaki \u00e7eki\u015fmeyi ve Bizans &#8211; Osmanl\u0131 ili\u015fkisini mercek alt\u0131nda tutan Kozano\u011flu, bu sert tarihsel ger\u00e7ekli\u011fin i\u00e7inde bile en insani duygular\u0131 ustal\u0131kla eriterek y\u00fcreklere dokunabiliyor. \u201c&#8230;Sen T\u00fcrk beyisin, b\u00fcy\u00fcks\u00fcn. Bu y\u00fcksek b\u00fcy\u00fckl\u00fc\u011f\u00fcn ceza vermekle de\u011fil, affetmekle belli olur. Affet Murad Bey! T\u00fcrklere senin gibi bir ba\u015f kazand\u0131r. Savc\u0131 ki senin o\u011flundur, en a\u015fa\u011f\u0131 senin kadar de\u011ferlidir. T\u00fcrk milletinden ancak bir bat\u0131nda iki Murad \u00e7\u0131kar. Biri sende ya\u015f\u0131yor, ikinciyi sen \u00f6ld\u00fcrme!..\u201d <\/p>\n","protected":false},"excerpt":{"rendered":"<p>\u201cKozano\u011flu&#8230; Tarihi sevdiren adam&#8230;\u201d \u23bc\u00d6mer T\u00fcrke\u015f \u201cOnur, gurur ve sadakat ki\u015fili\u011fimin temelleri ise, bunu Abdullah Ziya\u2019ya, Nihal Ats\u0131z\u2019a, Alexandre Dumas\u2019ya ve Michel Zevaco\u2019ya bor\u00e7luyum&#8230;\u201d \u23bcH\u0131ncal Ulu\u00e7<span class=\"excerpt-hellip\"> [\u2026]<\/span><\/p>\n","protected":false},"featured_media":0,"template":"","meta":{"_monsterinsights_skip_tracking":false,"_monsterinsights_sitenote_active":false,"_monsterinsights_sitenote_note":"","_monsterinsights_sitenote_category":0},"product_brand":[],"product_cat":[12291,12745],"product_tag":[],"class_list":{"0":"post-729449","1":"product","2":"type-product","3":"status-publish","5":"product_cat-edebiyat","6":"product_cat-tarihi-roman","7":"pa_cilt-ciltsiz","8":"pa_tur-kitap","9":"pa_yayinevi-bilge-kultur-sanat","10":"pa_yazar-abdullah-ziya-kozanoglu","12":"first","13":"instock","14":"sale","15":"shipping-taxable","16":"purchasable","17":"product-type-simple"},"_links":{"self":[{"href":"https:\/\/roveyayinevi.com.tr\/index.php\/wp-json\/wp\/v2\/product\/729449","targetHints":{"allow":["GET"]}}],"collection":[{"href":"https:\/\/roveyayinevi.com.tr\/index.php\/wp-json\/wp\/v2\/product"}],"about":[{"href":"https:\/\/roveyayinevi.com.tr\/index.php\/wp-json\/wp\/v2\/types\/product"}],"wp:attachment":[{"href":"https:\/\/roveyayinevi.com.tr\/index.php\/wp-json\/wp\/v2\/media?parent=729449"}],"wp:term":[{"taxonomy":"product_brand","embeddable":true,"href":"https:\/\/roveyayinevi.com.tr\/index.php\/wp-json\/wp\/v2\/product_brand?post=729449"},{"taxonomy":"product_cat","embeddable":true,"href":"https:\/\/roveyayinevi.com.tr\/index.php\/wp-json\/wp\/v2\/product_cat?post=729449"},{"taxonomy":"product_tag","embeddable":true,"href":"https:\/\/roveyayinevi.com.tr\/index.php\/wp-json\/wp\/v2\/product_tag?post=729449"}],"curies":[{"name":"wp","href":"https:\/\/api.w.org\/{rel}","templated":true}]}}