{"id":729448,"date":"2025-08-27T20:56:12","date_gmt":"2025-08-27T17:56:12","guid":{"rendered":"https:\/\/roveyayinevi.com.tr\/index.php\/urun\/sari-benizli-adam\/"},"modified":"2026-04-16T02:37:10","modified_gmt":"2026-04-15T23:37:10","slug":"sari-benizli-adam","status":"publish","type":"product","link":"https:\/\/roveyayinevi.com.tr\/index.php\/urun\/sari-benizli-adam\/","title":{"rendered":"Sar\u0131 Benizli Adam"},"content":{"rendered":"<p>Kozano\u011flu&#8230; Tarihi sevdiren adam&#8230;\u201d \u23bc\u00d6mer T\u00fcrke\u015f \u201cOnur, gurur ve sadakat ki\u015fili\u011fimin temelleri ise, bunu Abdullah Ziya\u2019ya, Nihal Ats\u0131z\u2019a, Alexandre Dumas\u2019ya ve Michel Zevaco\u2019ya bor\u00e7luyum&#8230;\u201d \u23bcH\u0131ncal Ulu\u00e7 \u201cAmac\u0131m, T\u00fcrk insan\u0131n\u0131n, kendisine g\u00fcvenmesini, atalar\u0131yla \u00f6v\u00fcnmesini, kendisini ba\u015far\u0131c\u0131 g\u00f6rmesini sa\u011flamakt\u0131r.\u201d \u23bcA.Z. Kozano\u011flu   Abdullah Ziya Kozano\u011flu cumhuriyetimizin ilk y\u0131llar\u0131nda kaleme ald\u0131\u011f\u0131 tarih\u00ee romanlarla T\u00fcrk insan\u0131nda mill\u00ee bir bilincin olu\u015fmas\u0131n\u0131 sa\u011flam\u0131\u015f, bunu yaparken gelecek ku\u015faklara g\u00f6sterilebilecek rol modellerini -ger\u00e7eklikten uzak ithal kahramanlar yerine- her biri g\u00f6rkemli tarihimizin i\u00e7inde par\u0131ldayan kahramanlardan se\u00e7mi\u015ftir. Tarih\u00ee ger\u00e7eklerle kurmacay\u0131 ustal\u0131kla harmanlayan Kozano\u011flu, eserleriyle d\u00f6neminde en \u00e7ok okunan yazarlardan biri olmu\u015f ayr\u0131ca sinemam\u0131z\u0131 da derinden etkileyerek T\u00fcrk tarihinin ayd\u0131nl\u0131k y\u00fcz\u00fcn\u00fcn daha geni\u015f kitlelere ta\u015f\u0131nmas\u0131n\u0131 ba\u015farm\u0131\u015ft\u0131r. Kozano\u011flu, Sar\u0131 Benizli Adam\u2019da Osmanl\u0131 \u0130mparatorlu\u011fu\u2019nun Fetret D\u00f6nemi\u2019ne yak\u0131ndan bak\u0131yor. Ankara Sava\u015f\u0131 sonras\u0131 lidersiz kalan Osmanl\u0131 i\u00e7erisindeki taht kavgalar\u0131na e\u011filen usta yazar, Timur\u2019un elinden ka\u00e7an \u015eehzade Mustafa \u00fczerinden tarihin en karanl\u0131k d\u00f6nemlerinden birisini ayd\u0131nlat\u0131yor. \u201c&#8230;ben oyuncak olamam. Ben Limni Adas\u0131\u2019nda \u00e7ift\u00e7i olamam. Ben padi\u015fah olmak i\u00e7in do\u011fdum. Padi\u015fah olaca\u011f\u0131m, emirlerime kar\u015f\u0131 koyma! Bir Sar\u0131 Yani de\u011fil, bir T\u00fcrk sultan\u0131 kar\u015f\u0131s\u0131nda oldu\u011funu da unutma!&#8230;\u201d <\/p>\n","protected":false},"excerpt":{"rendered":"<p>Kozano\u011flu&#8230; Tarihi sevdiren adam&#8230;\u201d \u23bc\u00d6mer T\u00fcrke\u015f \u201cOnur, gurur ve sadakat ki\u015fili\u011fimin temelleri ise, bunu Abdullah Ziya\u2019ya, Nihal Ats\u0131z\u2019a, Alexandre Dumas\u2019ya ve Michel Zevaco\u2019ya bor\u00e7luyum&#8230;\u201d \u23bcH\u0131ncal Ulu\u00e7<span class=\"excerpt-hellip\"> [\u2026]<\/span><\/p>\n","protected":false},"featured_media":0,"template":"","meta":{"_monsterinsights_skip_tracking":false,"_monsterinsights_sitenote_active":false,"_monsterinsights_sitenote_note":"","_monsterinsights_sitenote_category":0},"product_brand":[],"product_cat":[12291,12745],"product_tag":[],"class_list":{"0":"post-729448","1":"product","2":"type-product","3":"status-publish","5":"product_cat-edebiyat","6":"product_cat-tarihi-roman","7":"pa_cilt-ciltsiz","8":"pa_tur-kitap","9":"pa_yayinevi-bilge-kultur-sanat","10":"pa_yazar-abdullah-ziya-kozanoglu","12":"first","13":"instock","14":"sale","15":"shipping-taxable","16":"purchasable","17":"product-type-simple"},"_links":{"self":[{"href":"https:\/\/roveyayinevi.com.tr\/index.php\/wp-json\/wp\/v2\/product\/729448","targetHints":{"allow":["GET"]}}],"collection":[{"href":"https:\/\/roveyayinevi.com.tr\/index.php\/wp-json\/wp\/v2\/product"}],"about":[{"href":"https:\/\/roveyayinevi.com.tr\/index.php\/wp-json\/wp\/v2\/types\/product"}],"wp:attachment":[{"href":"https:\/\/roveyayinevi.com.tr\/index.php\/wp-json\/wp\/v2\/media?parent=729448"}],"wp:term":[{"taxonomy":"product_brand","embeddable":true,"href":"https:\/\/roveyayinevi.com.tr\/index.php\/wp-json\/wp\/v2\/product_brand?post=729448"},{"taxonomy":"product_cat","embeddable":true,"href":"https:\/\/roveyayinevi.com.tr\/index.php\/wp-json\/wp\/v2\/product_cat?post=729448"},{"taxonomy":"product_tag","embeddable":true,"href":"https:\/\/roveyayinevi.com.tr\/index.php\/wp-json\/wp\/v2\/product_tag?post=729448"}],"curies":[{"name":"wp","href":"https:\/\/api.w.org\/{rel}","templated":true}]}}