{"id":729447,"date":"2025-08-27T20:56:11","date_gmt":"2025-08-27T17:56:11","guid":{"rendered":"https:\/\/roveyayinevi.com.tr\/index.php\/urun\/turk-korsanlari\/"},"modified":"2026-04-16T02:37:10","modified_gmt":"2026-04-15T23:37:10","slug":"turk-korsanlari","status":"publish","type":"product","link":"https:\/\/roveyayinevi.com.tr\/index.php\/urun\/turk-korsanlari\/","title":{"rendered":"T\u00fcrk Korsanlar\u0131"},"content":{"rendered":"<p>\u201cKozano\u011flu&#8230; Tarihi sevdiren adam&#8230;\u201d \u23bc\u00d6mer T\u00fcrke\u015f \u201cOnur, gurur ve sadakat ki\u015fili\u011fimin temelleri ise, bunu Abdullah Ziya\u2019ya, Nihal Ats\u0131z\u2019a, Alexandre Dumas\u2019ya ve Michel Zevaco\u2019ya bor\u00e7luyum&#8230;\u201d \u23bcH\u0131ncal Ulu\u00e7 \u201cAmac\u0131m, T\u00fcrk insan\u0131n\u0131n, kendisine g\u00fcvenmesini, atalar\u0131yla \u00f6v\u00fcnmesini, kendisini ba\u015far\u0131c\u0131 g\u00f6rmesini sa\u011flamakt\u0131r.\u201d \u23bcA.Z. Kozano\u011flu Abdullah Ziya Kozano\u011flu cumhuriyetimizin ilk y\u0131llar\u0131nda kaleme ald\u0131\u011f\u0131 tarih\u00ee romanlarla T\u00fcrk insan\u0131nda mill\u00ee bir bilincin olu\u015fmas\u0131n\u0131 sa\u011flam\u0131\u015f, bunu yaparken gelecek ku\u015faklara g\u00f6sterilebilecek rol modellerini -ger\u00e7eklikten uzak ithal kahramanlar yerine- her biri g\u00f6rkemli tarihimizin i\u00e7inde par\u0131ldayan kahramanlardan se\u00e7mi\u015ftir. Tarih\u00ee ger\u00e7eklerle kurmacay\u0131 ustal\u0131kla harmanlayan Kozano\u011flu, eserleriyle d\u00f6neminde en \u00e7ok okunan yazarlardan biri olmu\u015f ayr\u0131ca sinemam\u0131z\u0131 da derinden etkileyerek T\u00fcrk tarihinin ayd\u0131nl\u0131k y\u00fcz\u00fcn\u00fcn daha geni\u015f kitlelere ta\u015f\u0131nmas\u0131n\u0131 ba\u015farm\u0131\u015ft\u0131r. Kozano\u011flu bu defa okurunu denizcilik tarihimizin en g\u00fc\u00e7l\u00fc isimleriyle tan\u0131\u015ft\u0131r\u0131yor. H\u0131z\u0131r, Oru\u00e7 ve Turgut Reis gibi tarihin g\u00f6rd\u00fc\u011f\u00fc en b\u00fcy\u00fck denizcileri ve onlar\u0131n t\u00fcm Avrupa\u2019y\u0131 nas\u0131l kas\u0131p kavurduklar\u0131n\u0131 kendine has \u00fcslubuyla anlatan usta yazar, tarihsel bir ger\u00e7eklik \u00fczerine in\u015fa etti\u011fi eserinde saraydaki iktidar \u00e7at\u0131\u015fmalar\u0131ndan denizlere kanla yaz\u0131lm\u0131\u015f b\u00fcy\u00fck zaferlerin perde arkas\u0131na uzanan kahramanl\u0131k, cesaret, dostluk ve entrika dolu bir yolculu\u011fa rehberlik ediyor. \u201cFakat H\u0131z\u0131r Reis, haberi i\u015fitir i\u015fitmez donmu\u015f kalm\u0131\u015ft\u0131. G\u00f6zleri ya\u015farmad\u0131. Yaln\u0131z ka\u015flar\u0131n\u0131n ve k\u0131z\u0131l sakallar\u0131n\u0131n r\u00fczg\u00e2ra tutulmu\u015f \u00e7\u0131nar yapraklar\u0131 gibi titredi\u011fi g\u00f6r\u00fcl\u00fcyordu. Yumruklar\u0131n\u0131 s\u0131kt\u0131, yaral\u0131 bir aslan gibi k\u00fckredi. Oday\u0131 titretti. H\u0131z\u0131r Reis ant i\u00e7iyordu: \u2013 Ah! B\u00fct\u00fcn Frengistan\u2019\u0131 k\u0131l\u0131\u00e7tan ge\u00e7irsem, b\u00fct\u00fcn diy\u00e2r-\u0131 k\u00fcfr\u00fc yak\u0131p y\u0131ksam gene onlar\u0131n kahpecesine \u015fehit ettikleri karde\u015flerimin, yolda\u015flar\u0131m\u0131n \u00f6c\u00fcn\u00fc alamam! \u00d6c\u00fcm\u00fc almak, akacak kana doymamak; bu, benim art\u0131k tek \u00f6devim oldu&#8230;\u201d <\/p>\n","protected":false},"excerpt":{"rendered":"<p>\u201cKozano\u011flu&#8230; Tarihi sevdiren adam&#8230;\u201d \u23bc\u00d6mer T\u00fcrke\u015f \u201cOnur, gurur ve sadakat ki\u015fili\u011fimin temelleri ise, bunu Abdullah Ziya\u2019ya, Nihal Ats\u0131z\u2019a, Alexandre Dumas\u2019ya ve Michel Zevaco\u2019ya bor\u00e7luyum&#8230;\u201d \u23bcH\u0131ncal Ulu\u00e7<span class=\"excerpt-hellip\"> [\u2026]<\/span><\/p>\n","protected":false},"featured_media":0,"template":"","meta":{"_monsterinsights_skip_tracking":false,"_monsterinsights_sitenote_active":false,"_monsterinsights_sitenote_note":"","_monsterinsights_sitenote_category":0},"product_brand":[],"product_cat":[12291,12745],"product_tag":[],"class_list":{"0":"post-729447","1":"product","2":"type-product","3":"status-publish","5":"product_cat-edebiyat","6":"product_cat-tarihi-roman","7":"pa_cilt-ciltsiz","8":"pa_tur-kitap","9":"pa_yayinevi-bilge-kultur-sanat","10":"pa_yazar-abdullah-ziya-kozanoglu","12":"first","13":"instock","14":"sale","15":"shipping-taxable","16":"purchasable","17":"product-type-simple"},"_links":{"self":[{"href":"https:\/\/roveyayinevi.com.tr\/index.php\/wp-json\/wp\/v2\/product\/729447","targetHints":{"allow":["GET"]}}],"collection":[{"href":"https:\/\/roveyayinevi.com.tr\/index.php\/wp-json\/wp\/v2\/product"}],"about":[{"href":"https:\/\/roveyayinevi.com.tr\/index.php\/wp-json\/wp\/v2\/types\/product"}],"wp:attachment":[{"href":"https:\/\/roveyayinevi.com.tr\/index.php\/wp-json\/wp\/v2\/media?parent=729447"}],"wp:term":[{"taxonomy":"product_brand","embeddable":true,"href":"https:\/\/roveyayinevi.com.tr\/index.php\/wp-json\/wp\/v2\/product_brand?post=729447"},{"taxonomy":"product_cat","embeddable":true,"href":"https:\/\/roveyayinevi.com.tr\/index.php\/wp-json\/wp\/v2\/product_cat?post=729447"},{"taxonomy":"product_tag","embeddable":true,"href":"https:\/\/roveyayinevi.com.tr\/index.php\/wp-json\/wp\/v2\/product_tag?post=729447"}],"curies":[{"name":"wp","href":"https:\/\/api.w.org\/{rel}","templated":true}]}}