{"id":729446,"date":"2025-08-27T20:56:10","date_gmt":"2025-08-27T17:56:10","guid":{"rendered":"https:\/\/roveyayinevi.com.tr\/index.php\/urun\/belirtisiz-kadin-tamlamasi\/"},"modified":"2026-04-12T02:44:24","modified_gmt":"2026-04-11T23:44:24","slug":"belirtisiz-kadin-tamlamasi","status":"publish","type":"product","link":"https:\/\/roveyayinevi.com.tr\/index.php\/urun\/belirtisiz-kadin-tamlamasi\/","title":{"rendered":"Belirtisiz Kad\u0131n Tamlamas\u0131"},"content":{"rendered":"<p>Belirtisiz kad\u0131n tamlamas\u0131s\u0131n art\u0131k her \u015feyden \u00f6nce sen;s\u00f6yler misin, bu a\u015fktaki anlat\u0131m bozuklu\u011fu muyum ben?#tolgakaya\u015fiirleri<\/p>\n","protected":false},"excerpt":{"rendered":"<p>Belirtisiz kad\u0131n tamlamas\u0131s\u0131n art\u0131k her \u015feyden \u00f6nce sen;s\u00f6yler misin, bu a\u015fktaki anlat\u0131m bozuklu\u011fu muyum ben?#tolgakaya\u015fiirleri<\/p>\n","protected":false},"featured_media":0,"template":"","meta":{"_monsterinsights_skip_tracking":false,"_monsterinsights_sitenote_active":false,"_monsterinsights_sitenote_note":"","_monsterinsights_sitenote_category":0},"product_brand":[],"product_cat":[12291,12509],"product_tag":[],"class_list":{"0":"post-729446","1":"product","2":"type-product","3":"status-publish","5":"product_cat-edebiyat","6":"product_cat-siir","7":"pa_cilt-ciltsiz","8":"pa_tur-kitap","9":"pa_yayinevi-beste-yayinlari","10":"pa_yazar-tolga-kaya","12":"first","13":"instock","14":"sale","15":"shipping-taxable","16":"purchasable","17":"product-type-simple"},"_links":{"self":[{"href":"https:\/\/roveyayinevi.com.tr\/index.php\/wp-json\/wp\/v2\/product\/729446","targetHints":{"allow":["GET"]}}],"collection":[{"href":"https:\/\/roveyayinevi.com.tr\/index.php\/wp-json\/wp\/v2\/product"}],"about":[{"href":"https:\/\/roveyayinevi.com.tr\/index.php\/wp-json\/wp\/v2\/types\/product"}],"wp:attachment":[{"href":"https:\/\/roveyayinevi.com.tr\/index.php\/wp-json\/wp\/v2\/media?parent=729446"}],"wp:term":[{"taxonomy":"product_brand","embeddable":true,"href":"https:\/\/roveyayinevi.com.tr\/index.php\/wp-json\/wp\/v2\/product_brand?post=729446"},{"taxonomy":"product_cat","embeddable":true,"href":"https:\/\/roveyayinevi.com.tr\/index.php\/wp-json\/wp\/v2\/product_cat?post=729446"},{"taxonomy":"product_tag","embeddable":true,"href":"https:\/\/roveyayinevi.com.tr\/index.php\/wp-json\/wp\/v2\/product_tag?post=729446"}],"curies":[{"name":"wp","href":"https:\/\/api.w.org\/{rel}","templated":true}]}}