{"id":729445,"date":"2025-08-27T20:56:09","date_gmt":"2025-08-27T17:56:09","guid":{"rendered":"https:\/\/roveyayinevi.com.tr\/index.php\/urun\/eczanede-profesyonel-ve-tamamlayici-satis-yonetimi\/"},"modified":"2026-04-16T02:37:10","modified_gmt":"2026-04-15T23:37:10","slug":"eczanede-profesyonel-ve-tamamlayici-satis-yonetimi","status":"publish","type":"product","link":"https:\/\/roveyayinevi.com.tr\/index.php\/urun\/eczanede-profesyonel-ve-tamamlayici-satis-yonetimi\/","title":{"rendered":"Eczanede Profesyonel ve Tamamlay\u0131c\u0131 Sat\u0131\u015f Y\u00f6netimi"},"content":{"rendered":"<p>On y\u0131ldan fazla zamand\u0131r eczane teknisyenlerine sat\u0131\u015f konular\u0131nda e\u011fitimler veriyorum, bug\u00fcne kadar e\u011fitim verdi\u011fim teknisyen say\u0131s\u0131 on bin ki\u015fiyi ge\u00e7ti ve pek \u00e7ok arkada\u015f\u0131mla da bire bir \u201csat\u0131\u015f s\u00fcre\u00e7 geli\u015fimi\u201d programlar\u0131 ger\u00e7ekle\u015ftiriyoruz. Biliyorum ki her biriniz bu s\u00fcreci profesyonelle\u015ftirmek, do\u011fru y\u00f6ntemleri ile \u00f6\u011frenmek istiyorsunuz. Bu kitapta sizlere bu konuda birka\u00e7 bilgiyi payla\u015fmaya \u00e7al\u0131\u015ft\u0131m. Bundan sonraki t\u00fcm kitaplarda da bu bilgileri derinle\u015ftirmeye devam edece\u011fiz. Faydalanabilece\u011finiz bir eser olmas\u0131 dileklerimle\u2026<\/p>\n","protected":false},"excerpt":{"rendered":"<p>On y\u0131ldan fazla zamand\u0131r eczane teknisyenlerine sat\u0131\u015f konular\u0131nda e\u011fitimler veriyorum, bug\u00fcne kadar e\u011fitim verdi\u011fim teknisyen say\u0131s\u0131 on bin ki\u015fiyi ge\u00e7ti ve pek \u00e7ok arkada\u015f\u0131mla da bire<span class=\"excerpt-hellip\"> [\u2026]<\/span><\/p>\n","protected":false},"featured_media":0,"template":"","meta":{"_monsterinsights_skip_tracking":false,"_monsterinsights_sitenote_active":false,"_monsterinsights_sitenote_note":"","_monsterinsights_sitenote_category":0},"product_brand":[],"product_cat":[13043,17492],"product_tag":[],"class_list":{"0":"post-729445","1":"product","2":"type-product","3":"status-publish","5":"product_cat-ekonomi","6":"product_cat-pazarlama-satis-reklam","7":"pa_cilt-ciltsiz","8":"pa_tur-kitap","9":"pa_yayinevi-kilit-yayinevi","10":"pa_yazar-faruk-nalbantoglu","12":"first","13":"instock","14":"sale","15":"shipping-taxable","16":"purchasable","17":"product-type-simple"},"_links":{"self":[{"href":"https:\/\/roveyayinevi.com.tr\/index.php\/wp-json\/wp\/v2\/product\/729445","targetHints":{"allow":["GET"]}}],"collection":[{"href":"https:\/\/roveyayinevi.com.tr\/index.php\/wp-json\/wp\/v2\/product"}],"about":[{"href":"https:\/\/roveyayinevi.com.tr\/index.php\/wp-json\/wp\/v2\/types\/product"}],"wp:attachment":[{"href":"https:\/\/roveyayinevi.com.tr\/index.php\/wp-json\/wp\/v2\/media?parent=729445"}],"wp:term":[{"taxonomy":"product_brand","embeddable":true,"href":"https:\/\/roveyayinevi.com.tr\/index.php\/wp-json\/wp\/v2\/product_brand?post=729445"},{"taxonomy":"product_cat","embeddable":true,"href":"https:\/\/roveyayinevi.com.tr\/index.php\/wp-json\/wp\/v2\/product_cat?post=729445"},{"taxonomy":"product_tag","embeddable":true,"href":"https:\/\/roveyayinevi.com.tr\/index.php\/wp-json\/wp\/v2\/product_tag?post=729445"}],"curies":[{"name":"wp","href":"https:\/\/api.w.org\/{rel}","templated":true}]}}