{"id":729442,"date":"2025-08-27T20:56:06","date_gmt":"2025-08-27T17:56:06","guid":{"rendered":"https:\/\/roveyayinevi.com.tr\/index.php\/urun\/sencivanoglu\/"},"modified":"2026-04-16T02:37:10","modified_gmt":"2026-04-15T23:37:10","slug":"sencivanoglu","status":"publish","type":"product","link":"https:\/\/roveyayinevi.com.tr\/index.php\/urun\/sencivanoglu\/","title":{"rendered":"Sencivano\u011flu"},"content":{"rendered":"<p>Kozano\u011flu&#8230; Tarihi sevdiren adam&#8230;\u201d \u23bc\u00d6mer T\u00fcrke\u015f \u201cOnur, gurur ve sadakat ki\u015fili\u011fimin temelleri ise, bunu Abdullah Ziya\u2019ya, Nihal Ats\u0131z\u2019a, Alexandre Dumas\u2019ya ve Michel Zevaco\u2019ya bor\u00e7luyum&#8230;\u201d \u23bcH\u0131ncal Ulu\u00e7 \u201cAmac\u0131m, T\u00fcrk insan\u0131n\u0131n, kendisine g\u00fcvenmesini, atalar\u0131yla \u00f6v\u00fcnmesini, kendisini ba\u015far\u0131c\u0131 g\u00f6rmesini sa\u011flamakt\u0131r.\u201d \u23bcA.Z. Kozano\u011flu Abdullah Ziya Kozano\u011flu cumhuriyetimizin ilk y\u0131llar\u0131nda kaleme ald\u0131\u011f\u0131 tarih\u00ee romanlarla T\u00fcrk insan\u0131nda mill\u00ee bir bilincin olu\u015fmas\u0131n\u0131 sa\u011flam\u0131\u015f, bunu yaparken gelecek ku\u015faklara g\u00f6sterilebilecek rol modellerini -ger\u00e7eklikten uzak ithal kahramanlar yerine- her biri g\u00f6rkemli tarihimizin i\u00e7inde par\u0131ldayan kahramanlardan se\u00e7mi\u015ftir. Tarih\u00ee ger\u00e7eklerle kurmacay\u0131 ustal\u0131kla harmanlayan Kozano\u011flu, eserleriyle d\u00f6neminde en \u00e7ok okunan yazarlardan biri olmu\u015f ayr\u0131ca sinemam\u0131z\u0131 da derinden etkileyerek T\u00fcrk tarihinin ayd\u0131nl\u0131k y\u00fcz\u00fcn\u00fcn daha geni\u015f kitlelere ta\u015f\u0131nmas\u0131n\u0131 ba\u015farm\u0131\u015ft\u0131r. Bu defa kalemini Akdeniz\u2019e bat\u0131ran Kozano\u011flu, \u00e7apk\u0131n, ak\u0131ll\u0131, cesur ve kuvvetli T\u00fcrk korsan\u0131 Sencivano\u011flu\u2019nun ustas\u0131 Piri Reis\u2019i kurtarmak i\u00e7in \u00e7\u0131kt\u0131\u011f\u0131 maceralar\u0131 anlat\u0131yor. Usta yazar, T\u00fcrk gemilerinin g\u00fcm\u00fc\u015ften bir makas gibi ikiye ay\u0131rd\u0131\u011f\u0131 denizlerden Afrika\u2019n\u0131n kavruk topraklar\u0131na, insan eti yiyen kabilelerden Avrupa\u2019n\u0131n en b\u00fcy\u00fck korsanlar\u0131na uzanan eserinde T\u00fcrk korsanlar\u0131n\u0131n tarihimiz i\u00e7erisindeki yeri ve \u00f6nemini de g\u00f6zler \u00f6n\u00fcne seriyor. \u201cBen Turgut Reis\u2019le Mehdiye\u2019de, H\u0131z\u0131r Reis Barbaros ile Preveze\u2019de, Ulu\u00e7 Ali Reis\u2019le Malta u\u011fra\u015f\u0131nda k\u00e2fir kad\u0131rgalar\u0131na pala elde girmi\u015f, dald\u0131\u011f\u0131m kad\u0131rgalarda canl\u0131 insan koymam\u0131\u015f bir korsan\u0131m. Sencivano\u011flu\u2019nun kavga naras\u0131n\u0131 duyup da \u00e7ak\u015f\u0131r\u0131n\u0131 kirletmeyen k\u00e2fir korsan duyulmam\u0131\u015ft\u0131r \u015fu kahpe d\u00fcnyada&#8230;\u201d <\/p>\n","protected":false},"excerpt":{"rendered":"<p>Kozano\u011flu&#8230; Tarihi sevdiren adam&#8230;\u201d \u23bc\u00d6mer T\u00fcrke\u015f \u201cOnur, gurur ve sadakat ki\u015fili\u011fimin temelleri ise, bunu Abdullah Ziya\u2019ya, Nihal Ats\u0131z\u2019a, Alexandre Dumas\u2019ya ve Michel Zevaco\u2019ya bor\u00e7luyum&#8230;\u201d \u23bcH\u0131ncal Ulu\u00e7<span class=\"excerpt-hellip\"> [\u2026]<\/span><\/p>\n","protected":false},"featured_media":0,"template":"","meta":{"_monsterinsights_skip_tracking":false,"_monsterinsights_sitenote_active":false,"_monsterinsights_sitenote_note":"","_monsterinsights_sitenote_category":0},"product_brand":[],"product_cat":[12291,12745],"product_tag":[],"class_list":{"0":"post-729442","1":"product","2":"type-product","3":"status-publish","5":"product_cat-edebiyat","6":"product_cat-tarihi-roman","7":"pa_cilt-ciltsiz","8":"pa_tur-kitap","9":"pa_yayinevi-bilge-kultur-sanat","10":"pa_yazar-abdullah-ziya-kozanoglu","12":"first","13":"instock","14":"sale","15":"shipping-taxable","16":"purchasable","17":"product-type-simple"},"_links":{"self":[{"href":"https:\/\/roveyayinevi.com.tr\/index.php\/wp-json\/wp\/v2\/product\/729442","targetHints":{"allow":["GET"]}}],"collection":[{"href":"https:\/\/roveyayinevi.com.tr\/index.php\/wp-json\/wp\/v2\/product"}],"about":[{"href":"https:\/\/roveyayinevi.com.tr\/index.php\/wp-json\/wp\/v2\/types\/product"}],"wp:attachment":[{"href":"https:\/\/roveyayinevi.com.tr\/index.php\/wp-json\/wp\/v2\/media?parent=729442"}],"wp:term":[{"taxonomy":"product_brand","embeddable":true,"href":"https:\/\/roveyayinevi.com.tr\/index.php\/wp-json\/wp\/v2\/product_brand?post=729442"},{"taxonomy":"product_cat","embeddable":true,"href":"https:\/\/roveyayinevi.com.tr\/index.php\/wp-json\/wp\/v2\/product_cat?post=729442"},{"taxonomy":"product_tag","embeddable":true,"href":"https:\/\/roveyayinevi.com.tr\/index.php\/wp-json\/wp\/v2\/product_tag?post=729442"}],"curies":[{"name":"wp","href":"https:\/\/api.w.org\/{rel}","templated":true}]}}