{"id":729439,"date":"2025-08-27T20:56:04","date_gmt":"2025-08-27T17:56:04","guid":{"rendered":"https:\/\/roveyayinevi.com.tr\/index.php\/urun\/tek-cocuklar-atlasi\/"},"modified":"2026-04-16T02:37:10","modified_gmt":"2026-04-15T23:37:10","slug":"tek-cocuklar-atlasi","status":"publish","type":"product","link":"https:\/\/roveyayinevi.com.tr\/index.php\/urun\/tek-cocuklar-atlasi\/","title":{"rendered":"Tek \u00c7ocuklar Atlas\u0131"},"content":{"rendered":"<p>2203 y\u0131l\u0131. Bizim d\u00fcnyam\u0131zda on iki ya\u015f\u0131na basan her \u00e7ocuk, b\u00fcy\u00fcme e\u015fi\u011fini ge\u00e7mek \u00fczere evden ayr\u0131l\u0131p, y\u00f6re karde\u015fleriyle uzaktaki bir yere g\u00f6nderilir.Yar\u0131n evden ayr\u0131l\u0131yoruz.Nereye gidece\u011fimizi, orada neler ya\u015fayaca\u011f\u0131m\u0131z\u0131 bilmiyoruz. Ailelerimiz ve bizden b\u00fcy\u00fckler hi\u00e7 bir \u015fey a\u00e7\u0131klam\u0131yorlar. \u00c7\u00fcnk\u00fc b\u00fcy\u00fcme e\u015fi\u011fini ge\u00e7mek, tutulmas\u0131 gereken bir s\u0131r.Hepimiz heyecan doluyuz!<\/p>\n","protected":false},"excerpt":{"rendered":"<p>2203 y\u0131l\u0131. Bizim d\u00fcnyam\u0131zda on iki ya\u015f\u0131na basan her \u00e7ocuk, b\u00fcy\u00fcme e\u015fi\u011fini ge\u00e7mek \u00fczere evden ayr\u0131l\u0131p, y\u00f6re karde\u015fleriyle uzaktaki bir yere g\u00f6nderilir.Yar\u0131n evden ayr\u0131l\u0131yoruz.Nereye gidece\u011fimizi, orada<span class=\"excerpt-hellip\"> [\u2026]<\/span><\/p>\n","protected":false},"featured_media":0,"template":"","meta":{"_monsterinsights_skip_tracking":false,"_monsterinsights_sitenote_active":false,"_monsterinsights_sitenote_note":"","_monsterinsights_sitenote_category":0},"product_brand":[],"product_cat":[12275,12274],"product_tag":[],"class_list":{"0":"post-729439","1":"product","2":"type-product","3":"status-publish","5":"product_cat-6-12-yas-kitaplari","6":"product_cat-cocuk-ve-genclik-kitaplari","7":"pa_cilt-ciltsiz","8":"pa_tur-kitap","9":"pa_yayinevi-bilgi-yayinevi-cocuk","10":"pa_yazar-yasemin-yazici","12":"first","13":"instock","14":"sale","15":"shipping-taxable","16":"purchasable","17":"product-type-simple"},"_links":{"self":[{"href":"https:\/\/roveyayinevi.com.tr\/index.php\/wp-json\/wp\/v2\/product\/729439","targetHints":{"allow":["GET"]}}],"collection":[{"href":"https:\/\/roveyayinevi.com.tr\/index.php\/wp-json\/wp\/v2\/product"}],"about":[{"href":"https:\/\/roveyayinevi.com.tr\/index.php\/wp-json\/wp\/v2\/types\/product"}],"wp:attachment":[{"href":"https:\/\/roveyayinevi.com.tr\/index.php\/wp-json\/wp\/v2\/media?parent=729439"}],"wp:term":[{"taxonomy":"product_brand","embeddable":true,"href":"https:\/\/roveyayinevi.com.tr\/index.php\/wp-json\/wp\/v2\/product_brand?post=729439"},{"taxonomy":"product_cat","embeddable":true,"href":"https:\/\/roveyayinevi.com.tr\/index.php\/wp-json\/wp\/v2\/product_cat?post=729439"},{"taxonomy":"product_tag","embeddable":true,"href":"https:\/\/roveyayinevi.com.tr\/index.php\/wp-json\/wp\/v2\/product_tag?post=729439"}],"curies":[{"name":"wp","href":"https:\/\/api.w.org\/{rel}","templated":true}]}}