{"id":729436,"date":"2025-08-27T20:56:01","date_gmt":"2025-08-27T17:56:01","guid":{"rendered":"https:\/\/roveyayinevi.com.tr\/index.php\/urun\/efendi-ile-usak\/"},"modified":"2026-04-13T02:46:08","modified_gmt":"2026-04-12T23:46:08","slug":"efendi-ile-usak","status":"publish","type":"product","link":"https:\/\/roveyayinevi.com.tr\/index.php\/urun\/efendi-ile-usak\/","title":{"rendered":"Efendi \u0130le U\u015fak"},"content":{"rendered":"<p>Tolstoy, Efendi ile U\u015fak&#8217;ta \u00c7arl\u0131k Rusya\u2019s\u0131n\u0131n 19. y\u00fczy\u0131ldaki s\u0131n\u0131f ve sosyal stat\u00fc yap\u0131s\u0131n\u0131 ve asiller ile u\u015faklar aras\u0131ndaki s\u0131n\u0131f farklar\u0131n\u0131 insanc\u0131l bir yakla\u015f\u0131mla ortaya koymaktad\u0131r. Bu y\u00f6n\u00fcyle Efendi ile U\u015fak, insanlar\u0131n birbirine muhta\u00e7 olmalar\u0131, e\u015fitlik ile kendini ve \u00f6tekini ke\u015ffetmek \u00fczerine bir ba\u015fyap\u0131t niteli\u011fi ta\u015f\u0131maktad\u0131r. Efendi ile U\u015fak\u2019ta Tolstoy\u2019un insana bak\u0131\u015f\u0131ndaki inceli\u011fi, varl\u0131\u011f\u0131 alg\u0131lay\u0131\u015f\u0131ndaki bilgeli\u011fi ve a\u00e7\u0131k bir \u015fekilde ortaya koydu\u011fu inanc\u0131ndaki derinli\u011fi fark edecek, onun hayata bak\u0131\u015f a\u00e7\u0131s\u0131ndaki doygunluk ve bilgelik kar\u015f\u0131s\u0131nda hayranl\u0131k duyacaks\u0131n\u0131z&#8230;<\/p>\n","protected":false},"excerpt":{"rendered":"<p>Tolstoy, Efendi ile U\u015fak&#8217;ta \u00c7arl\u0131k Rusya\u2019s\u0131n\u0131n 19. y\u00fczy\u0131ldaki s\u0131n\u0131f ve sosyal stat\u00fc yap\u0131s\u0131n\u0131 ve asiller ile u\u015faklar aras\u0131ndaki s\u0131n\u0131f farklar\u0131n\u0131 insanc\u0131l bir yakla\u015f\u0131mla ortaya koymaktad\u0131r. Bu<span class=\"excerpt-hellip\"> [\u2026]<\/span><\/p>\n","protected":false},"featured_media":0,"template":"","meta":{"_monsterinsights_skip_tracking":false,"_monsterinsights_sitenote_active":false,"_monsterinsights_sitenote_note":"","_monsterinsights_sitenote_category":0},"product_brand":[],"product_cat":[12291,12711],"product_tag":[],"class_list":{"0":"post-729436","1":"product","2":"type-product","3":"status-publish","5":"product_cat-edebiyat","6":"product_cat-roman-oyku","7":"pa_cilt-ciltsiz","8":"pa_tur-kitap","9":"pa_yayinevi-iskele-yayincilik","10":"pa_yazar-lev-nikolayevic-tolstoy","12":"first","13":"instock","14":"sale","15":"shipping-taxable","16":"purchasable","17":"product-type-simple"},"_links":{"self":[{"href":"https:\/\/roveyayinevi.com.tr\/index.php\/wp-json\/wp\/v2\/product\/729436","targetHints":{"allow":["GET"]}}],"collection":[{"href":"https:\/\/roveyayinevi.com.tr\/index.php\/wp-json\/wp\/v2\/product"}],"about":[{"href":"https:\/\/roveyayinevi.com.tr\/index.php\/wp-json\/wp\/v2\/types\/product"}],"wp:attachment":[{"href":"https:\/\/roveyayinevi.com.tr\/index.php\/wp-json\/wp\/v2\/media?parent=729436"}],"wp:term":[{"taxonomy":"product_brand","embeddable":true,"href":"https:\/\/roveyayinevi.com.tr\/index.php\/wp-json\/wp\/v2\/product_brand?post=729436"},{"taxonomy":"product_cat","embeddable":true,"href":"https:\/\/roveyayinevi.com.tr\/index.php\/wp-json\/wp\/v2\/product_cat?post=729436"},{"taxonomy":"product_tag","embeddable":true,"href":"https:\/\/roveyayinevi.com.tr\/index.php\/wp-json\/wp\/v2\/product_tag?post=729436"}],"curies":[{"name":"wp","href":"https:\/\/api.w.org\/{rel}","templated":true}]}}