{"id":729435,"date":"2025-08-27T20:56:00","date_gmt":"2025-08-27T17:56:00","guid":{"rendered":"https:\/\/roveyayinevi.com.tr\/index.php\/urun\/orhan-veli-butun-siirleri-3\/"},"modified":"2025-09-13T17:19:40","modified_gmt":"2025-09-13T14:19:40","slug":"orhan-veli-butun-siirleri-3","status":"publish","type":"product","link":"https:\/\/roveyayinevi.com.tr\/index.php\/urun\/orhan-veli-butun-siirleri-3\/","title":{"rendered":"Orhan Veli B\u00fct\u00fcn \u015eiirleri"},"content":{"rendered":"<p>Melih Cevdet ve Oktay Rifat ile birlikte yenilik\u00e7i Garip ak\u0131m\u0131n\u0131n kurucusu olan Orhan Veli, T\u00fcrk \u015fiirindeki eski yap\u0131y\u0131 temelinden de\u011fi\u015ftirmeyi ama\u00e7layarak sokaktaki adam\u0131n s\u00f6yleyi\u015fini \u015fiir diline ta\u015f\u0131d\u0131. Yeni bir zevk ortaya \u00e7\u0131karabilmek i\u00e7in eski olan her \u015feyden uzak duran Orhan Veli, hece ve aruz \u00f6l\u00e7\u00fclerini kullanmay\u0131 reddetti. Kafiyeyi ilkel; mecaz, te\u015fbih, m\u00fcbala\u011fa gibi edeb\u00ee sanatlar\u0131 gereksiz buldu\u011funu a\u00e7\u0131klad\u0131. &#8220;Ge\u00e7mi\u015f edebiyatlar\u0131n \u00f6\u011fretti\u011fi her \u015feyi, b\u00fct\u00fcn gelene\u011fi atmak&#8221; amac\u0131yla yola \u00e7\u0131kan Orhan Veli\u2019nin bu arzusu \u015fiirinde kullanabilece\u011fi teknik olanaklar\u0131 azaltsa da \u015fair, ele ald\u0131\u011f\u0131 konular, bahsetti\u011fi ki\u015filer ve kulland\u0131\u011f\u0131 s\u00f6zc\u00fcklerle kendine yeni alanlar olu\u015fturdu. Yal\u0131n bir anlat\u0131m\u0131 benimseyerek \u015fiir dilini konu\u015fma diline yakla\u015ft\u0131rd\u0131. 1941 y\u0131l\u0131nda, arkada\u015flar\u0131yla birlikte \u00e7\u0131kard\u0131klar\u0131 Garip adl\u0131 \u015fiir kitab\u0131nda bu fikirlerinin \u00f6rnekleri olan \u015fiirleri yay\u0131mland\u0131 ve Garip ak\u0131m\u0131n\u0131n do\u011fmas\u0131na sebep oldu. Bu ak\u0131m \u00f6zellikle 1940-1950 y\u0131llar\u0131 aras\u0131nda Cumhuriyet D\u00f6nemi \u015fiirinde b\u00fcy\u00fck etki b\u0131rakt\u0131. Garip \u015fiiri hem y\u0131k\u0131c\u0131 hem de yap\u0131c\u0131 \u00f6zelli\u011fi ile T\u00fcrk \u015fiirinde bir mihenk ta\u015f\u0131 kabul edildi. Her ne kadar Garip d\u00f6neminde yazd\u0131\u011f\u0131 \u015fiirleriyle \u00f6ne \u00e7\u0131ksa da Orhan Veli &#8220;tek t\u00fcr&#8221; \u015fiirler yazmaktan ka\u00e7\u0131nd\u0131. Durmadan arayan, kendini yenileyen, k\u0131sa ya\u015fam\u0131 boyunca uzun bir \u015fiir ser\u00fcveni ya\u015fayan Orhan Veli\u2019nin edebiyat hayat\u0131 farkl\u0131 a\u015famalardan olu\u015fmu\u015ftu. Oktay Rifat bu durumu &#8220;Orhan, Frans\u0131z \u015fairlerinin birka\u00e7 nesillik \u015fiir maceras\u0131n\u0131 k\u0131sac\u0131k \u00f6mr\u00fcnde ya\u015fad\u0131. T\u00fcrk \u015fiiri onun kalemi sayesinde Avrupa \u015fiiriyle atba\u015f\u0131 geldi.&#8221; ve &#8220;Birka\u00e7 neslin belki arka arkaya ba\u015farabilece\u011fi bir de\u011fi\u015fmeyi o birka\u00e7 y\u0131l\u0131n i\u00e7inde tamamlad\u0131.&#8221; s\u00f6zleriyle a\u00e7\u0131klad\u0131.<\/p>\n","protected":false},"excerpt":{"rendered":"<p>Melih Cevdet ve Oktay Rifat ile birlikte yenilik\u00e7i Garip ak\u0131m\u0131n\u0131n kurucusu olan Orhan Veli, T\u00fcrk \u015fiirindeki eski yap\u0131y\u0131 temelinden de\u011fi\u015ftirmeyi ama\u00e7layarak sokaktaki adam\u0131n s\u00f6yleyi\u015fini \u015fiir diline<span class=\"excerpt-hellip\"> [\u2026]<\/span><\/p>\n","protected":false},"featured_media":0,"template":"","meta":{"_monsterinsights_skip_tracking":false,"_monsterinsights_sitenote_active":false,"_monsterinsights_sitenote_note":"","_monsterinsights_sitenote_category":0},"product_brand":[],"product_cat":[12291,12509],"product_tag":[],"class_list":{"0":"post-729435","1":"product","2":"type-product","3":"status-publish","5":"product_cat-edebiyat","6":"product_cat-siir","7":"pa_cilt-ciltsiz","8":"pa_tur-kitap","9":"pa_yayinevi-iskele-yayincilik","10":"pa_yazar-orhan-veli-kanik","12":"first","13":"instock","14":"sale","15":"shipping-taxable","16":"purchasable","17":"product-type-simple"},"_links":{"self":[{"href":"https:\/\/roveyayinevi.com.tr\/index.php\/wp-json\/wp\/v2\/product\/729435","targetHints":{"allow":["GET"]}}],"collection":[{"href":"https:\/\/roveyayinevi.com.tr\/index.php\/wp-json\/wp\/v2\/product"}],"about":[{"href":"https:\/\/roveyayinevi.com.tr\/index.php\/wp-json\/wp\/v2\/types\/product"}],"wp:attachment":[{"href":"https:\/\/roveyayinevi.com.tr\/index.php\/wp-json\/wp\/v2\/media?parent=729435"}],"wp:term":[{"taxonomy":"product_brand","embeddable":true,"href":"https:\/\/roveyayinevi.com.tr\/index.php\/wp-json\/wp\/v2\/product_brand?post=729435"},{"taxonomy":"product_cat","embeddable":true,"href":"https:\/\/roveyayinevi.com.tr\/index.php\/wp-json\/wp\/v2\/product_cat?post=729435"},{"taxonomy":"product_tag","embeddable":true,"href":"https:\/\/roveyayinevi.com.tr\/index.php\/wp-json\/wp\/v2\/product_tag?post=729435"}],"curies":[{"name":"wp","href":"https:\/\/api.w.org\/{rel}","templated":true}]}}