{"id":729433,"date":"2025-08-27T20:55:57","date_gmt":"2025-08-27T17:55:57","guid":{"rendered":"https:\/\/roveyayinevi.com.tr\/index.php\/urun\/gazoz-kapaklarinin-pesinde-ciltli\/"},"modified":"2026-04-16T02:37:10","modified_gmt":"2026-04-15T23:37:10","slug":"gazoz-kapaklarinin-pesinde-ciltli","status":"publish","type":"product","link":"https:\/\/roveyayinevi.com.tr\/index.php\/urun\/gazoz-kapaklarinin-pesinde-ciltli\/","title":{"rendered":"Gazoz Kapaklarinin Pe\u015finde (Ciltli)"},"content":{"rendered":"<p>Kimi ya\u015fam \u00f6yk\u00fcleri vard\u0131r ki okudu\u011funuzda yaln\u0131zca bir insan\u0131n hayat\u0131na dokunan anlar\u0131n ve olaylar\u0131n ak\u0131\u015f\u0131n\u0131 de\u011fil, t\u00fcm oyuncular\u0131 ve arka plan\u0131yla birlikte bir end\u00fcstrinin de geli\u015fimini, d\u00f6n\u00fc\u015f\u00fcm\u00fcn\u00fc anlat\u0131r. Gazoz Kapaklar\u0131n\u0131n Pe\u015finde, \u00d6mer Yenici\u2019nin gen\u00e7 bir giri\u015fimci olarak hen\u00fcz \u00f6\u011frencilik y\u0131llar\u0131nda bavulla kitap se\u00e7kileri satt\u0131\u011f\u0131 g\u00fcnlerden T\u00fcrkiye\u2019nin en b\u00fcy\u00fck kitap da\u011f\u0131t\u0131m a\u011f\u0131n\u0131 kurmas\u0131na, iflas s\u00fcrecinden daha da g\u00fc\u00e7lenerek b\u00fcy\u00fck bir yay\u0131n markas\u0131 olarak yeniden do\u011fu\u015funa dek kitap sekt\u00f6r\u00fcn\u00fcn son k\u0131rk y\u0131lda ge\u00e7irdi\u011fi de\u011fi\u015fimi kendi hayat ekseni \u00fczerinden anlat\u0131yor&#8230;<\/p>\n","protected":false},"excerpt":{"rendered":"<p>Kimi ya\u015fam \u00f6yk\u00fcleri vard\u0131r ki okudu\u011funuzda yaln\u0131zca bir insan\u0131n hayat\u0131na dokunan anlar\u0131n ve olaylar\u0131n ak\u0131\u015f\u0131n\u0131 de\u011fil, t\u00fcm oyuncular\u0131 ve arka plan\u0131yla birlikte bir end\u00fcstrinin de geli\u015fimini,<span class=\"excerpt-hellip\"> [\u2026]<\/span><\/p>\n","protected":false},"featured_media":0,"template":"","meta":{"_monsterinsights_skip_tracking":false,"_monsterinsights_sitenote_active":false,"_monsterinsights_sitenote_note":"","_monsterinsights_sitenote_category":0},"product_brand":[],"product_cat":[18545,12291],"product_tag":[],"class_list":{"0":"post-729433","1":"product","2":"type-product","3":"status-publish","5":"product_cat-anlati","6":"product_cat-edebiyat","7":"pa_cilt-ciltli","8":"pa_tur-kitap","9":"pa_yayinevi-nemesis-kitap","10":"pa_yazar-omer-yenici","12":"first","13":"instock","14":"sale","15":"shipping-taxable","16":"purchasable","17":"product-type-simple"},"_links":{"self":[{"href":"https:\/\/roveyayinevi.com.tr\/index.php\/wp-json\/wp\/v2\/product\/729433","targetHints":{"allow":["GET"]}}],"collection":[{"href":"https:\/\/roveyayinevi.com.tr\/index.php\/wp-json\/wp\/v2\/product"}],"about":[{"href":"https:\/\/roveyayinevi.com.tr\/index.php\/wp-json\/wp\/v2\/types\/product"}],"wp:attachment":[{"href":"https:\/\/roveyayinevi.com.tr\/index.php\/wp-json\/wp\/v2\/media?parent=729433"}],"wp:term":[{"taxonomy":"product_brand","embeddable":true,"href":"https:\/\/roveyayinevi.com.tr\/index.php\/wp-json\/wp\/v2\/product_brand?post=729433"},{"taxonomy":"product_cat","embeddable":true,"href":"https:\/\/roveyayinevi.com.tr\/index.php\/wp-json\/wp\/v2\/product_cat?post=729433"},{"taxonomy":"product_tag","embeddable":true,"href":"https:\/\/roveyayinevi.com.tr\/index.php\/wp-json\/wp\/v2\/product_tag?post=729433"}],"curies":[{"name":"wp","href":"https:\/\/api.w.org\/{rel}","templated":true}]}}