{"id":729426,"date":"2025-08-27T20:55:46","date_gmt":"2025-08-27T17:55:46","guid":{"rendered":"https:\/\/roveyayinevi.com.tr\/index.php\/urun\/tell-atchana-ancient-alalakh-volume-1-the-2003-2004-excavations-seasons\/"},"modified":"2026-04-16T02:37:09","modified_gmt":"2026-04-15T23:37:09","slug":"tell-atchana-ancient-alalakh-volume-1-the-2003-2004-excavations-seasons","status":"publish","type":"product","link":"https:\/\/roveyayinevi.com.tr\/index.php\/urun\/tell-atchana-ancient-alalakh-volume-1-the-2003-2004-excavations-seasons\/","title":{"rendered":"Tell Atchana, Ancient Alalakh Volume 1 &#8211; The 2003-2004 Excavations Seasons"},"content":{"rendered":"<p>Tell Atchana, Ancient Alalakh Volume 1 &#8211; The 2003-2004 Excavations Seasons Tell Atchana, Alalah : 2003-2004 Kaz\u0131 D\u00f6nemleri, 1. Cilt Ko\u00e7 \u00dcniversitesi Yay\u0131nlar\u0131<\/p>\n","protected":false},"excerpt":{"rendered":"<p>Tell Atchana, Ancient Alalakh Volume 1 &#8211; The 2003-2004 Excavations Seasons Tell Atchana, Alalah : 2003-2004 Kaz\u0131 D\u00f6nemleri, 1. Cilt Ko\u00e7 \u00dcniversitesi Yay\u0131nlar\u0131<\/p>\n","protected":false},"featured_media":0,"template":"","meta":{"_monsterinsights_skip_tracking":false,"_monsterinsights_sitenote_active":false,"_monsterinsights_sitenote_note":"","_monsterinsights_sitenote_category":0},"product_brand":[],"product_cat":[12472],"product_tag":[],"class_list":{"0":"post-729426","1":"product","2":"type-product","3":"status-publish","5":"product_cat-yabanci-dilde-kitaplar","6":"pa_cilt-ciltli","7":"pa_tur-kitap","8":"pa_yayinevi-koc-universitesi-yayinlari","9":"pa_yazar-koc-universitesi-yayinlari-kolektif","11":"first","12":"instock","13":"sale","14":"shipping-taxable","15":"purchasable","16":"product-type-simple"},"_links":{"self":[{"href":"https:\/\/roveyayinevi.com.tr\/index.php\/wp-json\/wp\/v2\/product\/729426","targetHints":{"allow":["GET"]}}],"collection":[{"href":"https:\/\/roveyayinevi.com.tr\/index.php\/wp-json\/wp\/v2\/product"}],"about":[{"href":"https:\/\/roveyayinevi.com.tr\/index.php\/wp-json\/wp\/v2\/types\/product"}],"wp:attachment":[{"href":"https:\/\/roveyayinevi.com.tr\/index.php\/wp-json\/wp\/v2\/media?parent=729426"}],"wp:term":[{"taxonomy":"product_brand","embeddable":true,"href":"https:\/\/roveyayinevi.com.tr\/index.php\/wp-json\/wp\/v2\/product_brand?post=729426"},{"taxonomy":"product_cat","embeddable":true,"href":"https:\/\/roveyayinevi.com.tr\/index.php\/wp-json\/wp\/v2\/product_cat?post=729426"},{"taxonomy":"product_tag","embeddable":true,"href":"https:\/\/roveyayinevi.com.tr\/index.php\/wp-json\/wp\/v2\/product_tag?post=729426"}],"curies":[{"name":"wp","href":"https:\/\/api.w.org\/{rel}","templated":true}]}}