{"id":729424,"date":"2025-08-27T20:55:45","date_gmt":"2025-08-27T17:55:45","guid":{"rendered":"https:\/\/roveyayinevi.com.tr\/index.php\/urun\/psikoloji-ve-felsefe\/"},"modified":"2026-04-16T02:37:09","modified_gmt":"2026-04-15T23:37:09","slug":"psikoloji-ve-felsefe","status":"publish","type":"product","link":"https:\/\/roveyayinevi.com.tr\/index.php\/urun\/psikoloji-ve-felsefe\/","title":{"rendered":"Psikoloji Ve Felsefe"},"content":{"rendered":"<p>Psikoloji ve Felsefe, bir t\u00fcr \u00f6\u011frenci kul\u00fcb\u00fc ya da karde\u015flik cemiyeti olan Zofingia\u2019n\u0131n Basel \u015fubesinde, Jung\u2019un \u00f6\u011frenci arkada\u015flar\u0131na verdi\u011fi derslerin derlemesidir. D\u00f6nem 19. y\u00fczy\u0131l\u0131n sonu; I. D\u00fcnya Sava\u015f\u0131n\u0131n eli kula\u011f\u0131nda ve antisemitizm r\u00fczgar\u0131 Almanca konu\u015fulan toplumlar\u0131 sarmakta\u2026 Hen\u00fcz d\u00fc\u015f\u00fcnsel ser\u00fcveninin ba\u015f\u0131ndaki gen\u00e7 Jung\u2019un \u00f6mr\u00fc boyunca etraf\u0131nda d\u00f6n\u00fcp duraca\u011f\u0131 sorularla ilk kez y\u00fczle\u015fmesine tan\u0131k oluyoruz burada. Sivri dili, otobiyografik g\u00f6ndermeleri ve d\u00f6nemin genel entelekt\u00fcel havas\u0131na tan\u0131kl\u0131\u011f\u0131yla metin daha da ilgin\u00e7 hale geliyor. \u00c7a\u011f\u0131n\u0131n bilimsel ke\u015fif ve yenilikleriyle olduk\u00e7a yak\u0131ndan ilgilenen Jung bu bulgular\u0131 kendi t\u0131p e\u011fitimiyle, felsefe ilgisiyle, hen\u00fcz \u015fafa\u011f\u0131n\u0131 ya\u015fayan psikoloji literat\u00fcr\u00fcyle harmanlay\u0131p yorumlamaya giri\u015fiyor. Derslerde <\/p>\n","protected":false},"excerpt":{"rendered":"<p>Psikoloji ve Felsefe, bir t\u00fcr \u00f6\u011frenci kul\u00fcb\u00fc ya da karde\u015flik cemiyeti olan Zofingia\u2019n\u0131n Basel \u015fubesinde, Jung\u2019un \u00f6\u011frenci arkada\u015flar\u0131na verdi\u011fi derslerin derlemesidir. D\u00f6nem 19. y\u00fczy\u0131l\u0131n sonu; I.<span class=\"excerpt-hellip\"> [\u2026]<\/span><\/p>\n","protected":false},"featured_media":0,"template":"","meta":{"_monsterinsights_skip_tracking":false,"_monsterinsights_sitenote_active":false,"_monsterinsights_sitenote_note":"","_monsterinsights_sitenote_category":0},"product_brand":[],"product_cat":[12358,12357],"product_tag":[],"class_list":{"0":"post-729424","1":"product","2":"type-product","3":"status-publish","5":"product_cat-genel-psikoloji","6":"product_cat-psikoloji","7":"pa_cilt-ciltsiz","8":"pa_tur-kitap","9":"pa_yayinevi-pinhan-yayincilik","10":"pa_yazar-carl-gustav-jung","12":"first","13":"instock","14":"sale","15":"shipping-taxable","16":"purchasable","17":"product-type-simple"},"_links":{"self":[{"href":"https:\/\/roveyayinevi.com.tr\/index.php\/wp-json\/wp\/v2\/product\/729424","targetHints":{"allow":["GET"]}}],"collection":[{"href":"https:\/\/roveyayinevi.com.tr\/index.php\/wp-json\/wp\/v2\/product"}],"about":[{"href":"https:\/\/roveyayinevi.com.tr\/index.php\/wp-json\/wp\/v2\/types\/product"}],"wp:attachment":[{"href":"https:\/\/roveyayinevi.com.tr\/index.php\/wp-json\/wp\/v2\/media?parent=729424"}],"wp:term":[{"taxonomy":"product_brand","embeddable":true,"href":"https:\/\/roveyayinevi.com.tr\/index.php\/wp-json\/wp\/v2\/product_brand?post=729424"},{"taxonomy":"product_cat","embeddable":true,"href":"https:\/\/roveyayinevi.com.tr\/index.php\/wp-json\/wp\/v2\/product_cat?post=729424"},{"taxonomy":"product_tag","embeddable":true,"href":"https:\/\/roveyayinevi.com.tr\/index.php\/wp-json\/wp\/v2\/product_tag?post=729424"}],"curies":[{"name":"wp","href":"https:\/\/api.w.org\/{rel}","templated":true}]}}