{"id":729421,"date":"2025-08-27T20:55:43","date_gmt":"2025-08-27T17:55:43","guid":{"rendered":"https:\/\/roveyayinevi.com.tr\/index.php\/urun\/magazacilik-mukemmel-musteri-hizmeti-ve-etkili-satis-teknikleri\/"},"modified":"2026-04-16T02:37:09","modified_gmt":"2026-04-15T23:37:09","slug":"magazacilik-mukemmel-musteri-hizmeti-ve-etkili-satis-teknikleri","status":"publish","type":"product","link":"https:\/\/roveyayinevi.com.tr\/index.php\/urun\/magazacilik-mukemmel-musteri-hizmeti-ve-etkili-satis-teknikleri\/","title":{"rendered":"Ma\u011fazac\u0131l\u0131k M\u00fckemmel M\u00fc\u015fteri Hizmeti Ve Etkili Sat\u0131\u015f Teknikleri"},"content":{"rendered":"<p>Bu kitapta neler bulacaks\u0131n\u0131z? Ma\u011fazac\u0131l\u0131\u011f\u0131n t\u00fcm sekt\u00f6rlerinde, sat\u0131\u015ftan y\u00f6netime t\u00fcm kadrolar i\u00e7in m\u00fckemmel hizmet ve etkili sat\u0131\u015f\u0131n yollar\u0131 Haz\u0131r giyim, g\u0131da, g\u0131da d\u0131\u015f\u0131, kategori ma\u011fazac\u0131l\u0131\u011f\u0131 ve yeme i\u00e7me sekt\u00f6r\u00fc i\u00e7in \u00f6rnek sat\u0131\u015f ve hizmet diyaloglar\u0131 e-ticaretin ma\u011fazac\u0131l\u0131\u011fa etkileri K\u00f6t\u00fc hizmetin verdi\u011fi zararlar\u0131n boyutlar\u0131 35 y\u0131l\u0131 a\u015fk\u0131n ma\u011fazac\u0131l\u0131k deneyimiyle pratik \u00f6neriler Sat\u0131\u015f\u0131n t\u00fcm a\u015famalar\u0131 i\u00e7in etkili teknikler \u0130lk kar\u015f\u0131la\u015fma an\u0131nda sat\u0131\u015f\u0131 garantiye alman\u0131n yollar\u0131 \u00dcr\u00fcn\u00fcn faydalar\u0131n\u0131 sunmaya \u00f6rnekler Ma\u011fazac\u0131l\u0131kta sat\u0131\u015f\u0131 ger\u00e7ekle\u015ftiren soru \u00f6rnekleri \u00dcr\u00fcn\u00fc denetmenin pratik yollar\u0131 M\u00fc\u015fterilerin s\u0131k rastlanan itirazlar\u0131na cevap \u00f6rnekleri Zor durumlarda m\u00fc\u015fterilerle diyalog \u00f6rnekleri Sat\u0131\u015f\u0131 sonu\u00e7land\u0131rman\u0131n ve ilave \u00fcr\u00fcn satman\u0131n denenmi\u015f yollar\u0131 Sat\u0131\u015fta do\u011fru beden dili Ma\u011fazac\u0131l\u0131kta kullan\u0131lacak ve kullan\u0131lmayacak s\u00f6zc\u00fckler Ma\u011fazac\u0131l\u0131k mesle\u011finin avantajlar\u0131 ve zorluklar\u0131 Ba\u015far\u0131l\u0131 ma\u011fazac\u0131lar\u0131n \u00f6zellikleri <\/p>\n","protected":false},"excerpt":{"rendered":"<p>Bu kitapta neler bulacaks\u0131n\u0131z? Ma\u011fazac\u0131l\u0131\u011f\u0131n t\u00fcm sekt\u00f6rlerinde, sat\u0131\u015ftan y\u00f6netime t\u00fcm kadrolar i\u00e7in m\u00fckemmel hizmet ve etkili sat\u0131\u015f\u0131n yollar\u0131 Haz\u0131r giyim, g\u0131da, g\u0131da d\u0131\u015f\u0131, kategori ma\u011fazac\u0131l\u0131\u011f\u0131 ve<span class=\"excerpt-hellip\"> [\u2026]<\/span><\/p>\n","protected":false},"featured_media":0,"template":"","meta":{"_monsterinsights_skip_tracking":false,"_monsterinsights_sitenote_active":false,"_monsterinsights_sitenote_note":"","_monsterinsights_sitenote_category":0},"product_brand":[],"product_cat":[13043,19008],"product_tag":[],"class_list":{"0":"post-729421","1":"product","2":"type-product","3":"status-publish","5":"product_cat-ekonomi","6":"product_cat-yonetim","7":"pa_cilt-ciltsiz","8":"pa_tur-kitap","9":"pa_yayinevi-remzi-kitabevi","10":"pa_yazar-suat-soysal","12":"first","13":"instock","14":"sale","15":"shipping-taxable","16":"purchasable","17":"product-type-simple"},"_links":{"self":[{"href":"https:\/\/roveyayinevi.com.tr\/index.php\/wp-json\/wp\/v2\/product\/729421","targetHints":{"allow":["GET"]}}],"collection":[{"href":"https:\/\/roveyayinevi.com.tr\/index.php\/wp-json\/wp\/v2\/product"}],"about":[{"href":"https:\/\/roveyayinevi.com.tr\/index.php\/wp-json\/wp\/v2\/types\/product"}],"wp:attachment":[{"href":"https:\/\/roveyayinevi.com.tr\/index.php\/wp-json\/wp\/v2\/media?parent=729421"}],"wp:term":[{"taxonomy":"product_brand","embeddable":true,"href":"https:\/\/roveyayinevi.com.tr\/index.php\/wp-json\/wp\/v2\/product_brand?post=729421"},{"taxonomy":"product_cat","embeddable":true,"href":"https:\/\/roveyayinevi.com.tr\/index.php\/wp-json\/wp\/v2\/product_cat?post=729421"},{"taxonomy":"product_tag","embeddable":true,"href":"https:\/\/roveyayinevi.com.tr\/index.php\/wp-json\/wp\/v2\/product_tag?post=729421"}],"curies":[{"name":"wp","href":"https:\/\/api.w.org\/{rel}","templated":true}]}}