{"id":729420,"date":"2025-08-27T20:55:42","date_gmt":"2025-08-27T17:55:42","guid":{"rendered":"https:\/\/roveyayinevi.com.tr\/index.php\/urun\/yazarlar-icin-dans-dersleri\/"},"modified":"2026-04-16T02:37:09","modified_gmt":"2026-04-15T23:37:09","slug":"yazarlar-icin-dans-dersleri","status":"publish","type":"product","link":"https:\/\/roveyayinevi.com.tr\/index.php\/urun\/yazarlar-icin-dans-dersleri\/","title":{"rendered":"Yazarlar \u0130\u00e7in Dans Dersleri"},"content":{"rendered":"<p>\u0130nci Gibi Di\u015fler, G\u00fczelli\u011fe Dair ve NW Londra romanlar\u0131yla kendinden s\u00f6z ettiren, d\u00fcnyan\u0131n \u00f6nde gelen kurgu yazarlar\u0131ndan Zadie Smith, Yazarlar \u0130\u00e7in Dans Dersleri\u2019nde kurgu d\u0131\u015f\u0131 edebiyatta da yetkin bir isim oldu\u011funu ortaya koyuyor.Yazarlar \u0130\u00e7in Dans Dersleri, yazar\u0131n New York Review of Books, The New York Times, New Yorker, The Guardian ve Sotheby\u2019s gibi \u00e7e\u015fitli gazete ve dergilerde yay\u0131nlanm\u0131\u015f yaz\u0131lar\u0131yla birlikte daha \u00f6nce yay\u0131nlanmam\u0131\u015f denemelerini bir araya getiriyor. Londra\u2019daki s\u0131n\u0131fsal durumlar, Brexit tart\u0131\u015fmalar\u0131; Floransa bah\u00e7elerinde ve Villa Borghese\u2019de gezintiler; Manhattan; Key &amp; Peele komedi ikilisi ve siyahi komedi k\u00fclt\u00fcr\u00fc; sanat yaz\u0131lar\u0131; kitap ele\u015ftirileri ve m\u00fczik: Billie Holiday ve k\u00f6pe\u011fi; Jay-Z ile keyifli bir sohbet ve Justin Bieber \u00fczerine felsefi bir de\u011ferlendirme bu kitapta merakl\u0131 okurun ilgisini bekliyor.Zadie Smith\u2019in bazen k\u0131rg\u0131n ve k\u0131zg\u0131n, bazen i\u00e7ten ve umutlu hallerinden dam\u0131t\u0131lm\u0131\u015f bu yaz\u0131lar, edebiyat gazetecili\u011finin de zirvesi.<\/p>\n","protected":false},"excerpt":{"rendered":"<p>\u0130nci Gibi Di\u015fler, G\u00fczelli\u011fe Dair ve NW Londra romanlar\u0131yla kendinden s\u00f6z ettiren, d\u00fcnyan\u0131n \u00f6nde gelen kurgu yazarlar\u0131ndan Zadie Smith, Yazarlar \u0130\u00e7in Dans Dersleri\u2019nde kurgu d\u0131\u015f\u0131 edebiyatta<span class=\"excerpt-hellip\"> [\u2026]<\/span><\/p>\n","protected":false},"featured_media":0,"template":"","meta":{"_monsterinsights_skip_tracking":false,"_monsterinsights_sitenote_active":false,"_monsterinsights_sitenote_note":"","_monsterinsights_sitenote_category":0},"product_brand":[],"product_cat":[12777,12291],"product_tag":[],"class_list":{"0":"post-729420","1":"product","2":"type-product","3":"status-publish","5":"product_cat-deneme","6":"product_cat-edebiyat","7":"pa_cilt-ciltsiz","8":"pa_tur-kitap","9":"pa_yayinevi-everest-yayinlari","10":"pa_yazar-zadie-smith","12":"first","13":"instock","14":"sale","15":"shipping-taxable","16":"purchasable","17":"product-type-simple"},"_links":{"self":[{"href":"https:\/\/roveyayinevi.com.tr\/index.php\/wp-json\/wp\/v2\/product\/729420","targetHints":{"allow":["GET"]}}],"collection":[{"href":"https:\/\/roveyayinevi.com.tr\/index.php\/wp-json\/wp\/v2\/product"}],"about":[{"href":"https:\/\/roveyayinevi.com.tr\/index.php\/wp-json\/wp\/v2\/types\/product"}],"wp:attachment":[{"href":"https:\/\/roveyayinevi.com.tr\/index.php\/wp-json\/wp\/v2\/media?parent=729420"}],"wp:term":[{"taxonomy":"product_brand","embeddable":true,"href":"https:\/\/roveyayinevi.com.tr\/index.php\/wp-json\/wp\/v2\/product_brand?post=729420"},{"taxonomy":"product_cat","embeddable":true,"href":"https:\/\/roveyayinevi.com.tr\/index.php\/wp-json\/wp\/v2\/product_cat?post=729420"},{"taxonomy":"product_tag","embeddable":true,"href":"https:\/\/roveyayinevi.com.tr\/index.php\/wp-json\/wp\/v2\/product_tag?post=729420"}],"curies":[{"name":"wp","href":"https:\/\/api.w.org\/{rel}","templated":true}]}}