{"id":729419,"date":"2025-08-27T20:55:41","date_gmt":"2025-08-27T17:55:41","guid":{"rendered":"https:\/\/roveyayinevi.com.tr\/index.php\/urun\/denedik-olmadi\/"},"modified":"2026-04-16T02:37:09","modified_gmt":"2026-04-15T23:37:09","slug":"denedik-olmadi","status":"publish","type":"product","link":"https:\/\/roveyayinevi.com.tr\/index.php\/urun\/denedik-olmadi\/","title":{"rendered":"Denedik Olmad\u0131"},"content":{"rendered":"<p>\u201cDepresyona girdi\u011finizde can havliyle psikiyatristten randevu istiyorsunuz. Size bir ay sonras\u0131na g\u00fcn veriyor. Zaman\u0131n her \u015feyin ilac\u0131 oldu\u011fu mant\u0131\u011f\u0131ndan hareketle randevu zaman\u0131n\u0131z geldi\u011finde zaten depresyondan \u00e7\u0131km\u0131\u015f oluyorsunuz.\u201d Denedik Olmad\u0131, g\u00fcndelik ya\u015fam\u0131n ciddiyeti aras\u0131nda kaybolmu\u015f olan mizah anlay\u0131\u015f\u0131n\u0131 \u00e7ekip \u00e7\u0131kar\u0131yor, olduk\u00e7a komik ama bir t\u00fcrl\u00fc g\u00fclmeyi beceremedi\u011fimiz olaylar\u0131 sade bir anlat\u0131mla bize sunuyor. F\u00fcsun Gen\u00e7\u2019in, b\u0131y\u0131k alt\u0131ndan g\u00fclmeyi sevenlere ila\u00e7, sorgulamaya cesaret edemedi\u011fimiz geleneklere i\u00e7ten i\u00e7e fitil olanlara \u00e7omak ve genel izleyici kitlesi olmay\u0131 sevenlere bir avu\u00e7 \u00e7ekirdek olan bu kitab\u0131, sizleri muzip bir \u00e7ocuk olmaya davet ediyor. <\/p>\n","protected":false},"excerpt":{"rendered":"<p>\u201cDepresyona girdi\u011finizde can havliyle psikiyatristten randevu istiyorsunuz. Size bir ay sonras\u0131na g\u00fcn veriyor. Zaman\u0131n her \u015feyin ilac\u0131 oldu\u011fu mant\u0131\u011f\u0131ndan hareketle randevu zaman\u0131n\u0131z geldi\u011finde zaten depresyondan \u00e7\u0131km\u0131\u015f<span class=\"excerpt-hellip\"> [\u2026]<\/span><\/p>\n","protected":false},"featured_media":0,"template":"","meta":{"_monsterinsights_skip_tracking":false,"_monsterinsights_sitenote_active":false,"_monsterinsights_sitenote_note":"","_monsterinsights_sitenote_category":0},"product_brand":[],"product_cat":[12777,12291],"product_tag":[],"class_list":{"0":"post-729419","1":"product","2":"type-product","3":"status-publish","5":"product_cat-deneme","6":"product_cat-edebiyat","7":"pa_cilt-ciltsiz","8":"pa_tur-kitap","9":"pa_yayinevi-luna-yayinlari","10":"pa_yazar-fusun-genc","12":"first","13":"instock","14":"sale","15":"shipping-taxable","16":"purchasable","17":"product-type-simple"},"_links":{"self":[{"href":"https:\/\/roveyayinevi.com.tr\/index.php\/wp-json\/wp\/v2\/product\/729419","targetHints":{"allow":["GET"]}}],"collection":[{"href":"https:\/\/roveyayinevi.com.tr\/index.php\/wp-json\/wp\/v2\/product"}],"about":[{"href":"https:\/\/roveyayinevi.com.tr\/index.php\/wp-json\/wp\/v2\/types\/product"}],"wp:attachment":[{"href":"https:\/\/roveyayinevi.com.tr\/index.php\/wp-json\/wp\/v2\/media?parent=729419"}],"wp:term":[{"taxonomy":"product_brand","embeddable":true,"href":"https:\/\/roveyayinevi.com.tr\/index.php\/wp-json\/wp\/v2\/product_brand?post=729419"},{"taxonomy":"product_cat","embeddable":true,"href":"https:\/\/roveyayinevi.com.tr\/index.php\/wp-json\/wp\/v2\/product_cat?post=729419"},{"taxonomy":"product_tag","embeddable":true,"href":"https:\/\/roveyayinevi.com.tr\/index.php\/wp-json\/wp\/v2\/product_tag?post=729419"}],"curies":[{"name":"wp","href":"https:\/\/api.w.org\/{rel}","templated":true}]}}