{"id":729413,"date":"2025-08-27T20:55:36","date_gmt":"2025-08-27T17:55:36","guid":{"rendered":"https:\/\/roveyayinevi.com.tr\/index.php\/urun\/gercekten-istiyor-musun\/"},"modified":"2026-04-01T02:45:05","modified_gmt":"2026-03-31T23:45:05","slug":"gercekten-istiyor-musun","status":"publish","type":"product","link":"https:\/\/roveyayinevi.com.tr\/index.php\/urun\/gercekten-istiyor-musun\/","title":{"rendered":"Ger\u00e7ekten \u0130stiyor musun?"},"content":{"rendered":"<p>R\u00fczg\u00e2r\u0131n y\u00f6n\u00fcn\u00fc de\u011fi\u015ftiremezsin ama yelkenini hedefine do\u011fru \u00e7evirebilirsin&#8230; XSENTIUS   Bir i\u015fin olsun istiyorsun. Bir e\u015fin olsun istiyorsun. \u00c7ocu\u011fun olsun istiyorsun. Evin, araban olsun istiyorsun. Dileklerin ger\u00e7ek olsun istiyorsun. Tabii ki mutlu olmak istiyorsun. Peki, b\u00fct\u00fcn bu isteklerinin ger\u00e7ekle\u015fmesi i\u00e7in neler yap\u0131yorsun? Mutsuzlu\u011funu, yo\u011funlu\u011funu, \u00e7aresizli\u011fini ve yaln\u0131zl\u0131\u011f\u0131n\u0131 bahane ederek bir k\u00f6\u015fede oturuyor, her birinin sana kendili\u011finden gelmesini mi bekliyorsun? Ger\u00e7ekle\u015fmeyen isteklerin y\u00fcz\u00fcnden kendini daha mutsuz ve daha \u00fcmitsiz mi hissediyorsun? Oysa isteklerin \u00f6yle b\u00fcy\u00fck ve ger\u00e7ekle\u015fmesi zor \u015feyler de\u011fil \u00fcstelik&#8230; Madem \u00f6yle neden olmuyor diyorsun de\u011fil mi? \u00c7\u00fcnk\u00fc m\u00fchim olan ne istedi\u011fin de\u011fil, onu ger\u00e7ekten isteyip istemedi\u011fin&#8230; Hayallerine, hayat\u0131nda ne kadar yer a\u00e7t\u0131\u011f\u0131n ve bu u\u011furda ne emek g\u00f6sterdi\u011fin&#8230; E\u011fer ger\u00e7ekten istiyorsan, her hayal hakikate d\u00f6n\u00fc\u015f\u00fcr. \u015eimdi d\u00fc\u015f\u00fcn bakal\u0131m: Ger\u00e7ekten istiyor musun? Cevab\u0131n evet ise harekete ge\u00e7. Yar\u0131n de\u011fil bug\u00fcn. Sonra de\u011fil \u015fimdi. \u00c7\u00fcnk\u00fc evren i\u015fbirli\u011fi yapmak i\u00e7in seni bekliyor. Hayallerine sesini duyur. Onlar\u0131 bekledi\u011fini bilsinler. <\/p>\n","protected":false},"excerpt":{"rendered":"<p>R\u00fczg\u00e2r\u0131n y\u00f6n\u00fcn\u00fc de\u011fi\u015ftiremezsin ama yelkenini hedefine do\u011fru \u00e7evirebilirsin&#8230; XSENTIUS Bir i\u015fin olsun istiyorsun. Bir e\u015fin olsun istiyorsun. \u00c7ocu\u011fun olsun istiyorsun. Evin, araban olsun istiyorsun. Dileklerin ger\u00e7ek<span class=\"excerpt-hellip\"> [\u2026]<\/span><\/p>\n","protected":false},"featured_media":0,"template":"","meta":{"_monsterinsights_skip_tracking":false,"_monsterinsights_sitenote_active":false,"_monsterinsights_sitenote_note":"","_monsterinsights_sitenote_category":0},"product_brand":[],"product_cat":[12364,12376],"product_tag":[],"class_list":{"0":"post-729413","1":"product","2":"type-product","3":"status-publish","5":"product_cat-genel-konular","6":"product_cat-kisisel-gelisim","7":"pa_cilt-ciltsiz","8":"pa_tur-kitap","9":"pa_yayinevi-destek-yayinlari","10":"pa_yazar-anette-inselberg","12":"first","13":"instock","14":"sale","15":"shipping-taxable","16":"purchasable","17":"product-type-simple"},"_links":{"self":[{"href":"https:\/\/roveyayinevi.com.tr\/index.php\/wp-json\/wp\/v2\/product\/729413","targetHints":{"allow":["GET"]}}],"collection":[{"href":"https:\/\/roveyayinevi.com.tr\/index.php\/wp-json\/wp\/v2\/product"}],"about":[{"href":"https:\/\/roveyayinevi.com.tr\/index.php\/wp-json\/wp\/v2\/types\/product"}],"wp:attachment":[{"href":"https:\/\/roveyayinevi.com.tr\/index.php\/wp-json\/wp\/v2\/media?parent=729413"}],"wp:term":[{"taxonomy":"product_brand","embeddable":true,"href":"https:\/\/roveyayinevi.com.tr\/index.php\/wp-json\/wp\/v2\/product_brand?post=729413"},{"taxonomy":"product_cat","embeddable":true,"href":"https:\/\/roveyayinevi.com.tr\/index.php\/wp-json\/wp\/v2\/product_cat?post=729413"},{"taxonomy":"product_tag","embeddable":true,"href":"https:\/\/roveyayinevi.com.tr\/index.php\/wp-json\/wp\/v2\/product_tag?post=729413"}],"curies":[{"name":"wp","href":"https:\/\/api.w.org\/{rel}","templated":true}]}}