{"id":729410,"date":"2025-08-27T20:55:33","date_gmt":"2025-08-27T17:55:33","guid":{"rendered":"https:\/\/roveyayinevi.com.tr\/index.php\/urun\/kesfediyorum\/"},"modified":"2026-04-16T02:37:09","modified_gmt":"2026-04-15T23:37:09","slug":"kesfediyorum","status":"publish","type":"product","link":"https:\/\/roveyayinevi.com.tr\/index.php\/urun\/kesfediyorum\/","title":{"rendered":"Ke\u015ffediyorum"},"content":{"rendered":"<p>Anneci\u011fim! Babac\u0131\u011f\u0131m!Alt\u0131nc\u0131 ay\u0131ma geldim bile. Etraf\u0131m\u0131 ke\u015ffetmeye ba\u015flad\u0131m. Nesneleri tan\u0131maya \u00e7al\u0131\u015f\u0131rken, di\u015flerim ka\u015f\u0131n\u0131rken neler hissetti\u011fimi bu kitapta bulacaks\u0131n\u0131z. Yeni g\u0131dalar tadarken endi\u015felenmeyin, yeme\u011fimi yemedi\u011fimde \u00fcz\u00fclmeyin diye,neye ihtiyac\u0131m varsa size tek tek anlatt\u0131m.Bu kitab\u0131 birlikte okumak, kitaplarla ve sizinle ba\u011f kurmam\u0131 kolayla\u015ft\u0131r\u0131yor. Aram\u0131zdaki ba\u011f g\u00fcn ge\u00e7tik\u00e7e b\u00fcy\u00fcyor, geli\u015fiyor,  ben de sevginizle b\u00fcy\u00fcyorum<\/p>\n","protected":false},"excerpt":{"rendered":"<p>Anneci\u011fim! Babac\u0131\u011f\u0131m!Alt\u0131nc\u0131 ay\u0131ma geldim bile. Etraf\u0131m\u0131 ke\u015ffetmeye ba\u015flad\u0131m. Nesneleri tan\u0131maya \u00e7al\u0131\u015f\u0131rken, di\u015flerim ka\u015f\u0131n\u0131rken neler hissetti\u011fimi bu kitapta bulacaks\u0131n\u0131z. Yeni g\u0131dalar tadarken endi\u015felenmeyin, yeme\u011fimi yemedi\u011fimde \u00fcz\u00fclmeyin diye,neye<span class=\"excerpt-hellip\"> [\u2026]<\/span><\/p>\n","protected":false},"featured_media":0,"template":"","meta":{"_monsterinsights_skip_tracking":false,"_monsterinsights_sitenote_active":false,"_monsterinsights_sitenote_note":"","_monsterinsights_sitenote_category":0},"product_brand":[],"product_cat":[12275,12274],"product_tag":[],"class_list":{"0":"post-729410","1":"product","2":"type-product","3":"status-publish","5":"product_cat-6-12-yas-kitaplari","6":"product_cat-cocuk-ve-genclik-kitaplari","7":"pa_cilt-ciltsiz","8":"pa_tur-kitap","9":"pa_yayinevi-masalperest","10":"pa_yazar-gozde-erdogan","12":"first","13":"instock","14":"sale","15":"shipping-taxable","16":"purchasable","17":"product-type-simple"},"_links":{"self":[{"href":"https:\/\/roveyayinevi.com.tr\/index.php\/wp-json\/wp\/v2\/product\/729410","targetHints":{"allow":["GET"]}}],"collection":[{"href":"https:\/\/roveyayinevi.com.tr\/index.php\/wp-json\/wp\/v2\/product"}],"about":[{"href":"https:\/\/roveyayinevi.com.tr\/index.php\/wp-json\/wp\/v2\/types\/product"}],"wp:attachment":[{"href":"https:\/\/roveyayinevi.com.tr\/index.php\/wp-json\/wp\/v2\/media?parent=729410"}],"wp:term":[{"taxonomy":"product_brand","embeddable":true,"href":"https:\/\/roveyayinevi.com.tr\/index.php\/wp-json\/wp\/v2\/product_brand?post=729410"},{"taxonomy":"product_cat","embeddable":true,"href":"https:\/\/roveyayinevi.com.tr\/index.php\/wp-json\/wp\/v2\/product_cat?post=729410"},{"taxonomy":"product_tag","embeddable":true,"href":"https:\/\/roveyayinevi.com.tr\/index.php\/wp-json\/wp\/v2\/product_tag?post=729410"}],"curies":[{"name":"wp","href":"https:\/\/api.w.org\/{rel}","templated":true}]}}