{"id":729409,"date":"2025-08-27T20:55:32","date_gmt":"2025-08-27T17:55:32","guid":{"rendered":"https:\/\/roveyayinevi.com.tr\/index.php\/urun\/buyuyorum\/"},"modified":"2026-04-11T13:56:40","modified_gmt":"2026-04-11T10:56:40","slug":"buyuyorum","status":"publish","type":"product","link":"https:\/\/roveyayinevi.com.tr\/index.php\/urun\/buyuyorum\/","title":{"rendered":"B\u00fcy\u00fcyorum"},"content":{"rendered":"<p>Anneci\u011fim! Babac\u0131\u011f\u0131m!Emeklerken, ilk ad\u0131mlar\u0131m\u0131 atarken, d\u00fcnyay\u0131 \u00f6zg\u00fcrce ke\u015ffetmek isterken neler hissetti\u011fimi bu kitapta bulacaks\u0131n\u0131z. Art\u0131k dokuz ayl\u0131k oldum. Benimle oynaman\u0131z, bak\u0131m\u0131mda zorlanmaman\u0131z i\u00e7in aram\u0131zdaki ba\u011f\u0131 geli\u015ftirecek baz\u0131 \u00f6neriler de yazd\u0131m size.Bu kitab\u0131 birlikte okumak, kitaplarla ve sizinle kurdu\u011fum ba\u011f\u0131 derinle\u015ftiriyor. Aram\u0131zdaki ba\u011f g\u00fcn ge\u00e7tik\u00e7e b\u00fcy\u00fcyor, geli\u015fiyor, ben de sevginizle b\u00fcy\u00fcyorum. <\/p>\n","protected":false},"excerpt":{"rendered":"<p>Anneci\u011fim! Babac\u0131\u011f\u0131m!Emeklerken, ilk ad\u0131mlar\u0131m\u0131 atarken, d\u00fcnyay\u0131 \u00f6zg\u00fcrce ke\u015ffetmek isterken neler hissetti\u011fimi bu kitapta bulacaks\u0131n\u0131z. Art\u0131k dokuz ayl\u0131k oldum. Benimle oynaman\u0131z, bak\u0131m\u0131mda zorlanmaman\u0131z i\u00e7in aram\u0131zdaki ba\u011f\u0131 geli\u015ftirecek<span class=\"excerpt-hellip\"> [\u2026]<\/span><\/p>\n","protected":false},"featured_media":0,"template":"","meta":{"_monsterinsights_skip_tracking":false,"_monsterinsights_sitenote_active":false,"_monsterinsights_sitenote_note":"","_monsterinsights_sitenote_category":0},"product_brand":[],"product_cat":[12275,12274],"product_tag":[],"class_list":{"0":"post-729409","1":"product","2":"type-product","3":"status-publish","5":"product_cat-6-12-yas-kitaplari","6":"product_cat-cocuk-ve-genclik-kitaplari","7":"pa_cilt-ciltsiz","8":"pa_tur-kitap","9":"pa_yayinevi-masalperest","10":"pa_yazar-gozde-erdogan","12":"first","13":"instock","14":"sale","15":"shipping-taxable","16":"purchasable","17":"product-type-simple"},"_links":{"self":[{"href":"https:\/\/roveyayinevi.com.tr\/index.php\/wp-json\/wp\/v2\/product\/729409","targetHints":{"allow":["GET"]}}],"collection":[{"href":"https:\/\/roveyayinevi.com.tr\/index.php\/wp-json\/wp\/v2\/product"}],"about":[{"href":"https:\/\/roveyayinevi.com.tr\/index.php\/wp-json\/wp\/v2\/types\/product"}],"wp:attachment":[{"href":"https:\/\/roveyayinevi.com.tr\/index.php\/wp-json\/wp\/v2\/media?parent=729409"}],"wp:term":[{"taxonomy":"product_brand","embeddable":true,"href":"https:\/\/roveyayinevi.com.tr\/index.php\/wp-json\/wp\/v2\/product_brand?post=729409"},{"taxonomy":"product_cat","embeddable":true,"href":"https:\/\/roveyayinevi.com.tr\/index.php\/wp-json\/wp\/v2\/product_cat?post=729409"},{"taxonomy":"product_tag","embeddable":true,"href":"https:\/\/roveyayinevi.com.tr\/index.php\/wp-json\/wp\/v2\/product_tag?post=729409"}],"curies":[{"name":"wp","href":"https:\/\/api.w.org\/{rel}","templated":true}]}}