{"id":729408,"date":"2025-08-27T20:55:31","date_gmt":"2025-08-27T17:55:31","guid":{"rendered":"https:\/\/roveyayinevi.com.tr\/index.php\/urun\/merhaba-dunya-2\/"},"modified":"2026-04-16T02:37:09","modified_gmt":"2026-04-15T23:37:09","slug":"merhaba-dunya-2","status":"publish","type":"product","link":"https:\/\/roveyayinevi.com.tr\/index.php\/urun\/merhaba-dunya-2\/","title":{"rendered":"Merhaba D\u00fcnya"},"content":{"rendered":"<p>Anneci\u011fim! Babac\u0131\u011f\u0131m!D\u00fcnyaya g\u00f6zlerimi ilk a\u00e7t\u0131\u011f\u0131mda, emerken, kuca\u011f\u0131n\u0131za ald\u0131\u011f\u0131n\u0131zda, yat\u0131rd\u0131\u011f\u0131n\u0131zda neler hissetti\u011fimi bu kitapta bulacaks\u0131n\u0131z. A\u011flad\u0131\u011f\u0131mda hemen endi\u015felenmeyin, uyumak istemedi\u011fimde \u00fcz\u00fclmeyin diye, neye ihtiyac\u0131m varsa size tek tek anlatt\u0131m. Sayfalar\u0131n aras\u0131nda dola\u015f\u0131rken siz de benim d\u00fcnyam\u0131 t\u0131pk\u0131 g\u00f6zlerimi a\u00e7t\u0131\u011f\u0131mda ilk g\u00f6rd\u00fc\u011f\u00fcm gibi siyah beyaz g\u00f6receksiniz.Birlikte okuyaca\u011f\u0131m\u0131z bu ilk kitab\u0131mla ilk ba\u011flar\u0131m\u0131z\u0131 da kuruyoruz. Aram\u0131zdaki ba\u011f g\u00fcn ge\u00e7tik\u00e7e b\u00fcy\u00fcyor, geli\u015fiyor, ben de sevginizle b\u00fcy\u00fcyorum. <\/p>\n","protected":false},"excerpt":{"rendered":"<p>Anneci\u011fim! Babac\u0131\u011f\u0131m!D\u00fcnyaya g\u00f6zlerimi ilk a\u00e7t\u0131\u011f\u0131mda, emerken, kuca\u011f\u0131n\u0131za ald\u0131\u011f\u0131n\u0131zda, yat\u0131rd\u0131\u011f\u0131n\u0131zda neler hissetti\u011fimi bu kitapta bulacaks\u0131n\u0131z. A\u011flad\u0131\u011f\u0131mda hemen endi\u015felenmeyin, uyumak istemedi\u011fimde \u00fcz\u00fclmeyin diye, neye ihtiyac\u0131m varsa size tek<span class=\"excerpt-hellip\"> [\u2026]<\/span><\/p>\n","protected":false},"featured_media":0,"template":"","meta":{"_monsterinsights_skip_tracking":false,"_monsterinsights_sitenote_active":false,"_monsterinsights_sitenote_note":"","_monsterinsights_sitenote_category":0},"product_brand":[],"product_cat":[15192,12274],"product_tag":[],"class_list":{"0":"post-729408","1":"product","2":"type-product","3":"status-publish","5":"product_cat-1-3-yas-kitaplari","6":"product_cat-cocuk-ve-genclik-kitaplari","7":"pa_cilt-ciltsiz","8":"pa_tur-kitap","9":"pa_yayinevi-masalperest","10":"pa_yazar-gozde-erdogan","12":"first","13":"instock","14":"sale","15":"shipping-taxable","16":"purchasable","17":"product-type-simple"},"_links":{"self":[{"href":"https:\/\/roveyayinevi.com.tr\/index.php\/wp-json\/wp\/v2\/product\/729408","targetHints":{"allow":["GET"]}}],"collection":[{"href":"https:\/\/roveyayinevi.com.tr\/index.php\/wp-json\/wp\/v2\/product"}],"about":[{"href":"https:\/\/roveyayinevi.com.tr\/index.php\/wp-json\/wp\/v2\/types\/product"}],"wp:attachment":[{"href":"https:\/\/roveyayinevi.com.tr\/index.php\/wp-json\/wp\/v2\/media?parent=729408"}],"wp:term":[{"taxonomy":"product_brand","embeddable":true,"href":"https:\/\/roveyayinevi.com.tr\/index.php\/wp-json\/wp\/v2\/product_brand?post=729408"},{"taxonomy":"product_cat","embeddable":true,"href":"https:\/\/roveyayinevi.com.tr\/index.php\/wp-json\/wp\/v2\/product_cat?post=729408"},{"taxonomy":"product_tag","embeddable":true,"href":"https:\/\/roveyayinevi.com.tr\/index.php\/wp-json\/wp\/v2\/product_tag?post=729408"}],"curies":[{"name":"wp","href":"https:\/\/api.w.org\/{rel}","templated":true}]}}