{"id":729407,"date":"2025-08-27T20:55:30","date_gmt":"2025-08-27T17:55:30","guid":{"rendered":"https:\/\/roveyayinevi.com.tr\/index.php\/urun\/alisiyorum\/"},"modified":"2026-04-16T02:37:09","modified_gmt":"2026-04-15T23:37:09","slug":"alisiyorum","status":"publish","type":"product","link":"https:\/\/roveyayinevi.com.tr\/index.php\/urun\/alisiyorum\/","title":{"rendered":"Al\u0131\u015f\u0131yorum"},"content":{"rendered":"<p>Anneci\u011fim! Babac\u0131\u011f\u0131m!D\u00fcnyaya al\u0131\u015f\u0131rken, her \u015feyi ilk defa deneyimlerken neler hissetti\u011fimi bu kitapta bulacaks\u0131n\u0131z. Sayfalar\u0131 \u00e7evirdik\u00e7e, aram\u0131zdaki ba\u011f\u0131 geli\u015ftirmek i\u00e7in yapman\u0131z gerekenlere dair \u00e7ok \u015fey \u00f6\u011freneceksiniz.Art\u0131k \u00fc\u00e7\u00fcnc\u00fc ay\u0131mday\u0131m, bu kitab\u0131 birlikte okumak, kitaplarla ve sizinle ba\u011f kurmam\u0131 kolayla\u015ft\u0131r\u0131yor. Aram\u0131zdaki ba\u011f g\u00fcn ge\u00e7tik\u00e7e b\u00fcy\u00fcyor, geli\u015fiyor, ben de sevginizle b\u00fcy\u00fcyorum. <\/p>\n","protected":false},"excerpt":{"rendered":"<p>Anneci\u011fim! Babac\u0131\u011f\u0131m!D\u00fcnyaya al\u0131\u015f\u0131rken, her \u015feyi ilk defa deneyimlerken neler hissetti\u011fimi bu kitapta bulacaks\u0131n\u0131z. Sayfalar\u0131 \u00e7evirdik\u00e7e, aram\u0131zdaki ba\u011f\u0131 geli\u015ftirmek i\u00e7in yapman\u0131z gerekenlere dair \u00e7ok \u015fey \u00f6\u011freneceksiniz.Art\u0131k \u00fc\u00e7\u00fcnc\u00fc<span class=\"excerpt-hellip\"> [\u2026]<\/span><\/p>\n","protected":false},"featured_media":0,"template":"","meta":{"_monsterinsights_skip_tracking":false,"_monsterinsights_sitenote_active":false,"_monsterinsights_sitenote_note":"","_monsterinsights_sitenote_category":0},"product_brand":[],"product_cat":[12913,12274],"product_tag":[],"class_list":{"0":"post-729407","1":"product","2":"type-product","3":"status-publish","5":"product_cat-3-6-yas-kitaplari","6":"product_cat-cocuk-ve-genclik-kitaplari","7":"pa_cilt-ciltsiz","8":"pa_tur-kitap","9":"pa_yayinevi-masalperest","10":"pa_yazar-gozde-erdogan","12":"first","13":"instock","14":"sale","15":"shipping-taxable","16":"purchasable","17":"product-type-simple"},"_links":{"self":[{"href":"https:\/\/roveyayinevi.com.tr\/index.php\/wp-json\/wp\/v2\/product\/729407","targetHints":{"allow":["GET"]}}],"collection":[{"href":"https:\/\/roveyayinevi.com.tr\/index.php\/wp-json\/wp\/v2\/product"}],"about":[{"href":"https:\/\/roveyayinevi.com.tr\/index.php\/wp-json\/wp\/v2\/types\/product"}],"wp:attachment":[{"href":"https:\/\/roveyayinevi.com.tr\/index.php\/wp-json\/wp\/v2\/media?parent=729407"}],"wp:term":[{"taxonomy":"product_brand","embeddable":true,"href":"https:\/\/roveyayinevi.com.tr\/index.php\/wp-json\/wp\/v2\/product_brand?post=729407"},{"taxonomy":"product_cat","embeddable":true,"href":"https:\/\/roveyayinevi.com.tr\/index.php\/wp-json\/wp\/v2\/product_cat?post=729407"},{"taxonomy":"product_tag","embeddable":true,"href":"https:\/\/roveyayinevi.com.tr\/index.php\/wp-json\/wp\/v2\/product_tag?post=729407"}],"curies":[{"name":"wp","href":"https:\/\/api.w.org\/{rel}","templated":true}]}}