{"id":729399,"date":"2025-08-27T20:55:21","date_gmt":"2025-08-27T17:55:21","guid":{"rendered":"https:\/\/roveyayinevi.com.tr\/index.php\/urun\/sarap-koyusu\/"},"modified":"2026-04-16T02:37:09","modified_gmt":"2026-04-15T23:37:09","slug":"sarap-koyusu","status":"publish","type":"product","link":"https:\/\/roveyayinevi.com.tr\/index.php\/urun\/sarap-koyusu\/","title":{"rendered":"\u015earap Koyusu"},"content":{"rendered":"<p>Tanr\u0131lar\u0131n i\u00e7ece\u011fi, y\u00fcce krallar\u0131n sofralar\u0131n\u0131n eksilmez iksiri. \u015earap&#8230; Mitolojiden edebiyata, ziyafet sofralar\u0131ndan g\u00fcnl\u00fck sofralara uzanan kadim bir yolcu. Anadolu topraklar\u0131n\u0131n \u015farapla 7 bin y\u0131ld\u0131r s\u00fcren dans\u0131, g\u00fcn\u00fcm\u00fczde Ege\u2019nin, Trakya\u2019n\u0131n ve Anadolu\u2019nun butik \u015farap \u00fcreticilerinin, b\u00fcy\u00fck i\u00e7ki gruplar\u0131n\u0131n \u00f6zverili \u00e7al\u0131\u015fmalar\u0131nda can buluyor. \u015earap, varolu\u015fu itibar\u0131yla sanatla, m\u00fczikle, gastronomiyle girift bir ya\u015fam s\u00fcrerken, \u015farapseverler de bu e\u015fsiz varolu\u015fa tan\u0131kl\u0131k etmenin keyfini s\u00fcr\u00fcyorlar. Zeynep \u00c7olako\u011flu, kimya y\u00fcksek m\u00fchendisi ve \u015farap tad\u0131mc\u0131s\u0131 kimli\u011fi ile edebiyat\u00e7\u0131 kimli\u011fini birle\u015ftiriyor; \u015farab\u0131n Dionysos\u2019la literat\u00fcre giren ser\u00fcvenini, \u00fcretimine dair incelikleri, \u015farab\u0131n kendine has jargonu ve l\u00fcgatiyle anlat\u0131yor ve bu anlat\u0131y\u0131 k\u00fc\u00e7\u00fck bir \u015farap s\u00f6zl\u00fc\u011f\u00fc ile ta\u00e7land\u0131r\u0131yor. \u015earap sekt\u00f6r\u00fcnde aktif bir yere sahip olan, ayn\u0131 zamanda sanat\u0131n \u00e7e\u015fitli kollar\u0131yla, m\u00fczikle ya da edebiyatla ilgilenen konuklar\u0131yla \u015farab\u0131n ser\u00fcvenini irdeliyor. \u015earab\u0131n ABC\u2019si, damaklarda a\u011fdalanan bu kadim iksirin t\u00fcm s\u0131rlar\u0131 \u015earap Koyusu\u2019nda can buluyor.<\/p>\n","protected":false},"excerpt":{"rendered":"<p>Tanr\u0131lar\u0131n i\u00e7ece\u011fi, y\u00fcce krallar\u0131n sofralar\u0131n\u0131n eksilmez iksiri. \u015earap&#8230; Mitolojiden edebiyata, ziyafet sofralar\u0131ndan g\u00fcnl\u00fck sofralara uzanan kadim bir yolcu. Anadolu topraklar\u0131n\u0131n \u015farapla 7 bin y\u0131ld\u0131r s\u00fcren dans\u0131,<span class=\"excerpt-hellip\"> [\u2026]<\/span><\/p>\n","protected":false},"featured_media":0,"template":"","meta":{"_monsterinsights_skip_tracking":false,"_monsterinsights_sitenote_active":false,"_monsterinsights_sitenote_note":"","_monsterinsights_sitenote_category":0},"product_brand":[],"product_cat":[13072,12291],"product_tag":[],"class_list":{"0":"post-729399","1":"product","2":"type-product","3":"status-publish","5":"product_cat-arastirma-inceleme-referans","6":"product_cat-edebiyat","7":"pa_cilt-ciltsiz","8":"pa_tur-kitap","9":"pa_yayinevi-kara-karga-yayinlari","10":"pa_yazar-zeynep-colakoglu","12":"first","13":"instock","14":"sale","15":"shipping-taxable","16":"purchasable","17":"product-type-simple"},"_links":{"self":[{"href":"https:\/\/roveyayinevi.com.tr\/index.php\/wp-json\/wp\/v2\/product\/729399","targetHints":{"allow":["GET"]}}],"collection":[{"href":"https:\/\/roveyayinevi.com.tr\/index.php\/wp-json\/wp\/v2\/product"}],"about":[{"href":"https:\/\/roveyayinevi.com.tr\/index.php\/wp-json\/wp\/v2\/types\/product"}],"wp:attachment":[{"href":"https:\/\/roveyayinevi.com.tr\/index.php\/wp-json\/wp\/v2\/media?parent=729399"}],"wp:term":[{"taxonomy":"product_brand","embeddable":true,"href":"https:\/\/roveyayinevi.com.tr\/index.php\/wp-json\/wp\/v2\/product_brand?post=729399"},{"taxonomy":"product_cat","embeddable":true,"href":"https:\/\/roveyayinevi.com.tr\/index.php\/wp-json\/wp\/v2\/product_cat?post=729399"},{"taxonomy":"product_tag","embeddable":true,"href":"https:\/\/roveyayinevi.com.tr\/index.php\/wp-json\/wp\/v2\/product_tag?post=729399"}],"curies":[{"name":"wp","href":"https:\/\/api.w.org\/{rel}","templated":true}]}}