{"id":729398,"date":"2025-08-27T20:55:20","date_gmt":"2025-08-27T17:55:20","guid":{"rendered":"https:\/\/roveyayinevi.com.tr\/index.php\/urun\/yalnizligin-kitabi\/"},"modified":"2026-04-16T02:37:09","modified_gmt":"2026-04-15T23:37:09","slug":"yalnizligin-kitabi","status":"publish","type":"product","link":"https:\/\/roveyayinevi.com.tr\/index.php\/urun\/yalnizligin-kitabi\/","title":{"rendered":"Yaln\u0131zl\u0131\u011f\u0131n Kitab\u0131"},"content":{"rendered":"<p>Yaln\u0131zl\u0131k i\u00e7in \u201c\u00e7a\u011f\u0131n hastal\u0131\u011f\u0131\u201d diyorlar. Peki \u00f6yle mi ger\u00e7ekten? Yoksa yaln\u0131zl\u0131k, Aristo\u2019nun \u201cpolitik bir hayvan\u201d diye niteledi\u011fi kafas\u0131 kar\u0131\u015f\u0131k ve her daim me\u015fgul insan\u0131n en kadim dostu, en arkada\u015f canl\u0131s\u0131 arkada\u015f\u0131 m\u0131? Tenhas\u0131n\u0131 yitiren kentlerde kuytu bulamad\u0131\u011f\u0131m\u0131zdan m\u0131 kendimizi yaln\u0131z hissediyoruz bu y\u00fczy\u0131lda? Afili yaln\u0131zl\u0131klardan sefil yaln\u0131zl\u0131klara do\u011fru ilerleyen eski ve b\u00fcy\u00fck bir destan, yaln\u0131zl\u0131\u011f\u0131n tarihi. Mitosun tanr\u0131lar\u0131ndan mitolojik kahramanlara, anti-kahramanlardan varolu\u015f\u00e7ulu\u011fun s\u0131radan ve s\u0131k\u0131c\u0131, i\u00e7 bunalt\u0131c\u0131 karakterlerine uzan\u0131yor. Hatta mekandan, metruktan, evden ve avludan y\u00fcz\u00fcm\u00fcze yans\u0131yan bir olu\u015f halini al\u0131yor. Yazardan, edit\u00f6rden ve okuyucudan ge\u00e7iyor. Neticede farkl\u0131 kulvarlardan 12 isim bir araya geliyor, insan\u0131n yatay ve dikey d\u00fczlemde yaln\u0131zl\u0131\u011f\u0131n\u0131 d\u00fc\u015f\u00fcn\u00fcyor, irdeliyor, kaleme d\u00f6k\u00fcyor<\/p>\n","protected":false},"excerpt":{"rendered":"<p>Yaln\u0131zl\u0131k i\u00e7in \u201c\u00e7a\u011f\u0131n hastal\u0131\u011f\u0131\u201d diyorlar. Peki \u00f6yle mi ger\u00e7ekten? Yoksa yaln\u0131zl\u0131k, Aristo\u2019nun \u201cpolitik bir hayvan\u201d diye niteledi\u011fi kafas\u0131 kar\u0131\u015f\u0131k ve her daim me\u015fgul insan\u0131n en kadim<span class=\"excerpt-hellip\"> [\u2026]<\/span><\/p>\n","protected":false},"featured_media":0,"template":"","meta":{"_monsterinsights_skip_tracking":false,"_monsterinsights_sitenote_active":false,"_monsterinsights_sitenote_note":"","_monsterinsights_sitenote_category":0},"product_brand":[],"product_cat":[12777,12291],"product_tag":[],"class_list":{"0":"post-729398","1":"product","2":"type-product","3":"status-publish","5":"product_cat-deneme","6":"product_cat-edebiyat","7":"pa_cilt-ciltsiz","8":"pa_tur-kitap","9":"pa_yayinevi-kara-karga-yayinlari","10":"pa_yazar-kara-karga-yayinlari-kolektif","12":"first","13":"instock","14":"sale","15":"shipping-taxable","16":"purchasable","17":"product-type-simple"},"_links":{"self":[{"href":"https:\/\/roveyayinevi.com.tr\/index.php\/wp-json\/wp\/v2\/product\/729398","targetHints":{"allow":["GET"]}}],"collection":[{"href":"https:\/\/roveyayinevi.com.tr\/index.php\/wp-json\/wp\/v2\/product"}],"about":[{"href":"https:\/\/roveyayinevi.com.tr\/index.php\/wp-json\/wp\/v2\/types\/product"}],"wp:attachment":[{"href":"https:\/\/roveyayinevi.com.tr\/index.php\/wp-json\/wp\/v2\/media?parent=729398"}],"wp:term":[{"taxonomy":"product_brand","embeddable":true,"href":"https:\/\/roveyayinevi.com.tr\/index.php\/wp-json\/wp\/v2\/product_brand?post=729398"},{"taxonomy":"product_cat","embeddable":true,"href":"https:\/\/roveyayinevi.com.tr\/index.php\/wp-json\/wp\/v2\/product_cat?post=729398"},{"taxonomy":"product_tag","embeddable":true,"href":"https:\/\/roveyayinevi.com.tr\/index.php\/wp-json\/wp\/v2\/product_tag?post=729398"}],"curies":[{"name":"wp","href":"https:\/\/api.w.org\/{rel}","templated":true}]}}