{"id":729397,"date":"2025-08-27T20:55:19","date_gmt":"2025-08-27T17:55:19","guid":{"rendered":"https:\/\/roveyayinevi.com.tr\/index.php\/urun\/hacker-2-krallarin-oyunu\/"},"modified":"2026-04-16T02:37:09","modified_gmt":"2026-04-15T23:37:09","slug":"hacker-2-krallarin-oyunu","status":"publish","type":"product","link":"https:\/\/roveyayinevi.com.tr\/index.php\/urun\/hacker-2-krallarin-oyunu\/","title":{"rendered":"Hacker 2 \u2013 Krallar\u0131n Oyunu"},"content":{"rendered":"<p>\u201cHer zaman bir \u00e7\u0131k\u0131\u015f yolu vard\u0131r. Sadece g\u00fc\u00e7s\u00fczler pes eder, kalk ve onlara kimin daha g\u00fc\u00e7l\u00fc oldu\u011funu g\u00f6ster!&#8221; dedi ve g\u00f6zden kayboldu Tilki.   Krallar\u0131n Oyunu, tam olarak o anda ba\u015flad\u0131. Masada iki kral vard\u0131: OBT ve ABD. Kendi \u00e7\u0131karlar\u0131n\u0131 d\u00fc\u015f\u00fcnerek verdikleri kararlar\u0131n \u00e7ok \u00f6nemli sonu\u00e7lar\u0131 olacakt\u0131. Her iki taraf i\u00e7in de&#8230;   \u201cHer birimiz birer Simurg olmay\u0131 g\u00f6ze almad\u0131k\u00e7a batakl\u0131\u011f\u0131m\u0131zda, t\u00fcneklerimizde ve kafeslerimizde ya\u015famaktan kurtulamayaca\u011f\u0131z.\u201d <\/p>\n","protected":false},"excerpt":{"rendered":"<p>\u201cHer zaman bir \u00e7\u0131k\u0131\u015f yolu vard\u0131r. Sadece g\u00fc\u00e7s\u00fczler pes eder, kalk ve onlara kimin daha g\u00fc\u00e7l\u00fc oldu\u011funu g\u00f6ster!&#8221; dedi ve g\u00f6zden kayboldu Tilki. Krallar\u0131n Oyunu, tam<span class=\"excerpt-hellip\"> [\u2026]<\/span><\/p>\n","protected":false},"featured_media":0,"template":"","meta":{"_monsterinsights_skip_tracking":false,"_monsterinsights_sitenote_active":false,"_monsterinsights_sitenote_note":"","_monsterinsights_sitenote_category":0},"product_brand":[],"product_cat":[12291,50487],"product_tag":[],"class_list":{"0":"post-729397","1":"product","2":"type-product","3":"status-publish","5":"product_cat-edebiyat","6":"product_cat-kurgu","7":"pa_cilt-ciltsiz","8":"pa_tur-kitap","9":"pa_yayinevi-epsilon-yayinlari","10":"pa_yazar-murat-eksi","12":"first","13":"instock","14":"sale","15":"shipping-taxable","16":"purchasable","17":"product-type-simple"},"_links":{"self":[{"href":"https:\/\/roveyayinevi.com.tr\/index.php\/wp-json\/wp\/v2\/product\/729397","targetHints":{"allow":["GET"]}}],"collection":[{"href":"https:\/\/roveyayinevi.com.tr\/index.php\/wp-json\/wp\/v2\/product"}],"about":[{"href":"https:\/\/roveyayinevi.com.tr\/index.php\/wp-json\/wp\/v2\/types\/product"}],"wp:attachment":[{"href":"https:\/\/roveyayinevi.com.tr\/index.php\/wp-json\/wp\/v2\/media?parent=729397"}],"wp:term":[{"taxonomy":"product_brand","embeddable":true,"href":"https:\/\/roveyayinevi.com.tr\/index.php\/wp-json\/wp\/v2\/product_brand?post=729397"},{"taxonomy":"product_cat","embeddable":true,"href":"https:\/\/roveyayinevi.com.tr\/index.php\/wp-json\/wp\/v2\/product_cat?post=729397"},{"taxonomy":"product_tag","embeddable":true,"href":"https:\/\/roveyayinevi.com.tr\/index.php\/wp-json\/wp\/v2\/product_tag?post=729397"}],"curies":[{"name":"wp","href":"https:\/\/api.w.org\/{rel}","templated":true}]}}