{"id":729389,"date":"2025-08-27T20:55:12","date_gmt":"2025-08-27T17:55:12","guid":{"rendered":"https:\/\/roveyayinevi.com.tr\/index.php\/urun\/modern-cagda-musluman-nazariyla-varolus-ve-olum\/"},"modified":"2026-04-16T02:37:09","modified_gmt":"2026-04-15T23:37:09","slug":"modern-cagda-musluman-nazariyla-varolus-ve-olum","status":"publish","type":"product","link":"https:\/\/roveyayinevi.com.tr\/index.php\/urun\/modern-cagda-musluman-nazariyla-varolus-ve-olum\/","title":{"rendered":"Modern \u00c7a\u011fda M\u00fcsl\u00fcman Nazar\u0131yla &#8211; Varolu\u015f Ve \u00d6l\u00fcm"},"content":{"rendered":"<p>Modern \u00c7a\u011fda M\u00fcsl\u00fcman Nazar\u0131yla Varolu\u015f Ve \u00d6l\u00fcm<\/p>\n","protected":false},"excerpt":{"rendered":"<p>Modern \u00c7a\u011fda M\u00fcsl\u00fcman Nazar\u0131yla Varolu\u015f Ve \u00d6l\u00fcm<\/p>\n","protected":false},"featured_media":0,"template":"","meta":{"_monsterinsights_skip_tracking":false,"_monsterinsights_sitenote_active":false,"_monsterinsights_sitenote_note":"","_monsterinsights_sitenote_category":0},"product_brand":[],"product_cat":[12573,12566],"product_tag":[],"class_list":{"0":"post-729389","1":"product","2":"type-product","3":"status-publish","5":"product_cat-akademik-kitaplar","6":"product_cat-egitim","7":"pa_cilt-ciltsiz","8":"pa_tur-kitap","9":"pa_yayinevi-soncag-akademik-kitaplar","10":"pa_yazar-muhammet-altaytas","12":"first","13":"instock","14":"sale","15":"shipping-taxable","16":"purchasable","17":"product-type-simple"},"_links":{"self":[{"href":"https:\/\/roveyayinevi.com.tr\/index.php\/wp-json\/wp\/v2\/product\/729389","targetHints":{"allow":["GET"]}}],"collection":[{"href":"https:\/\/roveyayinevi.com.tr\/index.php\/wp-json\/wp\/v2\/product"}],"about":[{"href":"https:\/\/roveyayinevi.com.tr\/index.php\/wp-json\/wp\/v2\/types\/product"}],"wp:attachment":[{"href":"https:\/\/roveyayinevi.com.tr\/index.php\/wp-json\/wp\/v2\/media?parent=729389"}],"wp:term":[{"taxonomy":"product_brand","embeddable":true,"href":"https:\/\/roveyayinevi.com.tr\/index.php\/wp-json\/wp\/v2\/product_brand?post=729389"},{"taxonomy":"product_cat","embeddable":true,"href":"https:\/\/roveyayinevi.com.tr\/index.php\/wp-json\/wp\/v2\/product_cat?post=729389"},{"taxonomy":"product_tag","embeddable":true,"href":"https:\/\/roveyayinevi.com.tr\/index.php\/wp-json\/wp\/v2\/product_tag?post=729389"}],"curies":[{"name":"wp","href":"https:\/\/api.w.org\/{rel}","templated":true}]}}