{"id":729388,"date":"2025-08-27T20:55:11","date_gmt":"2025-08-27T17:55:11","guid":{"rendered":"https:\/\/roveyayinevi.com.tr\/index.php\/urun\/atsronot-digidik\/"},"modified":"2026-04-16T02:37:08","modified_gmt":"2026-04-15T23:37:08","slug":"atsronot-digidik","status":"publish","type":"product","link":"https:\/\/roveyayinevi.com.tr\/index.php\/urun\/atsronot-digidik\/","title":{"rendered":"Atsronot D\u0131g\u0131d\u0131k"},"content":{"rendered":"<p>O bir at! Belki ad\u0131n\u0131 da bilirsiniz: DIGIDIK T\u00fcm \u00e7ay\u0131rlar onundur: Ko\u015far ko\u015far ko\u015far\u2026 Nallar\u0131ndan \u00e7\u0131kan m\u00fczik ne g\u00fczeldir: \u015e\u0131p\u0131\u2019d\u0131k \u015f\u0131p\u0131\u2019d\u0131k\u2026 \u00d6yle h\u0131zl\u0131 ki! G\u00f6renler der: \u201cBu at sanki ko\u015fmaz da u\u00e7ar!\u201d D\u0131g\u0131d\u0131k\u2019\u0131n g\u00f6z\u00fc hep y\u00fckseklerde: U\u00e7mak, ku\u015flar gibi g\u00f6ky\u00fcz\u00fcnde s\u00fcz\u00fclmek tek hayali! Hatta daha y\u00fckse\u011fe \u00e7\u0131kabilir, belki uzaya bile gidebilir bir g\u00fcn\u2026 Neden ATsronot olamas\u0131n ki? De\u011fil mi m\u00fcmk\u00fcn? ATsronot D\u0131g\u0131d\u0131k, hayallerin e\u011flenceli g\u00fczelli\u011fine ve en \u00f6nemlisi de kar\u015f\u0131l\u0131ks\u0131z sevginin kocamanl\u0131\u011f\u0131na dair u\u00e7uk ka\u00e7\u0131k bir \u00f6yk\u00fc\u2026<\/p>\n","protected":false},"excerpt":{"rendered":"<p>O bir at! Belki ad\u0131n\u0131 da bilirsiniz: DIGIDIK T\u00fcm \u00e7ay\u0131rlar onundur: Ko\u015far ko\u015far ko\u015far\u2026 Nallar\u0131ndan \u00e7\u0131kan m\u00fczik ne g\u00fczeldir: \u015e\u0131p\u0131\u2019d\u0131k \u015f\u0131p\u0131\u2019d\u0131k\u2026 \u00d6yle h\u0131zl\u0131 ki! G\u00f6renler der:<span class=\"excerpt-hellip\"> [\u2026]<\/span><\/p>\n","protected":false},"featured_media":0,"template":"","meta":{"_monsterinsights_skip_tracking":false,"_monsterinsights_sitenote_active":false,"_monsterinsights_sitenote_note":"","_monsterinsights_sitenote_category":0},"product_brand":[],"product_cat":[12913,12274],"product_tag":[],"class_list":{"0":"post-729388","1":"product","2":"type-product","3":"status-publish","5":"product_cat-3-6-yas-kitaplari","6":"product_cat-cocuk-ve-genclik-kitaplari","7":"pa_cilt-ciltsiz","8":"pa_tur-kitap","9":"pa_yayinevi-turkuvaz-kitap","10":"pa_yazar-dogukan-isler","12":"first","13":"instock","14":"sale","15":"shipping-taxable","16":"purchasable","17":"product-type-simple"},"_links":{"self":[{"href":"https:\/\/roveyayinevi.com.tr\/index.php\/wp-json\/wp\/v2\/product\/729388","targetHints":{"allow":["GET"]}}],"collection":[{"href":"https:\/\/roveyayinevi.com.tr\/index.php\/wp-json\/wp\/v2\/product"}],"about":[{"href":"https:\/\/roveyayinevi.com.tr\/index.php\/wp-json\/wp\/v2\/types\/product"}],"wp:attachment":[{"href":"https:\/\/roveyayinevi.com.tr\/index.php\/wp-json\/wp\/v2\/media?parent=729388"}],"wp:term":[{"taxonomy":"product_brand","embeddable":true,"href":"https:\/\/roveyayinevi.com.tr\/index.php\/wp-json\/wp\/v2\/product_brand?post=729388"},{"taxonomy":"product_cat","embeddable":true,"href":"https:\/\/roveyayinevi.com.tr\/index.php\/wp-json\/wp\/v2\/product_cat?post=729388"},{"taxonomy":"product_tag","embeddable":true,"href":"https:\/\/roveyayinevi.com.tr\/index.php\/wp-json\/wp\/v2\/product_tag?post=729388"}],"curies":[{"name":"wp","href":"https:\/\/api.w.org\/{rel}","templated":true}]}}