{"id":729385,"date":"2025-08-27T20:55:08","date_gmt":"2025-08-27T17:55:08","guid":{"rendered":"https:\/\/roveyayinevi.com.tr\/index.php\/urun\/oncu-musluman-kadinlar\/"},"modified":"2026-04-16T02:37:08","modified_gmt":"2026-04-15T23:37:08","slug":"oncu-musluman-kadinlar","status":"publish","type":"product","link":"https:\/\/roveyayinevi.com.tr\/index.php\/urun\/oncu-musluman-kadinlar\/","title":{"rendered":"\u00d6nc\u00fc M\u00fcsl\u00fcman Kad\u0131nlar"},"content":{"rendered":"<p>\u00d6nc\u00fc M\u00fcsl\u00fcman Kad\u0131nlar\u2019da Osmanl\u0131 kad\u0131n yazarlar\u0131n\u0131n ke\u015ffetmeye ve in\u015fa etmeye \u00e7abalad\u0131\u011f\u0131 M\u00fcsl\u00fcman kad\u0131nlar gelene\u011fine tan\u0131k oluyoruz. \u0130slamiyet\u2019in ba\u015flang\u0131c\u0131ndan 19. y\u00fczy\u0131l sonuna kadarki d\u00f6nemde ya\u015fam\u0131\u015f y\u00f6netici, \u00e2lim, sanat\u00e7\u0131 ve edebiyat\u00e7\u0131 M\u00fcsl\u00fcman kad\u0131nlar\u0131n deneyimleri hem birbiriyle kar\u015f\u0131la\u015f\u0131yor hem birbirine ekleniyor.  Fatma Aliye\u2019nin Namdaran-\u0131 Zenan-\u0131 \u0130slamiyan ve Sabiha\u2019s\u0131n\u0131, Emine Semiye\u2019nin Emir \u00c7oban K\u0131zlar\u0131 yahut \u0130ki Kad\u0131nda Ayn\u0131 Talih, \u201cTa\u015f Hatun\u201d ve \u201cK\u0131ymet-i Nisviyet\u201dini ve Fatma \u015eadiye\u2019nin Hz. Muhammed\u2019in yak\u0131n\u0131ndaki kad\u0131nlar\u0131 anlatan metinlerini bir araya getiren bu derlemede biyografi, tiyatro, novella ve hik\u00e2ye gibi t\u00fcrler arac\u0131l\u0131\u011f\u0131yla kad\u0131nlar\u0131n tarihi, haf\u0131zas\u0131 ve edebiyat\u0131 i\u00e7 i\u00e7e ge\u00e7iyor. <\/p>\n","protected":false},"excerpt":{"rendered":"<p>\u00d6nc\u00fc M\u00fcsl\u00fcman Kad\u0131nlar\u2019da Osmanl\u0131 kad\u0131n yazarlar\u0131n\u0131n ke\u015ffetmeye ve in\u015fa etmeye \u00e7abalad\u0131\u011f\u0131 M\u00fcsl\u00fcman kad\u0131nlar gelene\u011fine tan\u0131k oluyoruz. \u0130slamiyet\u2019in ba\u015flang\u0131c\u0131ndan 19. y\u00fczy\u0131l sonuna kadarki d\u00f6nemde ya\u015fam\u0131\u015f y\u00f6netici, \u00e2lim,<span class=\"excerpt-hellip\"> [\u2026]<\/span><\/p>\n","protected":false},"featured_media":0,"template":"","meta":{"_monsterinsights_skip_tracking":false,"_monsterinsights_sitenote_active":false,"_monsterinsights_sitenote_note":"","_monsterinsights_sitenote_category":0},"product_brand":[],"product_cat":[12370,12304],"product_tag":[],"class_list":{"0":"post-729385","1":"product","2":"type-product","3":"status-publish","5":"product_cat-arastirma-inceleme","6":"product_cat-tarih","7":"pa_cilt-ciltsiz","8":"pa_tur-kitap","9":"pa_yayinevi-turkuvaz-kitap","10":"pa_yazar-turkuvaz-kitap-kolektif","12":"first","13":"instock","14":"sale","15":"shipping-taxable","16":"purchasable","17":"product-type-simple"},"_links":{"self":[{"href":"https:\/\/roveyayinevi.com.tr\/index.php\/wp-json\/wp\/v2\/product\/729385","targetHints":{"allow":["GET"]}}],"collection":[{"href":"https:\/\/roveyayinevi.com.tr\/index.php\/wp-json\/wp\/v2\/product"}],"about":[{"href":"https:\/\/roveyayinevi.com.tr\/index.php\/wp-json\/wp\/v2\/types\/product"}],"wp:attachment":[{"href":"https:\/\/roveyayinevi.com.tr\/index.php\/wp-json\/wp\/v2\/media?parent=729385"}],"wp:term":[{"taxonomy":"product_brand","embeddable":true,"href":"https:\/\/roveyayinevi.com.tr\/index.php\/wp-json\/wp\/v2\/product_brand?post=729385"},{"taxonomy":"product_cat","embeddable":true,"href":"https:\/\/roveyayinevi.com.tr\/index.php\/wp-json\/wp\/v2\/product_cat?post=729385"},{"taxonomy":"product_tag","embeddable":true,"href":"https:\/\/roveyayinevi.com.tr\/index.php\/wp-json\/wp\/v2\/product_tag?post=729385"}],"curies":[{"name":"wp","href":"https:\/\/api.w.org\/{rel}","templated":true}]}}