{"id":729383,"date":"2025-08-27T20:55:06","date_gmt":"2025-08-27T17:55:06","guid":{"rendered":"https:\/\/roveyayinevi.com.tr\/index.php\/urun\/kirmizi-balon-ucuyor\/"},"modified":"2026-04-16T02:37:08","modified_gmt":"2026-04-15T23:37:08","slug":"kirmizi-balon-ucuyor","status":"publish","type":"product","link":"https:\/\/roveyayinevi.com.tr\/index.php\/urun\/kirmizi-balon-ucuyor\/","title":{"rendered":"K\u0131rm\u0131z\u0131 Balon U\u00e7uyor"},"content":{"rendered":"<p>Yazar Seda Aksoy Evren\u2019in kaleme ald\u0131\u011f\u0131 bu heyecan dolu \u00f6yk\u00fc g\u00f6ky\u00fcz\u00fcne uzan\u0131yor.   K\u0131rm\u0131z\u0131 balon, di\u011fer t\u00fcm balonlar\u0131n aksine g\u00f6ky\u00fcz\u00fcn\u00fcn maviliklerinde y\u00fckseliyor. Bir \u00e7am a\u011fac\u0131 ile tan\u0131\u015fmas\u0131yla ba\u015flayan bu \u00f6zg\u00fcrl\u00fck ser\u00fcveni, kayan bir y\u0131ld\u0131z\u0131n ard\u0131ndan gitmesiyle devam ediyor. K\u0131rm\u0131z\u0131 balon, masals\u0131 bir yolculu\u011fun r\u00fczg\u00e2r\u0131nda s\u00fcr\u00fcklenirken siz de bu balonun pe\u015fine tak\u0131l\u0131p maceraya ortak olun!    \u201c\u0130\u015fte, dile\u011finiz! K\u0131rm\u0131z\u0131 bir balon\u2026\u201d <\/p>\n","protected":false},"excerpt":{"rendered":"<p>Yazar Seda Aksoy Evren\u2019in kaleme ald\u0131\u011f\u0131 bu heyecan dolu \u00f6yk\u00fc g\u00f6ky\u00fcz\u00fcne uzan\u0131yor. K\u0131rm\u0131z\u0131 balon, di\u011fer t\u00fcm balonlar\u0131n aksine g\u00f6ky\u00fcz\u00fcn\u00fcn maviliklerinde y\u00fckseliyor. Bir \u00e7am a\u011fac\u0131 ile tan\u0131\u015fmas\u0131yla<span class=\"excerpt-hellip\"> [\u2026]<\/span><\/p>\n","protected":false},"featured_media":0,"template":"","meta":{"_monsterinsights_skip_tracking":false,"_monsterinsights_sitenote_active":false,"_monsterinsights_sitenote_note":"","_monsterinsights_sitenote_category":0},"product_brand":[],"product_cat":[12913,12274],"product_tag":[],"class_list":{"0":"post-729383","1":"product","2":"type-product","3":"status-publish","5":"product_cat-3-6-yas-kitaplari","6":"product_cat-cocuk-ve-genclik-kitaplari","7":"pa_cilt-ciltsiz","8":"pa_tur-kitap","9":"pa_yayinevi-ucanfil-ozel-urun","10":"pa_yazar-seda-aksoy-evren","12":"first","13":"instock","14":"sale","15":"shipping-taxable","16":"purchasable","17":"product-type-simple"},"_links":{"self":[{"href":"https:\/\/roveyayinevi.com.tr\/index.php\/wp-json\/wp\/v2\/product\/729383","targetHints":{"allow":["GET"]}}],"collection":[{"href":"https:\/\/roveyayinevi.com.tr\/index.php\/wp-json\/wp\/v2\/product"}],"about":[{"href":"https:\/\/roveyayinevi.com.tr\/index.php\/wp-json\/wp\/v2\/types\/product"}],"wp:attachment":[{"href":"https:\/\/roveyayinevi.com.tr\/index.php\/wp-json\/wp\/v2\/media?parent=729383"}],"wp:term":[{"taxonomy":"product_brand","embeddable":true,"href":"https:\/\/roveyayinevi.com.tr\/index.php\/wp-json\/wp\/v2\/product_brand?post=729383"},{"taxonomy":"product_cat","embeddable":true,"href":"https:\/\/roveyayinevi.com.tr\/index.php\/wp-json\/wp\/v2\/product_cat?post=729383"},{"taxonomy":"product_tag","embeddable":true,"href":"https:\/\/roveyayinevi.com.tr\/index.php\/wp-json\/wp\/v2\/product_tag?post=729383"}],"curies":[{"name":"wp","href":"https:\/\/api.w.org\/{rel}","templated":true}]}}