{"id":729382,"date":"2025-08-27T20:55:06","date_gmt":"2025-08-27T17:55:06","guid":{"rendered":"https:\/\/roveyayinevi.com.tr\/index.php\/urun\/yedi-ozgurlukcuyle-kubizm\/"},"modified":"2026-04-16T02:37:08","modified_gmt":"2026-04-15T23:37:08","slug":"yedi-ozgurlukcuyle-kubizm","status":"publish","type":"product","link":"https:\/\/roveyayinevi.com.tr\/index.php\/urun\/yedi-ozgurlukcuyle-kubizm\/","title":{"rendered":"Yedi \u00d6zg\u00fcrl\u00fck\u00e7\u00fcyle K\u00fcbizm"},"content":{"rendered":"<p>\u201cGer\u00e7ek zaten vard\u0131r, yalan\u0131 icat etmek gerekir.\u201d -Georges Braque Foto\u011fraf makineleri, ses kay\u0131t cihazlar\u0131, telefonlar, otomobiller, u\u00e7aklar ve bilumum icatlar peyda oldu, mertlik bozuldu. Ressamlar\u0131n olan\u0131 oldu\u011fu gibi resmetmelerinin hi\u00e7bir anlam\u0131 kalmad\u0131. Foto\u011fraf makinelerini a\u015fmalar\u0131 gerekiyordu art\u0131k. B\u00f6ylece ne oldu? M\u00fcjdeler olsun k\u00fcbizm do\u011fdu! Hareketin ba\u015f\u0131n\u0131 \u00e7eken Pablo Picasso, gelece\u011fin foto\u011fraf\u00e7\u0131l\u0131\u011f\u0131 ve videografisi aras\u0131nda kalan ressamlara e\u011fer hayatta kalmak istiyorlarsa resmin yeniden icat edilmesi gerekti\u011fini s\u00f6yledi. Art\u0131k yeni bir bak\u0131\u015f a\u00e7\u0131s\u0131 laz\u0131md\u0131 hayatta kalmak i\u00e7in. Yedi \u00f6zg\u00fcrl\u00fck\u00e7\u00fc sanat\u00e7\u0131, bu yolda devrim niteli\u011finde bir bak\u0131\u015f a\u00e7\u0131s\u0131 icat etti. \u00d6mr\u00fcn\u00fcn ne kadar uzun ya da k\u0131sa oldu\u011fu m\u00fchim de\u011fildi. M\u00fchim olan icat edebilme cesareti ve \u00f6zg\u00fcrl\u00fc\u011f\u00fcyd\u00fc. Hayatta kalmak i\u00e7in yeni bak\u0131\u015f a\u00e7\u0131lar\u0131 icat etme cesareti arayanlara sars\u0131c\u0131 bir rehber&#8230; <\/p>\n","protected":false},"excerpt":{"rendered":"<p>\u201cGer\u00e7ek zaten vard\u0131r, yalan\u0131 icat etmek gerekir.\u201d -Georges Braque Foto\u011fraf makineleri, ses kay\u0131t cihazlar\u0131, telefonlar, otomobiller, u\u00e7aklar ve bilumum icatlar peyda oldu, mertlik bozuldu. Ressamlar\u0131n olan\u0131<span class=\"excerpt-hellip\"> [\u2026]<\/span><\/p>\n","protected":false},"featured_media":0,"template":"","meta":{"_monsterinsights_skip_tracking":false,"_monsterinsights_sitenote_active":false,"_monsterinsights_sitenote_note":"","_monsterinsights_sitenote_category":0},"product_brand":[],"product_cat":[12409,12408],"product_tag":[],"class_list":{"0":"post-729382","1":"product","2":"type-product","3":"status-publish","5":"product_cat-fotograf-sinema-tiyatro","6":"product_cat-sanat","7":"pa_cilt-ciltsiz","8":"pa_tur-kitap","9":"pa_yayinevi-destek-yayinlari","10":"pa_yazar-onur-atac","12":"first","13":"instock","14":"sale","15":"shipping-taxable","16":"purchasable","17":"product-type-simple"},"_links":{"self":[{"href":"https:\/\/roveyayinevi.com.tr\/index.php\/wp-json\/wp\/v2\/product\/729382","targetHints":{"allow":["GET"]}}],"collection":[{"href":"https:\/\/roveyayinevi.com.tr\/index.php\/wp-json\/wp\/v2\/product"}],"about":[{"href":"https:\/\/roveyayinevi.com.tr\/index.php\/wp-json\/wp\/v2\/types\/product"}],"wp:attachment":[{"href":"https:\/\/roveyayinevi.com.tr\/index.php\/wp-json\/wp\/v2\/media?parent=729382"}],"wp:term":[{"taxonomy":"product_brand","embeddable":true,"href":"https:\/\/roveyayinevi.com.tr\/index.php\/wp-json\/wp\/v2\/product_brand?post=729382"},{"taxonomy":"product_cat","embeddable":true,"href":"https:\/\/roveyayinevi.com.tr\/index.php\/wp-json\/wp\/v2\/product_cat?post=729382"},{"taxonomy":"product_tag","embeddable":true,"href":"https:\/\/roveyayinevi.com.tr\/index.php\/wp-json\/wp\/v2\/product_tag?post=729382"}],"curies":[{"name":"wp","href":"https:\/\/api.w.org\/{rel}","templated":true}]}}