{"id":729381,"date":"2025-08-27T20:55:05","date_gmt":"2025-08-27T17:55:05","guid":{"rendered":"https:\/\/roveyayinevi.com.tr\/index.php\/urun\/on-iki-ofkeli-sanatciyla-dadaizm\/"},"modified":"2026-04-16T02:37:08","modified_gmt":"2026-04-15T23:37:08","slug":"on-iki-ofkeli-sanatciyla-dadaizm","status":"publish","type":"product","link":"https:\/\/roveyayinevi.com.tr\/index.php\/urun\/on-iki-ofkeli-sanatciyla-dadaizm\/","title":{"rendered":"On \u0130ki \u00d6fkeli Sanat\u00e7\u0131yla Dadaizm"},"content":{"rendered":"<p>&#8221;Temiz fikirleriniz olsun istiyorsan\u0131z, onlar\u0131 g\u00f6mlekleriniz kadar s\u0131k de\u011fi\u015ftirin.&#8221; -Francis Picabia Hayal k\u0131r\u0131kl\u0131\u011f\u0131 i\u00e7inde on iki \u00f6fkeli sanat\u00e7\u0131&#8230; On iki Dadaist! Ya\u015fad\u0131klar\u0131 d\u00fcnyaya, sava\u015fa, topluma, yoklu\u011fa, sanata ve \u00e7aresizli\u011fe tepkililer. Tan\u0131k olduklar\u0131 hatta kendilerinin de kat\u0131lmak zorunda kald\u0131klar\u0131 d\u00fcnya sava\u015flar\u0131n\u0131n sadece mal ve can kayb\u0131na yol a\u00e7mad\u0131\u011f\u0131n\u0131, geride kalanlar \u00fczerinde de b\u00fcy\u00fck ekonomik ve ruhsal y\u0131k\u0131mlara neden oldu\u011funu g\u00f6r\u00fcp ya\u015fayan on iki anar\u015fist&#8230; Sava\u015f ma\u011fduru bu asi \u00e7ocuklar, ya\u015fananlardan dolay\u0131 k\u0131rg\u0131nd\u0131lar, \u00fczg\u00fcnd\u00fcler. Yeteneklerini b\u00fcy\u00fck bir \u00f6fkeyle sergilemek i\u00e7in bir araya gelmeye karar verdiler sonunda. Otoriteye kar\u015f\u0131 duracaklar, herhangi bir lidere ya da ideolojiye ihtiya\u00e7 duymadan burjuvazinin kirli sanat\u0131na meydan okuyarak o kirli sanat\u0131 yerle bir edeceklerdi. Her \u015feyi y\u0131k\u0131p yeniden ba\u015flamak isteyenler i\u00e7in ilhamla ve umutla dolu bir y\u0131k\u0131m rehberi&#8230; <\/p>\n","protected":false},"excerpt":{"rendered":"<p>&#8221;Temiz fikirleriniz olsun istiyorsan\u0131z, onlar\u0131 g\u00f6mlekleriniz kadar s\u0131k de\u011fi\u015ftirin.&#8221; -Francis Picabia Hayal k\u0131r\u0131kl\u0131\u011f\u0131 i\u00e7inde on iki \u00f6fkeli sanat\u00e7\u0131&#8230; On iki Dadaist! Ya\u015fad\u0131klar\u0131 d\u00fcnyaya, sava\u015fa, topluma, yoklu\u011fa,<span class=\"excerpt-hellip\"> [\u2026]<\/span><\/p>\n","protected":false},"featured_media":0,"template":"","meta":{"_monsterinsights_skip_tracking":false,"_monsterinsights_sitenote_active":false,"_monsterinsights_sitenote_note":"","_monsterinsights_sitenote_category":0},"product_brand":[],"product_cat":[44608,12408],"product_tag":[],"class_list":{"0":"post-729381","1":"product","2":"type-product","3":"status-publish","5":"product_cat-diger-sanat","6":"product_cat-sanat","7":"pa_cilt-ciltsiz","8":"pa_tur-kitap","9":"pa_yayinevi-destek-yayinlari","10":"pa_yazar-onur-atac","12":"first","13":"instock","14":"sale","15":"shipping-taxable","16":"purchasable","17":"product-type-simple"},"_links":{"self":[{"href":"https:\/\/roveyayinevi.com.tr\/index.php\/wp-json\/wp\/v2\/product\/729381","targetHints":{"allow":["GET"]}}],"collection":[{"href":"https:\/\/roveyayinevi.com.tr\/index.php\/wp-json\/wp\/v2\/product"}],"about":[{"href":"https:\/\/roveyayinevi.com.tr\/index.php\/wp-json\/wp\/v2\/types\/product"}],"wp:attachment":[{"href":"https:\/\/roveyayinevi.com.tr\/index.php\/wp-json\/wp\/v2\/media?parent=729381"}],"wp:term":[{"taxonomy":"product_brand","embeddable":true,"href":"https:\/\/roveyayinevi.com.tr\/index.php\/wp-json\/wp\/v2\/product_brand?post=729381"},{"taxonomy":"product_cat","embeddable":true,"href":"https:\/\/roveyayinevi.com.tr\/index.php\/wp-json\/wp\/v2\/product_cat?post=729381"},{"taxonomy":"product_tag","embeddable":true,"href":"https:\/\/roveyayinevi.com.tr\/index.php\/wp-json\/wp\/v2\/product_tag?post=729381"}],"curies":[{"name":"wp","href":"https:\/\/api.w.org\/{rel}","templated":true}]}}