{"id":729380,"date":"2025-08-27T20:55:04","date_gmt":"2025-08-27T17:55:04","guid":{"rendered":"https:\/\/roveyayinevi.com.tr\/index.php\/urun\/baskasinin-politikasi\/"},"modified":"2026-04-16T02:37:08","modified_gmt":"2026-04-15T23:37:08","slug":"baskasinin-politikasi","status":"publish","type":"product","link":"https:\/\/roveyayinevi.com.tr\/index.php\/urun\/baskasinin-politikasi\/","title":{"rendered":"Ba\u015fkas\u0131n\u0131n Politikas\u0131"},"content":{"rendered":"<p>\u201cNasyonal Sosyalizm\u2019den bekledi\u011fim \u015fey b\u00fct\u00fcnl\u00fc\u011f\u00fc i\u00e7inde ya\u015fam\u0131n tinsel bir yenilenmesi, toplumsal antagonizmalar\u0131n uzla\u015ft\u0131r\u0131lmas\u0131 ve Bat\u0131 Dasein\u2019\u0131n\u0131n kom\u00fcnizmin tehlikelerinden kurtar\u0131lmas\u0131yd\u0131.\u201dMartin Heidegger\u201cFelsefe ise, kendi pay\u0131na, sahiden de Emperyalizm \u00c7a\u011f\u0131\u2019n\u0131n evlad\u0131 oldu\u011funu kan\u0131tlad\u0131.\u201dRanajit Guha\u201cCuma\u2019n\u0131n diliyle ilgili pek \u00e7ok \u00f6yk\u00fc anlat\u0131labilir, ama as\u0131l \u00f6yk\u00fcy\u00fc dilsiz Cuma bilir.\u201dJohn Maxwell Coetzee\u2018Ba\u015fkal\u0131k\u2019 \u00e7a\u011fda\u015f felsefeye y\u00f6n veren isimlerin d\u00fc\u015f\u00fcncesinde kurucu bir unsurdu. \u00d6zellikle 20. y\u00fczy\u0131l\u0131n ilk yar\u0131s\u0131nda Avrupa k\u00fclt\u00fcr\u00fcn\u00fcn krizi, ba\u015fka bir\u00e7ok alanda oldu\u011fu gibi felsefede de masaya yat\u0131r\u0131ld\u0131.Bu kitab\u0131n ana ba\u015fl\u0131klar\u0131na konu olan Husserl, Heidegger ve Levinas, bir yandan Avrupa k\u00fclt\u00fcr\u00fcn\u00fcn krizine bir \u00e7\u00f6z\u00fcm aray\u0131\u015f\u0131 i\u00e7ine girdiler, di\u011fer yandan da bu \u00e7\u00f6z\u00fcm\u00fc \u2018ba\u015fkal\u0131k\u2019la, \u2018ba\u015fkas\u0131\u2019yla ili\u015fkilendirdiler.Avrupa k\u00fclt\u00fcr\u00fcn\u00fcn kendi y\u0131k\u0131m\u0131yla kar\u015f\u0131 kar\u015f\u0131ya kal\u0131\u015f\u0131, asl\u0131nda ba\u015fkal\u0131kla y\u00fczle\u015fme bi\u00e7iminde sakl\u0131yd\u0131. Bu ba\u011flamda Onur Kartal, \u2018Bat\u0131\u2019y\u0131 ve \u00f6zneyi sorunsalla\u015ft\u0131rarak ba\u015fkal\u0131k meselesini ele alm\u0131\u015f bu \u00fc\u00e7 b\u00fcy\u00fck d\u00fc\u015f\u00fcn\u00fcr\u00fcn mesaisini tart\u0131\u015f\u0131yor. Husserl\u2019in \u2018ba\u015fkal\u0131\u011f\u0131n fenomenolojisi\u2019, Heidegger\u2019in \u2018ba\u015fkal\u0131\u011f\u0131n fundamental ontolojisi\u2019, Levinas\u2019\u0131n \u2018ba\u015fkal\u0131k eti\u011fi\u2019 eserde ele al\u0131nan konulardand\u0131r. Bu kitap problemlerin \u00fczerine giden ve \u00e7\u0131k\u0131\u015f yollar\u0131 arayan, devrimci anlamda \u2018Ba\u015fkas\u0131n\u0131n Politikas\u0131\u2019n\u0131 kurman\u0131n olanak ve s\u0131n\u0131rl\u0131l\u0131klar\u0131n\u0131 sorgulayan bir bak\u0131\u015f\u0131n \u00fcr\u00fcn\u00fcd\u00fcr.<\/p>\n","protected":false},"excerpt":{"rendered":"<p>\u201cNasyonal Sosyalizm\u2019den bekledi\u011fim \u015fey b\u00fct\u00fcnl\u00fc\u011f\u00fc i\u00e7inde ya\u015fam\u0131n tinsel bir yenilenmesi, toplumsal antagonizmalar\u0131n uzla\u015ft\u0131r\u0131lmas\u0131 ve Bat\u0131 Dasein\u2019\u0131n\u0131n kom\u00fcnizmin tehlikelerinden kurtar\u0131lmas\u0131yd\u0131.\u201dMartin Heidegger\u201cFelsefe ise, kendi pay\u0131na, sahiden de Emperyalizm<span class=\"excerpt-hellip\"> [\u2026]<\/span><\/p>\n","protected":false},"featured_media":0,"template":"","meta":{"_monsterinsights_skip_tracking":false,"_monsterinsights_sitenote_active":false,"_monsterinsights_sitenote_note":"","_monsterinsights_sitenote_category":0},"product_brand":[],"product_cat":[12388,13555],"product_tag":[],"class_list":{"0":"post-729380","1":"product","2":"type-product","3":"status-publish","5":"product_cat-felsefe","6":"product_cat-genel-felsefe","7":"pa_cilt-ciltsiz","8":"pa_tur-kitap","9":"pa_yayinevi-fol-kitap","10":"pa_yazar-onur-kartal","12":"first","13":"instock","14":"sale","15":"shipping-taxable","16":"purchasable","17":"product-type-simple"},"_links":{"self":[{"href":"https:\/\/roveyayinevi.com.tr\/index.php\/wp-json\/wp\/v2\/product\/729380","targetHints":{"allow":["GET"]}}],"collection":[{"href":"https:\/\/roveyayinevi.com.tr\/index.php\/wp-json\/wp\/v2\/product"}],"about":[{"href":"https:\/\/roveyayinevi.com.tr\/index.php\/wp-json\/wp\/v2\/types\/product"}],"wp:attachment":[{"href":"https:\/\/roveyayinevi.com.tr\/index.php\/wp-json\/wp\/v2\/media?parent=729380"}],"wp:term":[{"taxonomy":"product_brand","embeddable":true,"href":"https:\/\/roveyayinevi.com.tr\/index.php\/wp-json\/wp\/v2\/product_brand?post=729380"},{"taxonomy":"product_cat","embeddable":true,"href":"https:\/\/roveyayinevi.com.tr\/index.php\/wp-json\/wp\/v2\/product_cat?post=729380"},{"taxonomy":"product_tag","embeddable":true,"href":"https:\/\/roveyayinevi.com.tr\/index.php\/wp-json\/wp\/v2\/product_tag?post=729380"}],"curies":[{"name":"wp","href":"https:\/\/api.w.org\/{rel}","templated":true}]}}