{"id":729379,"date":"2025-08-27T20:55:04","date_gmt":"2025-08-27T17:55:04","guid":{"rendered":"https:\/\/roveyayinevi.com.tr\/index.php\/urun\/cagdas-kita-felsefesi\/"},"modified":"2026-04-16T02:37:08","modified_gmt":"2026-04-15T23:37:08","slug":"cagdas-kita-felsefesi","status":"publish","type":"product","link":"https:\/\/roveyayinevi.com.tr\/index.php\/urun\/cagdas-kita-felsefesi\/","title":{"rendered":"\u00c7a\u011fda\u015f K\u0131ta Felsefesi"},"content":{"rendered":"<p>Bu kitap, \u00e7a\u011fda\u015f felsefeye ve K\u0131ta Avrupa Felsefesine bir giri\u015f niteli\u011findedir. \u00c7a\u011fda\u015f K\u0131ta Felsefesine y\u00f6n veren filozoflar\u0131n temel eserleri \u00fczerinden \u00e7a\u011f\u0131m\u0131z felsefesini anlama ser\u00fcvenine bir \u00e7a\u011fr\u0131d\u0131r. Bergson\u2019la ba\u015flayacak olan bu ser\u00fcvende Husserl, Heidegger ve Sartre ilk felsefi u\u011fraklar olacakt\u0131r. Ard\u0131ndan Levinas, Arendt, Merleau-Ponty, Simon de Beauvoir\u2019la devam edecek olan \u00c7a\u011fda\u015f K\u0131ta Felsefesinin yolculu\u011fu Deleuze ve Derrida ile son bulacakt\u0131r.Bergson\u2019un zaman felsefesi, Husserl fenomenolojisi, Heidegger\u2019in varl\u0131k anlay\u0131\u015f\u0131, Sartre\u2019\u0131n diyalektik ak\u0131l ve \u00f6zg\u00fcrl\u00fck felsefesi, Levinas\u2019\u0131n ba\u015fkal\u0131k eti\u011fi yan\u0131nda, bu kitapta, Arendt\u2019in totalitarizm ve k\u00f6t\u00fcl\u00fck anlay\u0131\u015f\u0131, Merleau-Ponty\u2019nin beden ve ten felsefesi, Simon de Beauvoir\u2019n\u0131n mu\u011flakl\u0131k eti\u011fi, Deleuze ve Guattari\u2019nin fark ve tekrar felsefeleri ve son olarak Derrida\u2019n\u0131n dekonstr\u00fcksiyonu ele al\u0131nacakt\u0131r.Bu de\u011ferli \u00e7al\u0131\u015fmay\u0131 Zeynep Direk\u2019in kaleminden sizlere sunuyoruz.<\/p>\n","protected":false},"excerpt":{"rendered":"<p>Bu kitap, \u00e7a\u011fda\u015f felsefeye ve K\u0131ta Avrupa Felsefesine bir giri\u015f niteli\u011findedir. \u00c7a\u011fda\u015f K\u0131ta Felsefesine y\u00f6n veren filozoflar\u0131n temel eserleri \u00fczerinden \u00e7a\u011f\u0131m\u0131z felsefesini anlama ser\u00fcvenine bir \u00e7a\u011fr\u0131d\u0131r.<span class=\"excerpt-hellip\"> [\u2026]<\/span><\/p>\n","protected":false},"featured_media":0,"template":"","meta":{"_monsterinsights_skip_tracking":false,"_monsterinsights_sitenote_active":false,"_monsterinsights_sitenote_note":"","_monsterinsights_sitenote_category":0},"product_brand":[],"product_cat":[12388,13555],"product_tag":[],"class_list":{"0":"post-729379","1":"product","2":"type-product","3":"status-publish","5":"product_cat-felsefe","6":"product_cat-genel-felsefe","7":"pa_cilt-ciltsiz","8":"pa_tur-kitap","9":"pa_yayinevi-fol-kitap","10":"pa_yazar-zeynep-direk","12":"first","13":"instock","14":"sale","15":"shipping-taxable","16":"purchasable","17":"product-type-simple"},"_links":{"self":[{"href":"https:\/\/roveyayinevi.com.tr\/index.php\/wp-json\/wp\/v2\/product\/729379","targetHints":{"allow":["GET"]}}],"collection":[{"href":"https:\/\/roveyayinevi.com.tr\/index.php\/wp-json\/wp\/v2\/product"}],"about":[{"href":"https:\/\/roveyayinevi.com.tr\/index.php\/wp-json\/wp\/v2\/types\/product"}],"wp:attachment":[{"href":"https:\/\/roveyayinevi.com.tr\/index.php\/wp-json\/wp\/v2\/media?parent=729379"}],"wp:term":[{"taxonomy":"product_brand","embeddable":true,"href":"https:\/\/roveyayinevi.com.tr\/index.php\/wp-json\/wp\/v2\/product_brand?post=729379"},{"taxonomy":"product_cat","embeddable":true,"href":"https:\/\/roveyayinevi.com.tr\/index.php\/wp-json\/wp\/v2\/product_cat?post=729379"},{"taxonomy":"product_tag","embeddable":true,"href":"https:\/\/roveyayinevi.com.tr\/index.php\/wp-json\/wp\/v2\/product_tag?post=729379"}],"curies":[{"name":"wp","href":"https:\/\/api.w.org\/{rel}","templated":true}]}}