{"id":729377,"date":"2025-08-27T20:55:02","date_gmt":"2025-08-27T17:55:02","guid":{"rendered":"https:\/\/roveyayinevi.com.tr\/index.php\/urun\/mars-onculeri\/"},"modified":"2026-04-16T02:37:08","modified_gmt":"2026-04-15T23:37:08","slug":"mars-onculeri","status":"publish","type":"product","link":"https:\/\/roveyayinevi.com.tr\/index.php\/urun\/mars-onculeri\/","title":{"rendered":"Mars \u00d6nc\u00fcleri"},"content":{"rendered":"<p>Mars y\u00f6r\u00fcngesine yerle\u015ftirilen aynalar sayesinde buzlar eriyor, gezegende sera etkisi olu\u015fturma amac\u0131yla tesisler kuruluyordu. Ancak bu, D\u00fcnya\u2019daki \u015fartlara uygunya\u015fam\u0131 Mars\u2019ta olu\u015fturmak i\u00e7in yeterli gelmiyordu. \u00c7\u00fcnk\u00fc \u0131s\u0131, gezegende e\u015fit bir \u015fekilde yay\u0131lm\u0131yordu. E\u011fer ekvatoru \u0131s\u0131tacak olursan\u0131z, kutuplar daha fazla so\u011fumaya ba\u015flar, kutuplar\u0131 \u0131s\u0131tacak olursan\u0131z, ekvator so\u011fumaya ba\u015flar. Bu y\u00fczden bir milyon kilometre uzakl\u0131ktaki bir y\u00f6r\u00fcngeye yapay manyetik alan olu\u015fturucular yerle\u015ftirilmesi gerekiyordu. D\u00fcnya\u2019da hastanelerde kullan\u0131lan klasik MR cihazlar\u0131 bile Mars atmosferini belli noktalarda koruyabilirdi. Tek yap\u0131lmas\u0131 gereken, bu cihazlar\u0131 K\u0131z\u0131l Gezegen\u2019e uygun bir \u015fekilde \u00fcretmekti. Unutmayal\u0131m ki manyetosfer olmazsa atmosfer de yeterli miktarda kal\u0131n olmaz.<\/p>\n","protected":false},"excerpt":{"rendered":"<p>Mars y\u00f6r\u00fcngesine yerle\u015ftirilen aynalar sayesinde buzlar eriyor, gezegende sera etkisi olu\u015fturma amac\u0131yla tesisler kuruluyordu. Ancak bu, D\u00fcnya\u2019daki \u015fartlara uygunya\u015fam\u0131 Mars\u2019ta olu\u015fturmak i\u00e7in yeterli gelmiyordu. \u00c7\u00fcnk\u00fc \u0131s\u0131,<span class=\"excerpt-hellip\"> [\u2026]<\/span><\/p>\n","protected":false},"featured_media":0,"template":"","meta":{"_monsterinsights_skip_tracking":false,"_monsterinsights_sitenote_active":false,"_monsterinsights_sitenote_note":"","_monsterinsights_sitenote_category":0},"product_brand":[],"product_cat":[12275,12274],"product_tag":[],"class_list":{"0":"post-729377","1":"product","2":"type-product","3":"status-publish","5":"product_cat-6-12-yas-kitaplari","6":"product_cat-cocuk-ve-genclik-kitaplari","7":"pa_cilt-ciltsiz","8":"pa_tur-kitap","9":"pa_yayinevi-fa-yayinlari","10":"pa_yazar-abdullah-kundakci-hilmi-isik","12":"first","13":"instock","14":"sale","15":"shipping-taxable","16":"purchasable","17":"product-type-simple"},"_links":{"self":[{"href":"https:\/\/roveyayinevi.com.tr\/index.php\/wp-json\/wp\/v2\/product\/729377","targetHints":{"allow":["GET"]}}],"collection":[{"href":"https:\/\/roveyayinevi.com.tr\/index.php\/wp-json\/wp\/v2\/product"}],"about":[{"href":"https:\/\/roveyayinevi.com.tr\/index.php\/wp-json\/wp\/v2\/types\/product"}],"wp:attachment":[{"href":"https:\/\/roveyayinevi.com.tr\/index.php\/wp-json\/wp\/v2\/media?parent=729377"}],"wp:term":[{"taxonomy":"product_brand","embeddable":true,"href":"https:\/\/roveyayinevi.com.tr\/index.php\/wp-json\/wp\/v2\/product_brand?post=729377"},{"taxonomy":"product_cat","embeddable":true,"href":"https:\/\/roveyayinevi.com.tr\/index.php\/wp-json\/wp\/v2\/product_cat?post=729377"},{"taxonomy":"product_tag","embeddable":true,"href":"https:\/\/roveyayinevi.com.tr\/index.php\/wp-json\/wp\/v2\/product_tag?post=729377"}],"curies":[{"name":"wp","href":"https:\/\/api.w.org\/{rel}","templated":true}]}}