{"id":729376,"date":"2025-08-27T20:55:01","date_gmt":"2025-08-27T17:55:01","guid":{"rendered":"https:\/\/roveyayinevi.com.tr\/index.php\/urun\/fesligiller\/"},"modified":"2026-04-16T02:37:08","modified_gmt":"2026-04-15T23:37:08","slug":"fesligiller","status":"publish","type":"product","link":"https:\/\/roveyayinevi.com.tr\/index.php\/urun\/fesligiller\/","title":{"rendered":"Fesligiller"},"content":{"rendered":"<p>Bu insanlara Arap\u00e7\u0131l\u0131k ad\u0131na ihanet edenler kimlerdi? Neden ihanet i\u00e7indeler?\u2018Sefil hayat\u0131n i\u00e7in beni su\u00e7lamay\u0131 b\u0131rak \u00e7\u00fcnk\u00fc ben sana hi\u00e7bir zaman e\u011flenmenin, g\u00fclmenin, \u00fcz\u00fclmenin yanl\u0131\u015f bir \u015fey oldu\u011funu ya da g\u00fcnahkar oldu\u011funu ya da cinselli\u011fin k\u00f6t\u00fc bir \u015fey oldu\u011funu s\u00f6ylemedim!\u2019 \u2018San\u0131l\u0131r ki ya\u015fam denilen tekneyi istedi\u011finiz zaman sahile ya da kuytu bir k\u00f6\u015feye \u00e7ekmek i\u00e7in yaln\u0131zca d\u00fcmenine gereksinim duyars\u0131n\u0131z. Aldand\u0131\u011f\u0131n\u0131z\u0131, ya\u015famlar\u0131n\u0131z\u0131 elinizden almaya \u00e7al\u0131\u015fanlar\u0131 g\u00f6rd\u00fck\u00e7e anlars\u0131n\u0131z ve bu duygular\u0131n\u0131z\u0131n yok oldu\u011funa tan\u0131k olursunuz. O zaman anlars\u0131n\u0131z, yollar\u0131n\u0131za d\u00f6\u015fenen iyi niyet ta\u015flar\u0131n\u0131n cehennem ta\u015flar\u0131 oldu\u011funu.\u2019 Gizli ak\u0131nt\u0131lara kap\u0131ld\u0131\u011f\u0131n\u0131zda kar\u015f\u0131n\u0131za sizi ak\u0131nt\u0131dan kurtaracak bir engelin \u00e7\u0131kaca\u011f\u0131n\u0131 san\u0131rs\u0131n\u0131z hep. Engel \u00e7\u0131kt\u0131\u011f\u0131ndaysa ona bak\u0131\u015f\u0131n\u0131z farkl\u0131 olacakt\u0131r. \u2018Eeey Bat\u0131l\u0131lar! Korkman\u0131z gerekiyor. \u0130\u015f g\u00fcc\u00fcne gereksiniminiz var, bu nedenle di\u011fer \u00fclkelere kar\u015f\u0131 iyi davranmak zorundas\u0131n\u0131z. Bir g\u00fcn \u00fclkelerinizin \u00fcretim ara\u00e7lar\u0131n\u0131 eline ge\u00e7iren ba\u015fka \u00fclkelerin insanlar\u0131, sizi \u00fclkenizde g\u00f6\u00e7ebe haline getirebilir. Ya\u015fl\u0131 n\u00fcfussunuz, ya\u015flan\u0131yorsunuz!\u2019: <\/p>\n","protected":false},"excerpt":{"rendered":"<p>Bu insanlara Arap\u00e7\u0131l\u0131k ad\u0131na ihanet edenler kimlerdi? Neden ihanet i\u00e7indeler?\u2018Sefil hayat\u0131n i\u00e7in beni su\u00e7lamay\u0131 b\u0131rak \u00e7\u00fcnk\u00fc ben sana hi\u00e7bir zaman e\u011flenmenin, g\u00fclmenin, \u00fcz\u00fclmenin yanl\u0131\u015f bir \u015fey<span class=\"excerpt-hellip\"> [\u2026]<\/span><\/p>\n","protected":false},"featured_media":0,"template":"","meta":{"_monsterinsights_skip_tracking":false,"_monsterinsights_sitenote_active":false,"_monsterinsights_sitenote_note":"","_monsterinsights_sitenote_category":0},"product_brand":[],"product_cat":[12291,12711],"product_tag":[],"class_list":{"0":"post-729376","1":"product","2":"type-product","3":"status-publish","5":"product_cat-edebiyat","6":"product_cat-roman-oyku","7":"pa_cilt-ciltsiz","8":"pa_tur-kitap","9":"pa_yayinevi-fa-yayinlari","10":"pa_yazar-halil-gulez","12":"first","13":"instock","14":"sale","15":"shipping-taxable","16":"purchasable","17":"product-type-simple"},"_links":{"self":[{"href":"https:\/\/roveyayinevi.com.tr\/index.php\/wp-json\/wp\/v2\/product\/729376","targetHints":{"allow":["GET"]}}],"collection":[{"href":"https:\/\/roveyayinevi.com.tr\/index.php\/wp-json\/wp\/v2\/product"}],"about":[{"href":"https:\/\/roveyayinevi.com.tr\/index.php\/wp-json\/wp\/v2\/types\/product"}],"wp:attachment":[{"href":"https:\/\/roveyayinevi.com.tr\/index.php\/wp-json\/wp\/v2\/media?parent=729376"}],"wp:term":[{"taxonomy":"product_brand","embeddable":true,"href":"https:\/\/roveyayinevi.com.tr\/index.php\/wp-json\/wp\/v2\/product_brand?post=729376"},{"taxonomy":"product_cat","embeddable":true,"href":"https:\/\/roveyayinevi.com.tr\/index.php\/wp-json\/wp\/v2\/product_cat?post=729376"},{"taxonomy":"product_tag","embeddable":true,"href":"https:\/\/roveyayinevi.com.tr\/index.php\/wp-json\/wp\/v2\/product_tag?post=729376"}],"curies":[{"name":"wp","href":"https:\/\/api.w.org\/{rel}","templated":true}]}}