{"id":729375,"date":"2025-08-27T20:55:01","date_gmt":"2025-08-27T17:55:01","guid":{"rendered":"https:\/\/roveyayinevi.com.tr\/index.php\/urun\/depresyon-toplumsal-bir-his\/"},"modified":"2026-04-16T02:37:08","modified_gmt":"2026-04-15T23:37:08","slug":"depresyon-toplumsal-bir-his","status":"publish","type":"product","link":"https:\/\/roveyayinevi.com.tr\/index.php\/urun\/depresyon-toplumsal-bir-his\/","title":{"rendered":"Depresyon: Toplumsal Bir His"},"content":{"rendered":"<p>Depresyon biyolojik veya t\u0131bbi bir olgudan ziyade politik ve \u00f6zel alana k\u00f6k salm\u0131\u015f bir deneyim olarak kavranabilir mi? Kendini s\u00fcre\u011fen bir kay\u0131ts\u0131zl\u0131k, atalet ya da \u00e7aresizlik hissiyle g\u00f6sterebilen depresyonun s\u00f6m\u00fcrgecilik, m\u00fclks\u00fczle\u015fme ve yerinden edilme ge\u00e7mi\u015fleriyle ba\u011f\u0131 var m\u0131d\u0131r? Sol melankoli ve politik depresyon aras\u0131ndaki mesafeyi ayd\u0131nlatmak ad\u0131na bir H\u0131ristiyan tasar\u0131s\u0131 olan acedia kavram\u0131na ba\u015fvurmak m\u00fcmk\u00fcn m\u00fcd\u00fcr?Ann Cvetkovich, Depresyon: Toplumsal Bir His&#8217;te t\u0131bbi ve bilimsel modellere ele\u015ftirel bir mesafe koyarak k\u00fclt\u00fcrel, politik ve \u0131rk temelli depresyon tarihinin izini s\u00fcrmeye koyuluyor. Akademik ya\u015fam\u0131n hen\u00fcz ba\u015f\u0131ndayken deneyimledi\u011fi depresyonu ve yazar t\u0131kan\u0131kl\u0131\u011f\u0131n\u0131 kaleme ald\u0131\u011f\u0131 yaz\u0131s\u0131n\u0131 kitab\u0131n merkezinde konumland\u0131rarak ilk H\u0131ristiyan ke\u015fi\u015flere ve yerlilere ait tinsel pratiklerden s\u00f6m\u00fcrgecilik, k\u00f6lelik ve soyk\u0131r\u0131ma, politik t\u00fckeni\u015ften queer de dahil \u00e7e\u015fitli kimliklere \u00e7ok katmanl\u0131 bir ar\u015fiv \u00e7al\u0131\u015fmas\u0131 sunuyor. Depresyonun \u00e7\u0131kmaz sokaklar\u0131nda dolan\u0131rken g\u00fcndelik al\u0131\u015fkanl\u0131klar\u0131n, feminist elsanatlar\u0131n\u0131n, queer performans ve tinsel pratiklerin onar\u0131c\u0131 ve yat\u0131\u015ft\u0131r\u0131c\u0131 niteli\u011fine ba\u015fvuruyor.Neoliberal kapitalizmin insanl\u0131\u011fa sunduklar\u0131 kar\u015f\u0131s\u0131nda ortaya \u00e7\u0131kmas\u0131 muhtemel, makul bir tepki olan depresyonu; toplumsal, hatta politik bir d\u0131\u015favurum olarak yorumlayarak kemikle\u015fmi\u015f savlara meydan okuyan Ann Cvetkovich&#8217;ten c\u00fcretk\u00e2r bir hamle&#8230;<\/p>\n","protected":false},"excerpt":{"rendered":"<p>Depresyon biyolojik veya t\u0131bbi bir olgudan ziyade politik ve \u00f6zel alana k\u00f6k salm\u0131\u015f bir deneyim olarak kavranabilir mi? Kendini s\u00fcre\u011fen bir kay\u0131ts\u0131zl\u0131k, atalet ya da \u00e7aresizlik<span class=\"excerpt-hellip\"> [\u2026]<\/span><\/p>\n","protected":false},"featured_media":0,"template":"","meta":{"_monsterinsights_skip_tracking":false,"_monsterinsights_sitenote_active":false,"_monsterinsights_sitenote_note":"","_monsterinsights_sitenote_category":0},"product_brand":[],"product_cat":[12358,12357],"product_tag":[],"class_list":{"0":"post-729375","1":"product","2":"type-product","3":"status-publish","5":"product_cat-genel-psikoloji","6":"product_cat-psikoloji","7":"pa_cilt-ciltsiz","8":"pa_tur-kitap","9":"pa_yayinevi-sel-yayincilik","10":"pa_yazar-ann-cvetkovich","12":"first","13":"instock","14":"sale","15":"shipping-taxable","16":"purchasable","17":"product-type-simple"},"_links":{"self":[{"href":"https:\/\/roveyayinevi.com.tr\/index.php\/wp-json\/wp\/v2\/product\/729375","targetHints":{"allow":["GET"]}}],"collection":[{"href":"https:\/\/roveyayinevi.com.tr\/index.php\/wp-json\/wp\/v2\/product"}],"about":[{"href":"https:\/\/roveyayinevi.com.tr\/index.php\/wp-json\/wp\/v2\/types\/product"}],"wp:attachment":[{"href":"https:\/\/roveyayinevi.com.tr\/index.php\/wp-json\/wp\/v2\/media?parent=729375"}],"wp:term":[{"taxonomy":"product_brand","embeddable":true,"href":"https:\/\/roveyayinevi.com.tr\/index.php\/wp-json\/wp\/v2\/product_brand?post=729375"},{"taxonomy":"product_cat","embeddable":true,"href":"https:\/\/roveyayinevi.com.tr\/index.php\/wp-json\/wp\/v2\/product_cat?post=729375"},{"taxonomy":"product_tag","embeddable":true,"href":"https:\/\/roveyayinevi.com.tr\/index.php\/wp-json\/wp\/v2\/product_tag?post=729375"}],"curies":[{"name":"wp","href":"https:\/\/api.w.org\/{rel}","templated":true}]}}