{"id":729372,"date":"2025-08-27T20:54:57","date_gmt":"2025-08-27T17:54:57","guid":{"rendered":"https:\/\/roveyayinevi.com.tr\/index.php\/urun\/bay-sessizlik\/"},"modified":"2026-04-16T02:37:08","modified_gmt":"2026-04-15T23:37:08","slug":"bay-sessizlik","status":"publish","type":"product","link":"https:\/\/roveyayinevi.com.tr\/index.php\/urun\/bay-sessizlik\/","title":{"rendered":"Bay Sessizlik"},"content":{"rendered":"<p>Kusursuz \u00fcslubu ve k\u0131vrak zek\u00e2s\u0131n\u0131 konu\u015fturarak, entelekt\u00fcel birikimini incelikli mizah duygusuyla sarmalay\u0131p sat\u0131rlara d\u00f6ken, T\u00fcrk\u00e7enin gizli cevherlerinden S\u00e2lah Birsel G\u00fcnl\u00fckler dizisinin d\u00f6rd\u00fcnc\u00fc kitab\u0131 Bay Sessizlik&#8217;te, us tas\u0131ndan ta\u015fanlar\u0131 hi\u00e7 ziyan etmeden g\u00fcnl\u00fc\u011f\u00fcne aktar\u0131yor. F\u0131r d\u00f6nen d\u00fc\u015f\u00fcncelerin cevelan etti\u011fi parlak zihnini g\u00fcnl\u00fc\u011f\u00fcne sar\u0131larak sakinle\u015ftiriyor. Dertop etmedi\u011fi f\u0131rd\u00f6nd\u00fc an\u0131lar, 1989 y\u0131l\u0131 boyunca tuttu\u011fu notlarda haz\u0131rola duruyor.\u0130\u00e7re fikirlerini sak\u0131ncas\u0131zca kayda ge\u00e7iren, \u00f6mr\u00fcn\u00fc yedi cihanda filizlenmi\u015f k\u00fclt\u00fcr sahalar\u0131 aras\u0131nda mekik dokumaya adam\u0131\u015f bir ayd\u0131n\u0131n kaleminden, 20. y\u00fczy\u0131l\u0131n tefekk\u00fcr d\u00fcnyas\u0131na kapsaml\u0131 bir bak\u0131\u015f.<\/p>\n","protected":false},"excerpt":{"rendered":"<p>Kusursuz \u00fcslubu ve k\u0131vrak zek\u00e2s\u0131n\u0131 konu\u015fturarak, entelekt\u00fcel birikimini incelikli mizah duygusuyla sarmalay\u0131p sat\u0131rlara d\u00f6ken, T\u00fcrk\u00e7enin gizli cevherlerinden S\u00e2lah Birsel G\u00fcnl\u00fckler dizisinin d\u00f6rd\u00fcnc\u00fc kitab\u0131 Bay Sessizlik&#8217;te, us<span class=\"excerpt-hellip\"> [\u2026]<\/span><\/p>\n","protected":false},"featured_media":0,"template":"","meta":{"_monsterinsights_skip_tracking":false,"_monsterinsights_sitenote_active":false,"_monsterinsights_sitenote_note":"","_monsterinsights_sitenote_category":0},"product_brand":[],"product_cat":[13701,12291],"product_tag":[],"class_list":{"0":"post-729372","1":"product","2":"type-product","3":"status-publish","5":"product_cat-ani-mektup-gunluk","6":"product_cat-edebiyat","7":"pa_cilt-ciltsiz","8":"pa_tur-kitap","9":"pa_yayinevi-sel-yayincilik","10":"pa_yazar-salah-birsel","12":"first","13":"instock","14":"sale","15":"shipping-taxable","16":"purchasable","17":"product-type-simple"},"_links":{"self":[{"href":"https:\/\/roveyayinevi.com.tr\/index.php\/wp-json\/wp\/v2\/product\/729372","targetHints":{"allow":["GET"]}}],"collection":[{"href":"https:\/\/roveyayinevi.com.tr\/index.php\/wp-json\/wp\/v2\/product"}],"about":[{"href":"https:\/\/roveyayinevi.com.tr\/index.php\/wp-json\/wp\/v2\/types\/product"}],"wp:attachment":[{"href":"https:\/\/roveyayinevi.com.tr\/index.php\/wp-json\/wp\/v2\/media?parent=729372"}],"wp:term":[{"taxonomy":"product_brand","embeddable":true,"href":"https:\/\/roveyayinevi.com.tr\/index.php\/wp-json\/wp\/v2\/product_brand?post=729372"},{"taxonomy":"product_cat","embeddable":true,"href":"https:\/\/roveyayinevi.com.tr\/index.php\/wp-json\/wp\/v2\/product_cat?post=729372"},{"taxonomy":"product_tag","embeddable":true,"href":"https:\/\/roveyayinevi.com.tr\/index.php\/wp-json\/wp\/v2\/product_tag?post=729372"}],"curies":[{"name":"wp","href":"https:\/\/api.w.org\/{rel}","templated":true}]}}