{"id":729371,"date":"2025-08-27T20:54:56","date_gmt":"2025-08-27T17:54:56","guid":{"rendered":"https:\/\/roveyayinevi.com.tr\/index.php\/urun\/kral-salomonun-bunalimi\/"},"modified":"2026-03-25T20:12:37","modified_gmt":"2026-03-25T17:12:37","slug":"kral-salomonun-bunalimi","status":"publish","type":"product","link":"https:\/\/roveyayinevi.com.tr\/index.php\/urun\/kral-salomonun-bunalimi\/","title":{"rendered":"Kral Salomon&#8217;un Bunal\u0131m\u0131"},"content":{"rendered":"<p>Bula\u015f\u0131c\u0131 bir iyimserlik, y\u0131k\u0131c\u0131 bir ironi ve y\u00fcrekte ta\u015f\u0131nmas\u0131 g\u00fc\u00e7 hassasiyetler ku\u015fanm\u0131\u015f, t\u00fcm toplumsal \u00f6nyarg\u0131 ve kli\u015feleri tehlikeye atan karakterleriyle fa\u015fizmin duyars\u0131zla\u015ft\u0131rd\u0131\u011f\u0131 Frans\u0131z toplumuna meydan okuyan Romain Gary&#8217;nin \u00c9mile Ajar mahlas\u0131yla kaleme ald\u0131\u011f\u0131 Kral Salomon&#8217;un Bunal\u0131m\u0131 yazar\u0131n k\u0131vrak zek\u00e2s\u0131 ve mizah anlay\u0131\u015f\u0131n\u0131n en olgun meyvelerinden biridir.Zaaflardan kibre, sars\u0131lmaz inan\u00e7lardan amans\u0131z kararl\u0131l\u0131klara insan do\u011fas\u0131n\u0131 t\u00fcm y\u00f6nleriyle ke\u015ffe \u00e7\u0131kan Gary, \u00f6mr\u00fcn\u00fc ya\u015fam\u0131n \u00e7etrefilli virajlar\u0131nda kaybolmu\u015f insanlara destek olmaya adam\u0131\u015f ge\u00e7kin ve vakur bir beyefendiyle kalbindeki temiz duygulara tutunmu\u015f b\u0131\u00e7k\u0131n bir taksicinin yollar\u0131n\u0131 kesi\u015ftiriyor ve Stoac\u0131 bir d\u00fcnya alg\u0131s\u0131yla okurun insanl\u0131\u011fa dair inanc\u0131n\u0131 tazeliyor.<\/p>\n","protected":false},"excerpt":{"rendered":"<p>Bula\u015f\u0131c\u0131 bir iyimserlik, y\u0131k\u0131c\u0131 bir ironi ve y\u00fcrekte ta\u015f\u0131nmas\u0131 g\u00fc\u00e7 hassasiyetler ku\u015fanm\u0131\u015f, t\u00fcm toplumsal \u00f6nyarg\u0131 ve kli\u015feleri tehlikeye atan karakterleriyle fa\u015fizmin duyars\u0131zla\u015ft\u0131rd\u0131\u011f\u0131 Frans\u0131z toplumuna meydan okuyan<span class=\"excerpt-hellip\"> [\u2026]<\/span><\/p>\n","protected":false},"featured_media":0,"template":"","meta":{"_monsterinsights_skip_tracking":false,"_monsterinsights_sitenote_active":false,"_monsterinsights_sitenote_note":"","_monsterinsights_sitenote_category":0},"product_brand":[],"product_cat":[12291,12711],"product_tag":[],"class_list":{"0":"post-729371","1":"product","2":"type-product","3":"status-publish","5":"product_cat-edebiyat","6":"product_cat-roman-oyku","7":"pa_cilt-ciltsiz","8":"pa_tur-kitap","9":"pa_yayinevi-sel-yayincilik","10":"pa_yazar-emile-ajar","12":"first","13":"instock","14":"sale","15":"shipping-taxable","16":"purchasable","17":"product-type-simple"},"_links":{"self":[{"href":"https:\/\/roveyayinevi.com.tr\/index.php\/wp-json\/wp\/v2\/product\/729371","targetHints":{"allow":["GET"]}}],"collection":[{"href":"https:\/\/roveyayinevi.com.tr\/index.php\/wp-json\/wp\/v2\/product"}],"about":[{"href":"https:\/\/roveyayinevi.com.tr\/index.php\/wp-json\/wp\/v2\/types\/product"}],"wp:attachment":[{"href":"https:\/\/roveyayinevi.com.tr\/index.php\/wp-json\/wp\/v2\/media?parent=729371"}],"wp:term":[{"taxonomy":"product_brand","embeddable":true,"href":"https:\/\/roveyayinevi.com.tr\/index.php\/wp-json\/wp\/v2\/product_brand?post=729371"},{"taxonomy":"product_cat","embeddable":true,"href":"https:\/\/roveyayinevi.com.tr\/index.php\/wp-json\/wp\/v2\/product_cat?post=729371"},{"taxonomy":"product_tag","embeddable":true,"href":"https:\/\/roveyayinevi.com.tr\/index.php\/wp-json\/wp\/v2\/product_tag?post=729371"}],"curies":[{"name":"wp","href":"https:\/\/api.w.org\/{rel}","templated":true}]}}