{"id":729370,"date":"2025-08-27T20:54:55","date_gmt":"2025-08-27T17:54:55","guid":{"rendered":"https:\/\/roveyayinevi.com.tr\/index.php\/urun\/jon-turk-2\/"},"modified":"2026-04-16T02:37:08","modified_gmt":"2026-04-15T23:37:08","slug":"jon-turk-2","status":"publish","type":"product","link":"https:\/\/roveyayinevi.com.tr\/index.php\/urun\/jon-turk-2\/","title":{"rendered":"J\u00f6n T\u00fcrk"},"content":{"rendered":"<p>\u0130lk olarak 11 Eyl\u00fcl 1324 (1908) &#8211; 29 Kanunusani 1324 (1909) tarihleri aras\u0131nda Terc\u00fcman-\u0131 Hakikat gazetesinde tefrika edilen, ard\u0131ndan 1910 y\u0131l\u0131nda kitap olarak yay\u0131mlanan J\u00f6n T\u00fcrk, Ahmet Midhat Efendi\u2019nin yay\u0131mlad\u0131\u011f\u0131 son roman\u0131 olarak ayr\u0131 bir \u00f6neme sahiptir. Ahmet Midhat, t\u0131pk\u0131 di\u011fer eserlerinde oldu\u011fu gibi, bu roman\u0131nda da zaman\u0131 i\u00e7in yeni say\u0131labilecek konular ve hen\u00fcz g\u00fcn y\u00fcz\u00fcne \u00e7\u0131kmayan, konu\u015fulmayan meseleler \u00fczerinde durarak toplumu e\u011fitmeyi ve bilgilendirmeyi ama\u00e7lam\u0131\u015ft\u0131r. Bu fikirle J\u00f6n T\u00fcrk\u2019te, kad\u0131n\u0131n toplum i\u00e7indeki de\u011feri, e\u011fitimi, yeti\u015fme tarz\u0131 ve aile i\u00e7indeki konumunu oda\u011f\u0131na al\u0131rken Avrupa\u2019da yeni yeni filizlenen \u201cfeminizm\u201d d\u00fc\u015f\u00fcncesini irdeler. T\u00fcrk edebiyat\u0131nda \u201ckad\u0131n\u0131n ad\u0131 yok\u201d c\u00fcmlesinin ilk kuruldu\u011fu eser olmas\u0131 bak\u0131m\u0131ndan da J\u00f6n T\u00fcrk, Ahmet Midhat Efendi k\u00fclliyat\u0131 i\u00e7erisinde \u00f6zel bir dikkat gerektiren eserler aras\u0131ndad\u0131r. \u201cDemek ki kad\u0131n\u0131n ismi bile yoktur. Babas\u0131ndan drahoma nam\u0131yla ne kadar para getirirse getirsin, sair akrabas\u0131ndan ne kadar miras yerse yesin e\u011fer hin-i izdiva\u00e7ta \u2018tefrik-i servet\u2019 mukavelesi akd olunmam\u0131\u015fsa kad\u0131n kendi servetine malik say\u0131lamaz. Her halde kocas\u0131n\u0131n tasdiki olmaks\u0131z\u0131n hi\u00e7bir mukaveleye, hi\u00e7bir senede imzas\u0131n\u0131 koyamaz.\u201d<\/p>\n","protected":false},"excerpt":{"rendered":"<p>\u0130lk olarak 11 Eyl\u00fcl 1324 (1908) &#8211; 29 Kanunusani 1324 (1909) tarihleri aras\u0131nda Terc\u00fcman-\u0131 Hakikat gazetesinde tefrika edilen, ard\u0131ndan 1910 y\u0131l\u0131nda kitap olarak yay\u0131mlanan J\u00f6n T\u00fcrk,<span class=\"excerpt-hellip\"> [\u2026]<\/span><\/p>\n","protected":false},"featured_media":0,"template":"","meta":{"_monsterinsights_skip_tracking":false,"_monsterinsights_sitenote_active":false,"_monsterinsights_sitenote_note":"","_monsterinsights_sitenote_category":0},"product_brand":[],"product_cat":[12291,12509],"product_tag":[],"class_list":{"0":"post-729370","1":"product","2":"type-product","3":"status-publish","5":"product_cat-edebiyat","6":"product_cat-siir","7":"pa_cilt-ciltsiz","8":"pa_tur-kitap","9":"pa_yayinevi-kirmizi-kedi-yayinevi","10":"pa_yazar-ahmet-mithat-efendi","12":"first","13":"instock","14":"sale","15":"shipping-taxable","16":"purchasable","17":"product-type-simple"},"_links":{"self":[{"href":"https:\/\/roveyayinevi.com.tr\/index.php\/wp-json\/wp\/v2\/product\/729370","targetHints":{"allow":["GET"]}}],"collection":[{"href":"https:\/\/roveyayinevi.com.tr\/index.php\/wp-json\/wp\/v2\/product"}],"about":[{"href":"https:\/\/roveyayinevi.com.tr\/index.php\/wp-json\/wp\/v2\/types\/product"}],"wp:attachment":[{"href":"https:\/\/roveyayinevi.com.tr\/index.php\/wp-json\/wp\/v2\/media?parent=729370"}],"wp:term":[{"taxonomy":"product_brand","embeddable":true,"href":"https:\/\/roveyayinevi.com.tr\/index.php\/wp-json\/wp\/v2\/product_brand?post=729370"},{"taxonomy":"product_cat","embeddable":true,"href":"https:\/\/roveyayinevi.com.tr\/index.php\/wp-json\/wp\/v2\/product_cat?post=729370"},{"taxonomy":"product_tag","embeddable":true,"href":"https:\/\/roveyayinevi.com.tr\/index.php\/wp-json\/wp\/v2\/product_tag?post=729370"}],"curies":[{"name":"wp","href":"https:\/\/api.w.org\/{rel}","templated":true}]}}