{"id":729366,"date":"2025-08-27T20:54:51","date_gmt":"2025-08-27T17:54:51","guid":{"rendered":"https:\/\/roveyayinevi.com.tr\/index.php\/urun\/cola-di-rienzi\/"},"modified":"2026-04-16T02:37:08","modified_gmt":"2026-04-15T23:37:08","slug":"cola-di-rienzi","status":"publish","type":"product","link":"https:\/\/roveyayinevi.com.tr\/index.php\/urun\/cola-di-rienzi\/","title":{"rendered":"Cola di Rienzi"},"content":{"rendered":"<p>Engels\u2019in tahminen 1840-41 y\u0131llar\u0131nda, 20 ya\u015f\u0131ndayken, operada oynanmas\u0131 i\u00e7in yazd\u0131\u011f\u0131 Cola di Rienzi adl\u0131 bir librettosu oldu\u011funu ancak 1974\u2019te metin g\u00fcn y\u00fcz\u00fcne \u00e7\u0131k\u0131nca \u00f6\u011frenebildik. Hi\u00e7 yay\u0131mlanmam\u0131\u015f, b\u0131rak\u0131n yay\u0131mlanmay\u0131, varl\u0131\u011f\u0131 bile uzun s\u00fcre fark edilememi\u015f bu metinde Engels\u2019in edebiyat\u00e7\u0131 y\u00f6n\u00fcn\u00fcn yan\u0131 s\u0131ra, Cola di Rienzi ya da Rienzo\u2019nun, 1347\u2019de Roma\u2019da halk\u0131n deste\u011fini arkas\u0131na alarak soylulara kar\u015f\u0131 bir devrim ger\u00e7ekle\u015ftiren ve \u00e7ok ge\u00e7meden ala\u015fa\u011f\u0131 edilerek suikaste kurban giden, kimilerine g\u00f6re R\u00f6nesans\u2019\u0131n kurucusu say\u0131labilecek, kimilerine g\u00f6re ise Garibaldi\u2019nin selefi hatta ve hatta \u201cprotofa\u015fist\u201d ilan edilebilecek tarihsel bir \u015fahsiyetin, Petrarca\u2019n\u0131n da yak\u0131n dostu olan g\u00fc\u00e7l\u00fc bir hatibin o d\u00f6nem nas\u0131l yank\u0131 buldu\u011funu ve bulmaya da devam edece\u011fini sezinleriz. Richard Wagner\u2019in Engels ile a\u015fa\u011f\u0131 yukar\u0131 ayn\u0131 y\u0131llarda yaz\u0131p sahneledi\u011fi Rienzi operas\u0131n\u0131n Hitler\u2019in \u00e7ocukluk hat\u0131ralar\u0131nda \u00f6zel bir yeri oldu\u011funu ve belle\u011finde iz b\u0131rakan bu kahramana kendi mitini in\u015fa ederken ayr\u0131 bir \u00f6nem atfedece\u011fini hat\u0131rlatal\u0131m yeter. <\/p>\n","protected":false},"excerpt":{"rendered":"<p>Engels\u2019in tahminen 1840-41 y\u0131llar\u0131nda, 20 ya\u015f\u0131ndayken, operada oynanmas\u0131 i\u00e7in yazd\u0131\u011f\u0131 Cola di Rienzi adl\u0131 bir librettosu oldu\u011funu ancak 1974\u2019te metin g\u00fcn y\u00fcz\u00fcne \u00e7\u0131k\u0131nca \u00f6\u011frenebildik. Hi\u00e7 yay\u0131mlanmam\u0131\u015f,<span class=\"excerpt-hellip\"> [\u2026]<\/span><\/p>\n","protected":false},"featured_media":0,"template":"","meta":{"_monsterinsights_skip_tracking":false,"_monsterinsights_sitenote_active":false,"_monsterinsights_sitenote_note":"","_monsterinsights_sitenote_category":0},"product_brand":[],"product_cat":[12291,13872],"product_tag":[],"class_list":{"0":"post-729366","1":"product","2":"type-product","3":"status-publish","5":"product_cat-edebiyat","6":"product_cat-klasikler","7":"pa_cilt-ciltsiz","8":"pa_tur-kitap","9":"pa_yayinevi-kirmizi-kedi-yayinevi","10":"pa_yazar-friedrich-engels","12":"first","13":"instock","14":"sale","15":"shipping-taxable","16":"purchasable","17":"product-type-simple"},"_links":{"self":[{"href":"https:\/\/roveyayinevi.com.tr\/index.php\/wp-json\/wp\/v2\/product\/729366","targetHints":{"allow":["GET"]}}],"collection":[{"href":"https:\/\/roveyayinevi.com.tr\/index.php\/wp-json\/wp\/v2\/product"}],"about":[{"href":"https:\/\/roveyayinevi.com.tr\/index.php\/wp-json\/wp\/v2\/types\/product"}],"wp:attachment":[{"href":"https:\/\/roveyayinevi.com.tr\/index.php\/wp-json\/wp\/v2\/media?parent=729366"}],"wp:term":[{"taxonomy":"product_brand","embeddable":true,"href":"https:\/\/roveyayinevi.com.tr\/index.php\/wp-json\/wp\/v2\/product_brand?post=729366"},{"taxonomy":"product_cat","embeddable":true,"href":"https:\/\/roveyayinevi.com.tr\/index.php\/wp-json\/wp\/v2\/product_cat?post=729366"},{"taxonomy":"product_tag","embeddable":true,"href":"https:\/\/roveyayinevi.com.tr\/index.php\/wp-json\/wp\/v2\/product_tag?post=729366"}],"curies":[{"name":"wp","href":"https:\/\/api.w.org\/{rel}","templated":true}]}}