{"id":729364,"date":"2025-08-27T20:54:49","date_gmt":"2025-08-27T17:54:49","guid":{"rendered":"https:\/\/roveyayinevi.com.tr\/index.php\/urun\/donusum-27\/"},"modified":"2026-04-16T02:37:08","modified_gmt":"2026-04-15T23:37:08","slug":"donusum-27","status":"publish","type":"product","link":"https:\/\/roveyayinevi.com.tr\/index.php\/urun\/donusum-27\/","title":{"rendered":"D\u00f6n\u00fc\u015f\u00fcm"},"content":{"rendered":"<p>Kafka, D\u00f6n\u00fc\u015f\u00fcm\u2019\u00fc 1912 y\u0131l\u0131n\u0131n sonlar\u0131nda yazd\u0131; uzatmal\u0131 ni\u015fanl\u0131s\u0131 Felice Bauer ile ilk bulu\u015fma sonras\u0131, yarat\u0131c\u0131l\u0131k y\u00f6n\u00fcnden veriminin artt\u0131\u011f\u0131 bir evreydi. Bas\u0131lmas\u0131 ise 1915\u2019i buldu. Kafka, \u201cfevkalade tiksin\u00e7\u201d olarak niteledi\u011fi, \u00f6zellikle okunaks\u0131z buldu\u011fu sonu y\u00fcz\u00fcnden iyiden iyiye so\u011fudu\u011fu bu eserinden daha sonralar\u0131 \u201cbenim k\u00fc\u00e7\u00fck hik\u00e2yem\u201d diye bahsedecekti. Ailesinin yan\u0131nda ya\u015fayan Gregor Samsa isminde bir seyyar pazarlamac\u0131n\u0131n bir sabah uyand\u0131\u011f\u0131nda kendini b\u00f6ce\u011fe d\u00f6n\u00fc\u015fm\u00fc\u015f bulmas\u0131yla geli\u015fen olaylar\u0131 anlatan \u00f6yk\u00fc, aradan bir y\u00fczy\u0131l ge\u00e7mesine ra\u011fmen, insan ger\u00e7e\u011fine dair elimizde tuttu\u011fumuz belki en okunakl\u0131, en dipsiz yaz\u0131t. \u201cGregor\u2019un yakar\u0131\u015flar\u0131 i\u015fe yaramad\u0131, yakar\u0131\u015flar\u0131 anla\u015f\u0131lm\u0131yordu bile, boyun e\u011fip ba\u015f\u0131n\u0131 b\u00fckt\u00fck\u00e7e, babas\u0131 ayaklar\u0131n\u0131 yere daha sert vuruyordu.\u201d <\/p>\n","protected":false},"excerpt":{"rendered":"<p>Kafka, D\u00f6n\u00fc\u015f\u00fcm\u2019\u00fc 1912 y\u0131l\u0131n\u0131n sonlar\u0131nda yazd\u0131; uzatmal\u0131 ni\u015fanl\u0131s\u0131 Felice Bauer ile ilk bulu\u015fma sonras\u0131, yarat\u0131c\u0131l\u0131k y\u00f6n\u00fcnden veriminin artt\u0131\u011f\u0131 bir evreydi. Bas\u0131lmas\u0131 ise 1915\u2019i buldu. Kafka, \u201cfevkalade<span class=\"excerpt-hellip\"> [\u2026]<\/span><\/p>\n","protected":false},"featured_media":0,"template":"","meta":{"_monsterinsights_skip_tracking":false,"_monsterinsights_sitenote_active":false,"_monsterinsights_sitenote_note":"","_monsterinsights_sitenote_category":0},"product_brand":[],"product_cat":[12291,13872],"product_tag":[],"class_list":{"0":"post-729364","1":"product","2":"type-product","3":"status-publish","5":"product_cat-edebiyat","6":"product_cat-klasikler","7":"pa_cilt-ciltsiz","8":"pa_tur-kitap","9":"pa_yayinevi-kirmizi-kedi-yayinevi","10":"pa_yazar-franz-kafka","12":"first","13":"instock","14":"sale","15":"shipping-taxable","16":"purchasable","17":"product-type-simple"},"_links":{"self":[{"href":"https:\/\/roveyayinevi.com.tr\/index.php\/wp-json\/wp\/v2\/product\/729364","targetHints":{"allow":["GET"]}}],"collection":[{"href":"https:\/\/roveyayinevi.com.tr\/index.php\/wp-json\/wp\/v2\/product"}],"about":[{"href":"https:\/\/roveyayinevi.com.tr\/index.php\/wp-json\/wp\/v2\/types\/product"}],"wp:attachment":[{"href":"https:\/\/roveyayinevi.com.tr\/index.php\/wp-json\/wp\/v2\/media?parent=729364"}],"wp:term":[{"taxonomy":"product_brand","embeddable":true,"href":"https:\/\/roveyayinevi.com.tr\/index.php\/wp-json\/wp\/v2\/product_brand?post=729364"},{"taxonomy":"product_cat","embeddable":true,"href":"https:\/\/roveyayinevi.com.tr\/index.php\/wp-json\/wp\/v2\/product_cat?post=729364"},{"taxonomy":"product_tag","embeddable":true,"href":"https:\/\/roveyayinevi.com.tr\/index.php\/wp-json\/wp\/v2\/product_tag?post=729364"}],"curies":[{"name":"wp","href":"https:\/\/api.w.org\/{rel}","templated":true}]}}