{"id":729363,"date":"2025-08-27T20:54:48","date_gmt":"2025-08-27T17:54:48","guid":{"rendered":"https:\/\/roveyayinevi.com.tr\/index.php\/urun\/bitmeyen-somuru-28-subat-yalanlar-gercekler-belgeler\/"},"modified":"2026-04-16T02:37:08","modified_gmt":"2026-04-15T23:37:08","slug":"bitmeyen-somuru-28-subat-yalanlar-gercekler-belgeler","status":"publish","type":"product","link":"https:\/\/roveyayinevi.com.tr\/index.php\/urun\/bitmeyen-somuru-28-subat-yalanlar-gercekler-belgeler\/","title":{"rendered":"Bitmeyen S\u00f6m\u00fcr\u00fc 28 \u015eubat Yalanlar-Ger\u00e7ekler-Belgeler"},"content":{"rendered":"<p>Her 28 \u015eubat geldi\u011finde tart\u0131\u015f\u0131l\u0131yor, \u00fczerine \u00e7ok \u015fey s\u00f6yleniyor.  Fakat bu s\u00f6ylenenlerin ne kadar\u0131 do\u011fru, ne kadar\u0131 yanl\u0131\u015f. Yazar\u0131m\u0131z Alican T\u00fcrk, tamam\u0131yla belgelere sad\u0131k kalarak, 28 \u015eubat Milli G\u00fcvenlik Kurulu kararlar\u0131 \u00f6ncesi siyasi ortam\u0131, 28 \u015eubat g\u00fcn\u00fc ya\u015fananlar\u0131 ve 28 \u015eubat sonras\u0131n\u0131 detaylar\u0131yla ele al\u0131yor, bir\u00e7ok ger\u00e7ek olarak sunulan\u0131n ve s\u00f6ylenenin do\u011fru olmad\u0131\u011f\u0131n\u0131 ve bir grup siyasi taraf\u0131ndan istismar konusu olarak kullan\u0131ld\u0131\u011f\u0131n\u0131 titizlikle ispatl\u0131yor. 28 \u015eubat kararlar\u0131 ile ilgili akl\u0131n\u0131za gelen her t\u00fcrl\u00fc soruya bu kitap ile cevap bulacaks\u0131n\u0131z. Hi\u00e7 bir \u015f\u00fcphe kalmayacak. Kitap i\u00e7erisinde;  T\u00fcrkiye\u2019de mevcut cumhuriyet rejimini y\u0131karak yerine din\u00ee hukuka dayal\u0131 bir devlet kurma \u00e7abalar\u0131 (irtica) var m\u0131yd\u0131, bunlar ger\u00e7ek bir tehdit miydi, yoksa askerlerin \u201ctoplum m\u00fchendisli\u011fi\u201d ad\u0131na uydurdu\u011fu \u201chayal\u00ee\u201d bir d\u00fc\u015fman m\u0131yd\u0131? 28 \u015eubat ger\u00e7ekten bir asker\u00ee darbe miydi? Bat\u0131 \u00c7al\u0131\u015fma Grubu (B\u00c7G) bir \u201ccunta yap\u0131lanmas\u0131\u201d m\u0131yd\u0131? Bunlar kimdi ve ne i\u015f yaparlard\u0131? Aczmendiler, Fadime \u015eahin &#8211; Ali Kalkanc\u0131 olaylar\u0131 askerlerin bir \u201ctezg\u00e2h\u0131\u201d m\u0131yd\u0131?  28 \u015eubat\u2019ta MGK\u2019da ne oldu? Kararlar Erbakan\u2019a zorla m\u0131 imzalat\u0131ld\u0131?  Erbakan Bakanlar Kurulu\u2019nda MGK Kararlar\u0131 hakk\u0131nda ne dedi?  Kamuda ya da \u00fcniversitelerde t\u00fcrban yasa\u011f\u0131 28 \u015eubat\u2019ta m\u0131 getirildi?  28 \u015eubat\u2019ta TSK\u2019dan ka\u00e7 personel ihra\u00e7 edildi?  Bunlar \u201cdindar\u201d olduklar\u0131 i\u00e7in mi TSK\u2019dan at\u0131ld\u0131lar?  28 \u015eubat\u2019ta imam hatipler ve Kur\u2019an kurslar\u0131 kapat\u0131ld\u0131 m\u0131?  8 Y\u0131ll\u0131k Kesintisiz E\u011fitim Yasas\u0131 askerlerin zorlamas\u0131yla m\u0131 \u00e7\u0131kar\u0131ld\u0131?  O s\u00fcre\u00e7te bir k\u0131s\u0131m milletvekilinin partilerinden istifa nedeni asker korkusu muydu?  Sincan\u2019da tanklar neden y\u00fcr\u00fcd\u00fc? Erbakan tanklar nedeniyle mi istifa etti? Genelkurmay\u2019da CB Demirel\u2019e ve ayr\u0131ca yarg\u0131 ve medya mensuplar\u0131na verilen brifinglerde askerler neler s\u00f6yledi? Silah kullanmaktan s\u00f6z ettiler mi?  \u00c7evik B\u0130R ABD\u2019ye darbe icazeti almaya m\u0131 gitmi\u015fti? \u201cBalans ayar\u0131\u201d s\u00f6z\u00fc nereden \u00e7\u0131km\u0131\u015ft\u0131r?  \u0130flas eden bankalar\u0131n i\u00e7ini askerler mi bo\u015faltm\u0131\u015ft\u0131r?  28 \u015eubat\u2019ta FE T\u00d6 korunup kollanm\u0131\u015f m\u0131d\u0131r?  Refah Partisi askerlerin bask\u0131s\u0131yla m\u0131 kapat\u0131lm\u0131\u015ft\u0131r?  AKP\u2019nin do\u011fu\u015fu ile 28 \u015eubat aras\u0131nda bir ili\u015fki var m\u0131d\u0131r?  28 \u015eubat Davas\u0131\u2019nda neler oldu? Bu dava ile FE T\u00d6 kumpas\u0131 di\u011fer davalar aras\u0131ndaki benzerlikler nelerdir? Ve daha onlarca soru&#8230;  \u0130DD\u0130A ED\u0130YORUZ: Bu ve benzeri daha pek \u00e7ok soruya \u0130LK KEZ bu kitapta verilen yan\u0131tlarla b\u00fct\u00fcn EZBERLER\u0130N\u0130Z BOZULACAK!  Okurken \u015fa\u015f\u0131racak ve \u201cpuzzle\u201d\u0131n b\u00fct\u00fcn par\u00e7alar\u0131n\u0131 bir araya getirerek b\u00fcy\u00fck resmi &#8211; T\u00fcrkiye\u2019nin bug\u00fcn\u00fcn\u00fc &#8211; g\u00f6receksiniz.  Bu kitaptan herkesin, ama \u00f6zellikle de o g\u00fcnleri bilmeyen \u201cZ ku\u015fa\u011f\u0131\u201dn\u0131n \u00f6\u011frenece\u011fi \u00e7ok \u015fey var. \u0130yi Okumalar\u2026 <\/p>\n","protected":false},"excerpt":{"rendered":"<p>Her 28 \u015eubat geldi\u011finde tart\u0131\u015f\u0131l\u0131yor, \u00fczerine \u00e7ok \u015fey s\u00f6yleniyor. Fakat bu s\u00f6ylenenlerin ne kadar\u0131 do\u011fru, ne kadar\u0131 yanl\u0131\u015f. Yazar\u0131m\u0131z Alican T\u00fcrk, tamam\u0131yla belgelere sad\u0131k kalarak, 28<span class=\"excerpt-hellip\"> [\u2026]<\/span><\/p>\n","protected":false},"featured_media":0,"template":"","meta":{"_monsterinsights_skip_tracking":false,"_monsterinsights_sitenote_active":false,"_monsterinsights_sitenote_note":"","_monsterinsights_sitenote_category":0},"product_brand":[],"product_cat":[31194,12337],"product_tag":[],"class_list":{"0":"post-729363","1":"product","2":"type-product","3":"status-publish","5":"product_cat-guncel-siyaset","6":"product_cat-politika-siyaset","7":"pa_cilt-ciltsiz","8":"pa_tur-kitap","9":"pa_yayinevi-galeati-yayincilik","10":"pa_yazar-alican-turk","12":"first","13":"instock","14":"sale","15":"shipping-taxable","16":"purchasable","17":"product-type-simple"},"_links":{"self":[{"href":"https:\/\/roveyayinevi.com.tr\/index.php\/wp-json\/wp\/v2\/product\/729363","targetHints":{"allow":["GET"]}}],"collection":[{"href":"https:\/\/roveyayinevi.com.tr\/index.php\/wp-json\/wp\/v2\/product"}],"about":[{"href":"https:\/\/roveyayinevi.com.tr\/index.php\/wp-json\/wp\/v2\/types\/product"}],"wp:attachment":[{"href":"https:\/\/roveyayinevi.com.tr\/index.php\/wp-json\/wp\/v2\/media?parent=729363"}],"wp:term":[{"taxonomy":"product_brand","embeddable":true,"href":"https:\/\/roveyayinevi.com.tr\/index.php\/wp-json\/wp\/v2\/product_brand?post=729363"},{"taxonomy":"product_cat","embeddable":true,"href":"https:\/\/roveyayinevi.com.tr\/index.php\/wp-json\/wp\/v2\/product_cat?post=729363"},{"taxonomy":"product_tag","embeddable":true,"href":"https:\/\/roveyayinevi.com.tr\/index.php\/wp-json\/wp\/v2\/product_tag?post=729363"}],"curies":[{"name":"wp","href":"https:\/\/api.w.org\/{rel}","templated":true}]}}