{"id":729362,"date":"2025-08-27T20:54:48","date_gmt":"2025-08-27T17:54:48","guid":{"rendered":"https:\/\/roveyayinevi.com.tr\/index.php\/urun\/turnike\/"},"modified":"2026-04-16T02:37:08","modified_gmt":"2026-04-15T23:37:08","slug":"turnike","status":"publish","type":"product","link":"https:\/\/roveyayinevi.com.tr\/index.php\/urun\/turnike\/","title":{"rendered":"Turnike"},"content":{"rendered":"<p>Adnan Oktar\u2019\u0131n en \u00e7ok korktu\u011fu neydi? Cemaate silah da\u011f\u0131tan vali kimdi? Operasyon g\u00fcn\u00fc S\u00fcleyman Soylu\u2019ya ard\u0131 ard\u0131na ne mesajlar at\u0131ld\u0131? Bir zamanlar Oktarc\u0131 olan ve ona yak\u0131n duran \u00fcnl\u00fc isimler kimlerdi? Oktar, \u201cBunun kafa iyice u\u00e7mu\u015f\u201d laf\u0131yla hangi lideri kastediyordu? \u201cKediciklerin\u201d yar\u0131 \u00e7\u0131plak foto\u011fraf payla\u015fmas\u0131n\u0131n alt\u0131ndaki \u201cs\u0131r\u201d neydi? Ba\u015fsavc\u0131n\u0131n istifas\u0131n\u0131n perde arkas\u0131nda ne yat\u0131yordu? Oktarc\u0131lar hepimizi nas\u0131l dinledi? Doktorlar ve h\u00e2kimler ne \u015fekilde fi\u015flendi? Oktarc\u0131lara \u201cdualar\u0131n\u0131z\u0131 eksik etmeyin\u201d diyen saraydaki kritik isim kimdi? O \u00f6nemli toplant\u0131da Oktarc\u0131 terc\u00fcman\u0131n ne i\u015fi vard\u0131? Oktar, Acun Il\u0131cal\u0131\u2019y\u0131 neden cezaland\u0131rm\u0131\u015ft\u0131? Hangi \u00fcnl\u00fc \u015fovmen hasta yata\u011f\u0131nda Oktar\u2019la g\u00f6r\u00fc\u015fmek isteyip, aya\u011f\u0131na kadar gitti? Cemaat \u00fcyeleri \u00f6ld\u00fcr\u00fclen Rus B\u00fcy\u00fckel\u00e7i Karlov\u2019u niye ziyaret etmi\u015fti? FE T\u00d6\u2019c\u00fc savc\u0131lar Oktar\u2019\u0131 nas\u0131l kollad\u0131? \u0130srail\u2019den \u00e7antalarla gelen hahamlar ne ta\u015f\u0131yordu? Suudi Kraliyet ailesine yak\u0131n o isim de \u201cturnike\u201d sisteminde\u2026 \u0130srailli Bakan\u2019\u0131n Oktar\u2019a yollad\u0131\u011f\u0131 o \u00e7arp\u0131c\u0131 e-postada ne yaz\u0131yordu? Oktarc\u0131lar 17-25\u2019i \u00f6nceden biliyorlar m\u0131yd\u0131? Oktarc\u0131lar\u0131 \u201cSize operasyon olacak\u201d diyerek uyaran eski bakan kimdi? Adnan Oktar cemaatine yap\u0131lan operasyonun \u015fifreleri Turnike ile ortaya \u00e7\u0131k\u0131yor. <\/p>\n","protected":false},"excerpt":{"rendered":"<p>Adnan Oktar\u2019\u0131n en \u00e7ok korktu\u011fu neydi? Cemaate silah da\u011f\u0131tan vali kimdi? Operasyon g\u00fcn\u00fc S\u00fcleyman Soylu\u2019ya ard\u0131 ard\u0131na ne mesajlar at\u0131ld\u0131? Bir zamanlar Oktarc\u0131 olan ve ona<span class=\"excerpt-hellip\"> [\u2026]<\/span><\/p>\n","protected":false},"featured_media":0,"template":"","meta":{"_monsterinsights_skip_tracking":false,"_monsterinsights_sitenote_active":false,"_monsterinsights_sitenote_note":"","_monsterinsights_sitenote_category":0},"product_brand":[],"product_cat":[12346,12337],"product_tag":[],"class_list":{"0":"post-729362","1":"product","2":"type-product","3":"status-publish","5":"product_cat-derin-siyaset-komplo-teorileri","6":"product_cat-politika-siyaset","7":"pa_cilt-ciltsiz","8":"pa_tur-kitap","9":"pa_yayinevi-kirmizi-kedi-yayinevi","10":"pa_yazar-hakan-erol","12":"first","13":"instock","14":"sale","15":"shipping-taxable","16":"purchasable","17":"product-type-simple"},"_links":{"self":[{"href":"https:\/\/roveyayinevi.com.tr\/index.php\/wp-json\/wp\/v2\/product\/729362","targetHints":{"allow":["GET"]}}],"collection":[{"href":"https:\/\/roveyayinevi.com.tr\/index.php\/wp-json\/wp\/v2\/product"}],"about":[{"href":"https:\/\/roveyayinevi.com.tr\/index.php\/wp-json\/wp\/v2\/types\/product"}],"wp:attachment":[{"href":"https:\/\/roveyayinevi.com.tr\/index.php\/wp-json\/wp\/v2\/media?parent=729362"}],"wp:term":[{"taxonomy":"product_brand","embeddable":true,"href":"https:\/\/roveyayinevi.com.tr\/index.php\/wp-json\/wp\/v2\/product_brand?post=729362"},{"taxonomy":"product_cat","embeddable":true,"href":"https:\/\/roveyayinevi.com.tr\/index.php\/wp-json\/wp\/v2\/product_cat?post=729362"},{"taxonomy":"product_tag","embeddable":true,"href":"https:\/\/roveyayinevi.com.tr\/index.php\/wp-json\/wp\/v2\/product_tag?post=729362"}],"curies":[{"name":"wp","href":"https:\/\/api.w.org\/{rel}","templated":true}]}}