{"id":729361,"date":"2025-08-27T20:54:47","date_gmt":"2025-08-27T17:54:47","guid":{"rendered":"https:\/\/roveyayinevi.com.tr\/index.php\/urun\/bizim-evde\/"},"modified":"2026-04-16T02:37:08","modified_gmt":"2026-04-15T23:37:08","slug":"bizim-evde","status":"publish","type":"product","link":"https:\/\/roveyayinevi.com.tr\/index.php\/urun\/bizim-evde\/","title":{"rendered":"Bizim Evde"},"content":{"rendered":"<p>Evimize ho\u015f geldin! Bizim evde, ben var\u0131m, ailem var, k\u00f6pek var. Ve bazen daha \u00e7ok aile ve arkada\u015flar da gelir. Tek bir \u00e7at\u0131 alt\u0131nda, g\u00f6bekler, burunlar, di\u015fler, t\u0131rnaklar, eller ve \u00e7ok daha fazlas\u0131! Say\u0131lmas\u0131 gereken \u00e7ok \u015fey var. Haydi, i\u00e7eri gel ve bize kat\u0131l. Bakal\u0131m hepsini sayabilecek misin? <\/p>\n","protected":false},"excerpt":{"rendered":"<p>Evimize ho\u015f geldin! Bizim evde, ben var\u0131m, ailem var, k\u00f6pek var. Ve bazen daha \u00e7ok aile ve arkada\u015flar da gelir. Tek bir \u00e7at\u0131 alt\u0131nda, g\u00f6bekler, burunlar,<span class=\"excerpt-hellip\"> [\u2026]<\/span><\/p>\n","protected":false},"featured_media":0,"template":"","meta":{"_monsterinsights_skip_tracking":false,"_monsterinsights_sitenote_active":false,"_monsterinsights_sitenote_note":"","_monsterinsights_sitenote_category":0},"product_brand":[],"product_cat":[12274,12631],"product_tag":[],"class_list":{"0":"post-729361","1":"product","2":"type-product","3":"status-publish","5":"product_cat-cocuk-ve-genclik-kitaplari","6":"product_cat-diger-cocuk-ve-genclik-kitaplari","7":"pa_cilt-ciltsiz","8":"pa_tur-kitap","9":"pa_yayinevi-koc-universitesi-yayinlari","10":"pa_yazar-isabel-minhos-martins-madalena-matoso","12":"first","13":"instock","14":"sale","15":"shipping-taxable","16":"purchasable","17":"product-type-simple"},"_links":{"self":[{"href":"https:\/\/roveyayinevi.com.tr\/index.php\/wp-json\/wp\/v2\/product\/729361","targetHints":{"allow":["GET"]}}],"collection":[{"href":"https:\/\/roveyayinevi.com.tr\/index.php\/wp-json\/wp\/v2\/product"}],"about":[{"href":"https:\/\/roveyayinevi.com.tr\/index.php\/wp-json\/wp\/v2\/types\/product"}],"wp:attachment":[{"href":"https:\/\/roveyayinevi.com.tr\/index.php\/wp-json\/wp\/v2\/media?parent=729361"}],"wp:term":[{"taxonomy":"product_brand","embeddable":true,"href":"https:\/\/roveyayinevi.com.tr\/index.php\/wp-json\/wp\/v2\/product_brand?post=729361"},{"taxonomy":"product_cat","embeddable":true,"href":"https:\/\/roveyayinevi.com.tr\/index.php\/wp-json\/wp\/v2\/product_cat?post=729361"},{"taxonomy":"product_tag","embeddable":true,"href":"https:\/\/roveyayinevi.com.tr\/index.php\/wp-json\/wp\/v2\/product_tag?post=729361"}],"curies":[{"name":"wp","href":"https:\/\/api.w.org\/{rel}","templated":true}]}}