{"id":729360,"date":"2025-08-27T20:54:46","date_gmt":"2025-08-27T17:54:46","guid":{"rendered":"https:\/\/roveyayinevi.com.tr\/index.php\/urun\/blokzinciri-ve-yeni-guven-mimarisi\/"},"modified":"2026-04-16T02:37:08","modified_gmt":"2026-04-15T23:37:08","slug":"blokzinciri-ve-yeni-guven-mimarisi","status":"publish","type":"product","link":"https:\/\/roveyayinevi.com.tr\/index.php\/urun\/blokzinciri-ve-yeni-guven-mimarisi\/","title":{"rendered":"Blokzinciri ve Yeni G\u00fcven Mimarisi"},"content":{"rendered":"<p>Son y\u0131llar\u0131n en pop\u00fcler kelimesi haline gelen \u201cblokzinciri\u201d hakk\u0131nda ilgin\u00e7 bir kitaba  ba\u015fl\u0131yorsunuz. Okurunu teknik bilgilerle s\u0131kmayan, konuya b\u00fct\u00fcn\u00fcyle felsefi ve pratik bir pencereden bakarak geni\u015f bir tart\u0131\u015fma alan\u0131 yaratan \u00f6zel bir kitap. Her sayfada Kevin Werbach\u2019\u0131n ince zek\u00e2s\u0131n\u0131 ve konuyu ele al\u0131\u015f \u015feklini takdir etmek gerekiyor. -Ahmet Usta, Blockchain T\u00fcrkiye Platformu Her \u015fey 3 Ocak 2009\u2019da Bitcoin\u2019in hayat\u0131m\u0131za girmesiyle ba\u015flad\u0131: Milyarlarca dolar de\u011ferindeki yat\u0131r\u0131mlar, kurulan binlerce \u015firket, yarat\u0131lan b\u00fcy\u00fck servetler, ortaya \u00e7\u0131kan yeni sekt\u00f6rlerin yan\u0131 s\u0131ra pek \u00e7ok h\u0131rs\u0131zl\u0131k, tart\u0131\u015fma, doland\u0131r\u0131c\u0131l\u0131k\u2026 Ve b\u00fct\u00fcn bunlar sadece ba\u015flang\u0131\u00e7! Merkezi yap\u0131lara ihtiya\u00e7 duymadan g\u00fcvenilir \u015fekilde veri kay\u0131tlar\u0131 olu\u015fturmay\u0131, bunlar\u0131 korumay\u0131 ve sahipli\u011fini belirlemeyi m\u00fcmk\u00fcn k\u0131lan blokzinciri teknolojisi, bitcoin gibi kripto paralar\u0131n temelini olu\u015fturuyor ancak kripto paralardan \u00e7ok daha fazlas\u0131n\u0131 ifade ediyor. Her \u015feyden \u00f6nce, kendine \u00f6zg\u00fc yeni bir g\u00fcven mimarisi getiriyor beraberinde. Tam da insanlar\u0131n h\u00fck\u00fcmetlere, sisteme, \u015firketlere ve hatta birbirlerine olan g\u00fcveninin tarihte belki de hi\u00e7 olmad\u0131\u011f\u0131 kadar sars\u0131ld\u0131\u011f\u0131, k\u00fcresel bir g\u00fcven krizinin ya\u015fand\u0131\u011f\u0131 bir d\u00f6nemde. Werbach, t\u0131pk\u0131 internet gibi etkileri d\u00fcnyan\u0131n her k\u00f6\u015fesine ula\u015fabilecek potansiyele sahip, ezber bozan bir teknoloji olan blokzincirine, onu b\u00fct\u00fcn problemlerin \u00e7\u00f6z\u00fcm\u00fcym\u00fc\u015f gibi alg\u0131layanlar\u0131n aksine, so\u011fukkanl\u0131 yakla\u015fmay\u0131 ba\u015far\u0131yor. B\u00f6ylelikle, blokzinciri ve sundu\u011fu yeni g\u00fcven mimarisi hakk\u0131nda ayaklar\u0131 yere sa\u011flam basan temel bir kitap ortaya \u00e7\u0131k\u0131yor. Kevin Werbach, Pennsylvania \u00dcniversitesi b\u00fcnyesindeki Wharton School\u2019da, hukuk \u00e7al\u0131\u015fmalar\u0131 ve i\u015f eti\u011fi profes\u00f6r\u00fcd\u00fcr. <\/p>\n","protected":false},"excerpt":{"rendered":"<p>Son y\u0131llar\u0131n en pop\u00fcler kelimesi haline gelen \u201cblokzinciri\u201d hakk\u0131nda ilgin\u00e7 bir kitaba ba\u015fl\u0131yorsunuz. Okurunu teknik bilgilerle s\u0131kmayan, konuya b\u00fct\u00fcn\u00fcyle felsefi ve pratik bir pencereden bakarak geni\u015f<span class=\"excerpt-hellip\"> [\u2026]<\/span><\/p>\n","protected":false},"featured_media":0,"template":"","meta":{"_monsterinsights_skip_tracking":false,"_monsterinsights_sitenote_active":false,"_monsterinsights_sitenote_note":"","_monsterinsights_sitenote_category":0},"product_brand":[],"product_cat":[13043,14381],"product_tag":[],"class_list":{"0":"post-729360","1":"product","2":"type-product","3":"status-publish","5":"product_cat-ekonomi","6":"product_cat-isletme-muhasebe-maliye","7":"pa_cilt-ciltsiz","8":"pa_tur-kitap","9":"pa_yayinevi-koc-universitesi-yayinlari","10":"pa_yazar-kevin-werbach","12":"first","13":"instock","14":"sale","15":"shipping-taxable","16":"purchasable","17":"product-type-simple"},"_links":{"self":[{"href":"https:\/\/roveyayinevi.com.tr\/index.php\/wp-json\/wp\/v2\/product\/729360","targetHints":{"allow":["GET"]}}],"collection":[{"href":"https:\/\/roveyayinevi.com.tr\/index.php\/wp-json\/wp\/v2\/product"}],"about":[{"href":"https:\/\/roveyayinevi.com.tr\/index.php\/wp-json\/wp\/v2\/types\/product"}],"wp:attachment":[{"href":"https:\/\/roveyayinevi.com.tr\/index.php\/wp-json\/wp\/v2\/media?parent=729360"}],"wp:term":[{"taxonomy":"product_brand","embeddable":true,"href":"https:\/\/roveyayinevi.com.tr\/index.php\/wp-json\/wp\/v2\/product_brand?post=729360"},{"taxonomy":"product_cat","embeddable":true,"href":"https:\/\/roveyayinevi.com.tr\/index.php\/wp-json\/wp\/v2\/product_cat?post=729360"},{"taxonomy":"product_tag","embeddable":true,"href":"https:\/\/roveyayinevi.com.tr\/index.php\/wp-json\/wp\/v2\/product_tag?post=729360"}],"curies":[{"name":"wp","href":"https:\/\/api.w.org\/{rel}","templated":true}]}}