{"id":729358,"date":"2025-08-27T20:54:44","date_gmt":"2025-08-27T17:54:44","guid":{"rendered":"https:\/\/roveyayinevi.com.tr\/index.php\/urun\/circirbocegi-cancanin-kemani-ugurbocegi-sevecen-ile-salyangoz-tomurcuk-34\/"},"modified":"2026-04-16T02:37:08","modified_gmt":"2026-04-15T23:37:08","slug":"circirbocegi-cancanin-kemani-ugurbocegi-sevecen-ile-salyangoz-tomurcuk-34","status":"publish","type":"product","link":"https:\/\/roveyayinevi.com.tr\/index.php\/urun\/circirbocegi-cancanin-kemani-ugurbocegi-sevecen-ile-salyangoz-tomurcuk-34\/","title":{"rendered":"C\u0131rc\u0131rb\u00f6ce\u011fi Cancan\u2019\u0131n Keman\u0131 &#8211; U\u011furb\u00f6ce\u011fi Sevecen ile Salyangoz Tomurcuk 34"},"content":{"rendered":"<p>C\u0131rc\u0131rb\u00f6ce\u011fi Cancan mantar tarlas\u0131nda ne\u015feyle keman \u00e7al\u0131yordu. O s\u0131rada top oynayan yavru kar\u0131ncalar topu ellerinden ka\u00e7\u0131r\u0131nca Cancan\u2019\u0131n keman\u0131 k\u0131r\u0131ld\u0131. Cancan bu duruma \u00e7ok \u00fcz\u00fcld\u00fc. Neyse ki orman harika arkada\u015flarla dolu. Hep beraber Cancan\u2019a s\u00fcrpriz yapacaklar! <\/p>\n","protected":false},"excerpt":{"rendered":"<p>C\u0131rc\u0131rb\u00f6ce\u011fi Cancan mantar tarlas\u0131nda ne\u015feyle keman \u00e7al\u0131yordu. O s\u0131rada top oynayan yavru kar\u0131ncalar topu ellerinden ka\u00e7\u0131r\u0131nca Cancan\u2019\u0131n keman\u0131 k\u0131r\u0131ld\u0131. Cancan bu duruma \u00e7ok \u00fcz\u00fcld\u00fc. Neyse ki<span class=\"excerpt-hellip\"> [\u2026]<\/span><\/p>\n","protected":false},"featured_media":0,"template":"","meta":{"_monsterinsights_skip_tracking":false,"_monsterinsights_sitenote_active":false,"_monsterinsights_sitenote_note":"","_monsterinsights_sitenote_category":0},"product_brand":[],"product_cat":[12913,12274],"product_tag":[],"class_list":{"0":"post-729358","1":"product","2":"type-product","3":"status-publish","5":"product_cat-3-6-yas-kitaplari","6":"product_cat-cocuk-ve-genclik-kitaplari","7":"pa_cilt-ciltsiz","8":"pa_tur-kitap","9":"pa_yayinevi-yapi-kredi-yayinlari","10":"pa_yazar-erika-bartos","12":"first","13":"instock","14":"sale","15":"shipping-taxable","16":"purchasable","17":"product-type-simple"},"_links":{"self":[{"href":"https:\/\/roveyayinevi.com.tr\/index.php\/wp-json\/wp\/v2\/product\/729358","targetHints":{"allow":["GET"]}}],"collection":[{"href":"https:\/\/roveyayinevi.com.tr\/index.php\/wp-json\/wp\/v2\/product"}],"about":[{"href":"https:\/\/roveyayinevi.com.tr\/index.php\/wp-json\/wp\/v2\/types\/product"}],"wp:attachment":[{"href":"https:\/\/roveyayinevi.com.tr\/index.php\/wp-json\/wp\/v2\/media?parent=729358"}],"wp:term":[{"taxonomy":"product_brand","embeddable":true,"href":"https:\/\/roveyayinevi.com.tr\/index.php\/wp-json\/wp\/v2\/product_brand?post=729358"},{"taxonomy":"product_cat","embeddable":true,"href":"https:\/\/roveyayinevi.com.tr\/index.php\/wp-json\/wp\/v2\/product_cat?post=729358"},{"taxonomy":"product_tag","embeddable":true,"href":"https:\/\/roveyayinevi.com.tr\/index.php\/wp-json\/wp\/v2\/product_tag?post=729358"}],"curies":[{"name":"wp","href":"https:\/\/api.w.org\/{rel}","templated":true}]}}