{"id":729357,"date":"2025-08-27T20:54:43","date_gmt":"2025-08-27T17:54:43","guid":{"rendered":"https:\/\/roveyayinevi.com.tr\/index.php\/urun\/bir-kase-cikolatali-puding\/"},"modified":"2026-04-16T02:37:08","modified_gmt":"2026-04-15T23:37:08","slug":"bir-kase-cikolatali-puding","status":"publish","type":"product","link":"https:\/\/roveyayinevi.com.tr\/index.php\/urun\/bir-kase-cikolatali-puding\/","title":{"rendered":"Bir Kase \u00c7ikolatal\u0131 Puding"},"content":{"rendered":"<p>Beslenecek salyangozlar, \u00f6p\u00fclecek kurba\u011falar, taranacak sa\u00e7lar, uyutulacak kaplumba\u011falar, dinlenecek f\u0131s\u0131lt\u0131lar, gezilecek diyarlar varken \u00e7ikolatal\u0131 puding yapmaya vakit olabilir mi? \u00d6zge Can Do\u011fmu\u015f\u2019un anlatt\u0131\u011f\u0131 bu g\u00fczel ger\u00e7ek\u00fcst\u00fc hik\u00e2yeyi \u00d6zge T\u0131\u011fl\u0131 Ta\u015fl\u0131 resimledi. <\/p>\n","protected":false},"excerpt":{"rendered":"<p>Beslenecek salyangozlar, \u00f6p\u00fclecek kurba\u011falar, taranacak sa\u00e7lar, uyutulacak kaplumba\u011falar, dinlenecek f\u0131s\u0131lt\u0131lar, gezilecek diyarlar varken \u00e7ikolatal\u0131 puding yapmaya vakit olabilir mi? \u00d6zge Can Do\u011fmu\u015f\u2019un anlatt\u0131\u011f\u0131 bu g\u00fczel ger\u00e7ek\u00fcst\u00fc<span class=\"excerpt-hellip\"> [\u2026]<\/span><\/p>\n","protected":false},"featured_media":0,"template":"","meta":{"_monsterinsights_skip_tracking":false,"_monsterinsights_sitenote_active":false,"_monsterinsights_sitenote_note":"","_monsterinsights_sitenote_category":0},"product_brand":[],"product_cat":[12913,12274],"product_tag":[],"class_list":{"0":"post-729357","1":"product","2":"type-product","3":"status-publish","5":"product_cat-3-6-yas-kitaplari","6":"product_cat-cocuk-ve-genclik-kitaplari","7":"pa_cilt-ciltsiz","8":"pa_tur-kitap","9":"pa_yayinevi-yapi-kredi-yayinlari","10":"pa_yazar-ozge-can-dogmus","12":"first","13":"instock","14":"sale","15":"shipping-taxable","16":"purchasable","17":"product-type-simple"},"_links":{"self":[{"href":"https:\/\/roveyayinevi.com.tr\/index.php\/wp-json\/wp\/v2\/product\/729357","targetHints":{"allow":["GET"]}}],"collection":[{"href":"https:\/\/roveyayinevi.com.tr\/index.php\/wp-json\/wp\/v2\/product"}],"about":[{"href":"https:\/\/roveyayinevi.com.tr\/index.php\/wp-json\/wp\/v2\/types\/product"}],"wp:attachment":[{"href":"https:\/\/roveyayinevi.com.tr\/index.php\/wp-json\/wp\/v2\/media?parent=729357"}],"wp:term":[{"taxonomy":"product_brand","embeddable":true,"href":"https:\/\/roveyayinevi.com.tr\/index.php\/wp-json\/wp\/v2\/product_brand?post=729357"},{"taxonomy":"product_cat","embeddable":true,"href":"https:\/\/roveyayinevi.com.tr\/index.php\/wp-json\/wp\/v2\/product_cat?post=729357"},{"taxonomy":"product_tag","embeddable":true,"href":"https:\/\/roveyayinevi.com.tr\/index.php\/wp-json\/wp\/v2\/product_tag?post=729357"}],"curies":[{"name":"wp","href":"https:\/\/api.w.org\/{rel}","templated":true}]}}