{"id":729356,"date":"2025-08-27T20:54:42","date_gmt":"2025-08-27T17:54:42","guid":{"rendered":"https:\/\/roveyayinevi.com.tr\/index.php\/urun\/gunluk-de-neyin-nesi\/"},"modified":"2026-04-16T02:37:08","modified_gmt":"2026-04-15T23:37:08","slug":"gunluk-de-neyin-nesi","status":"publish","type":"product","link":"https:\/\/roveyayinevi.com.tr\/index.php\/urun\/gunluk-de-neyin-nesi\/","title":{"rendered":"G\u00fcnl\u00fck de Neyin Nesi?"},"content":{"rendered":"<p>\u0130\u015fte yine sizinle \u201ctamamlanacak\u201d bir kitap!\u00dcretken yazar Mavisel Yener, \u00e7ocuklar\u0131n okuma ve yazma becerilerini geli\u015ftirmelerine katk\u0131 sunmak amac\u0131yla haz\u0131rlad\u0131\u011f\u0131 G\u00fcnl\u00fck de Neyin Nesi? kitab\u0131nda, farkl\u0131 yaz\u0131n t\u00fcrlerine dair de\u011ferli bilgiler aktar\u0131yor; kendi an\u0131lar\u0131 ve e\u011flenceli etkinlikler e\u015fli\u011finde, kazan\u0131m odakl\u0131 bir yol haritas\u0131 \u00e7iziyor. G\u00fcnl\u00fck \u00e7e\u015fitlerinden tarihte bilinen ilk g\u00fcnl\u00fcklere uzanarak t\u00fcr\u00fcn yap\u0131 ta\u015flar\u0131 hakk\u0131nda kapsaml\u0131 bir bak\u0131\u015f sunan bu k\u0131lavuz eser; an\u0131 yaz\u0131s\u0131 ve otobiyografi t\u00fcrlerine de e\u011filiyor, aralar\u0131ndaki farkl\u0131l\u0131klar\u0131 \u00f6rneklerle a\u00e7\u0131kl\u0131yor. Tasarlad\u0131\u011f\u0131 etkinlik se\u00e7kisiyle \u00e7ocuklar\u0131n yarat\u0131c\u0131l\u0131klar\u0131n\u0131 art\u0131rmalar\u0131na ve \u00f6\u011frendiklerini peki\u015ftirmelerine f\u0131rsat tan\u0131yan Yener; kendi el yaz\u0131s\u0131yla sunulan \u201cKitap G\u00fcnl\u00fc\u011f\u00fcm\u201d sayfalar\u0131nda ise, G\u00fcnl\u00fck de Neyin Nesi?&#8217;nin yay\u0131na haz\u0131rl\u0131k ser\u00fcvenine y\u00f6nelik renkli payla\u015f\u0131mlarda bulunuyor. Sahi, neden g\u00fcnl\u00fck tutar\u0131z? Ya\u015fad\u0131klar\u0131m\u0131z\u0131 kay\u0131t alt\u0131na almak, an\u0131lar\u0131m\u0131z\u0131 yazmak kime ne fayda sa\u011flar? Peki ya tarihe iz b\u0131rakm\u0131\u015f ki\u015filerin g\u00fcnl\u00fcklerini okumak, onlardan esin almak?Hayat uzun bir yolculuksa e\u011fer, bize de t\u00fcrl\u00fc an\u0131lar biriktirip ki\u015fisel tarihimizi belgelemek kal\u0131yor. Gelin kalemi elimize alal\u0131m, deneyimlerimizi ileride hat\u0131rlamak ve onlardan farkl\u0131 \u00e7\u0131kar\u0131mlar elde etmek i\u00e7in gelece\u011fe ta\u015f\u0131yal\u0131m!G\u00fcnl\u00fck de Neyin Nesi? okura ne vadediyor?G\u00fcnl\u00fc\u011f\u00fcn nas\u0131l tutuldu\u011fundan g\u00fcnl\u00fck \u00e7e\u015fitlerine; g\u00fcnl\u00fck fikirlerinden ki\u015fi ve mesleklere g\u00f6re g\u00fcnl\u00fcklere uzanarak t\u00fcr\u00fc bir b\u00fct\u00fcn olarak ele al\u0131yor.Bilinen ilk g\u00fcnl\u00fcklerden T\u00fcrk edebiyat\u0131ndaki g\u00fcnl\u00fck \u00f6rneklerine yer vererek okuruna farkl\u0131 d\u00fcnyalar\u0131n kap\u0131lar\u0131n\u0131 aral\u0131yor.Bir yazar\u0131n g\u00fcnl\u00fc\u011f\u00fc izle\u011finde, ad\u0131m ad\u0131m bir kitab\u0131n ortaya \u00e7\u0131k\u0131\u015f ser\u00fcvenine tan\u0131kl\u0131k ettiriyor.G\u00fcnl\u00fck, an\u0131 ve otobiyografi aras\u0131ndaki farklar\u0131 \u00f6rnekler e\u015fli\u011finde a\u00e7\u0131kl\u0131\u011fa kavu\u015fturuyor.Okuru kitab\u0131n tamamlay\u0131c\u0131 bir par\u00e7as\u0131 k\u0131larak, etkile\u015fimli bir okuma ve \u00f6\u011frenme deneyimi sunuyor.O h\u00e2lde s\u0131ra art\u0131k okurun! \u0130\u015fe, ya\u015fam\u0131n\u0131zdaki olumlu geli\u015fmeleri belgelemek \u00fczere bir te\u015fekk\u00fcr g\u00fcnl\u00fc\u011f\u00fc olu\u015fturmaktan ya da ufkunuzu geni\u015fletmek i\u00e7in, Atat\u00fcrk&#8217;\u00fcn g\u00fcnl\u00fc\u011f\u00fcnden \u00e7ok \u00f6zel bir sayfa okumaktan ba\u015flamaya ne dersiniz?Unutmay\u0131n, g\u00fcnl\u00fck yazmak ki\u015fisel bir yolculuktur&#8230;<\/p>\n","protected":false},"excerpt":{"rendered":"<p>\u0130\u015fte yine sizinle \u201ctamamlanacak\u201d bir kitap!\u00dcretken yazar Mavisel Yener, \u00e7ocuklar\u0131n okuma ve yazma becerilerini geli\u015ftirmelerine katk\u0131 sunmak amac\u0131yla haz\u0131rlad\u0131\u011f\u0131 G\u00fcnl\u00fck de Neyin Nesi? kitab\u0131nda, farkl\u0131 yaz\u0131n<span class=\"excerpt-hellip\"> [\u2026]<\/span><\/p>\n","protected":false},"featured_media":0,"template":"","meta":{"_monsterinsights_skip_tracking":false,"_monsterinsights_sitenote_active":false,"_monsterinsights_sitenote_note":"","_monsterinsights_sitenote_category":0},"product_brand":[],"product_cat":[12275,12274],"product_tag":[],"class_list":{"0":"post-729356","1":"product","2":"type-product","3":"status-publish","5":"product_cat-6-12-yas-kitaplari","6":"product_cat-cocuk-ve-genclik-kitaplari","7":"pa_cilt-ciltsiz","8":"pa_tur-kitap","9":"pa_yayinevi-tudem-yayinlari","10":"pa_yazar-mavisel-yener","12":"first","13":"instock","14":"sale","15":"shipping-taxable","16":"purchasable","17":"product-type-simple"},"_links":{"self":[{"href":"https:\/\/roveyayinevi.com.tr\/index.php\/wp-json\/wp\/v2\/product\/729356","targetHints":{"allow":["GET"]}}],"collection":[{"href":"https:\/\/roveyayinevi.com.tr\/index.php\/wp-json\/wp\/v2\/product"}],"about":[{"href":"https:\/\/roveyayinevi.com.tr\/index.php\/wp-json\/wp\/v2\/types\/product"}],"wp:attachment":[{"href":"https:\/\/roveyayinevi.com.tr\/index.php\/wp-json\/wp\/v2\/media?parent=729356"}],"wp:term":[{"taxonomy":"product_brand","embeddable":true,"href":"https:\/\/roveyayinevi.com.tr\/index.php\/wp-json\/wp\/v2\/product_brand?post=729356"},{"taxonomy":"product_cat","embeddable":true,"href":"https:\/\/roveyayinevi.com.tr\/index.php\/wp-json\/wp\/v2\/product_cat?post=729356"},{"taxonomy":"product_tag","embeddable":true,"href":"https:\/\/roveyayinevi.com.tr\/index.php\/wp-json\/wp\/v2\/product_tag?post=729356"}],"curies":[{"name":"wp","href":"https:\/\/api.w.org\/{rel}","templated":true}]}}