{"id":729355,"date":"2025-08-27T20:54:42","date_gmt":"2025-08-27T17:54:42","guid":{"rendered":"https:\/\/roveyayinevi.com.tr\/index.php\/urun\/luthor\/"},"modified":"2025-11-21T06:39:03","modified_gmt":"2025-11-21T03:39:03","slug":"luthor","status":"publish","type":"product","link":"https:\/\/roveyayinevi.com.tr\/index.php\/urun\/luthor\/","title":{"rendered":"Luthor"},"content":{"rendered":"<p>Superman\u2019e y\u0131llar boyunca bir\u00e7ok ad tak\u0131lm\u0131\u015ft\u0131r, \u00c7elik Adam\u2019dan B\u00fcy\u00fck Mavi \u0130zci\u2019ye kadar. \u015eimdiyse en eski ve en zeki d\u00fc\u015fman\u0131 sayesinde yepyeni bir lakab\u0131 olmak \u00fczere: \u0130nsanl\u0131\u011fa Kar\u015f\u0131 En B\u00fcy\u00fck Tehdit.   B\u00fcy\u00fck hayran kitlesi olan yazar Brian Azzarello (SUPERMAN: FOR TOMORROW, 100 BULLETS) ve \u00e7izer Lee Barmejo\u2019nun (BATMAN: NOEL, SUICIDERS) sundu\u011fu LUTHOR, Krypton\u2019un Son Evlad\u0131\u2019n\u0131 DC\u2019nin en efsanevi k\u00f6t\u00fclerinden birinin g\u00f6z\u00fcnden inceliyor ve ya\u015fayan en b\u00fcy\u00fck deha olan Lex Luthor\u2019un neden bu kadar uzun zamand\u0131r Superman\u2019in ba\u015f\u0131na bela olabildi\u011fini a\u00e7\u0131\u011fa \u00e7\u0131kar\u0131yor. \u201cAzzarello, (100 BULLETS) insanl\u0131\u011f\u0131n ba\u015far\u0131s\u0131ndan duydu\u011fu gururdan beslenen bir canavar\u0131 derinliklerinde saklayan adanm\u0131\u015f bir h\u00fcmanistin karma\u015f\u0131k portresini \u00e7iziyor. Barmejo\u2019nun g\u00f6lgeler ve a\u00e7\u0131larla oynayarak \u00e7izimlerinde yaratt\u0131\u011f\u0131 sert ger\u00e7ek\u00e7ilik bir s\u00fcper haini bir insano\u011fluna, s\u00fcper insan bir kurtar\u0131c\u0131y\u0131 ise uzayl\u0131 bir canavara \u00e7eviriyor.\u201d \u2014BOOKLIST \u201cEski bir ili\u015fkiye getirilen bu taze bak\u0131\u015f a\u00e7\u0131s\u0131, klasik kahramanlara yaz\u0131lan \u00e7ok y\u00f6nl\u00fc alternatif hik\u00e2yeler gelene\u011finin en ba\u015far\u0131l\u0131lar\u0131ndan biri.\u201d \u2014SCHOOL LIBRARY JOURNAL <\/p>\n","protected":false},"excerpt":{"rendered":"<p>Superman\u2019e y\u0131llar boyunca bir\u00e7ok ad tak\u0131lm\u0131\u015ft\u0131r, \u00c7elik Adam\u2019dan B\u00fcy\u00fck Mavi \u0130zci\u2019ye kadar. \u015eimdiyse en eski ve en zeki d\u00fc\u015fman\u0131 sayesinde yepyeni bir lakab\u0131 olmak \u00fczere: \u0130nsanl\u0131\u011fa<span class=\"excerpt-hellip\"> [\u2026]<\/span><\/p>\n","protected":false},"featured_media":0,"template":"","meta":{"_monsterinsights_skip_tracking":false,"_monsterinsights_sitenote_active":false,"_monsterinsights_sitenote_note":"","_monsterinsights_sitenote_category":0},"product_brand":[],"product_cat":[12689,12274],"product_tag":[],"class_list":{"0":"post-729355","1":"product","2":"type-product","3":"status-publish","5":"product_cat-cizgi-roman-cocuk-ve-genclik-kitaplari","6":"product_cat-cocuk-ve-genclik-kitaplari","7":"pa_cilt-ciltsiz","8":"pa_tur-kitap","9":"pa_yayinevi-yapi-kredi-yayinlari","10":"pa_yazar-brian-azzarello","12":"first","13":"instock","14":"sale","15":"shipping-taxable","16":"purchasable","17":"product-type-simple"},"_links":{"self":[{"href":"https:\/\/roveyayinevi.com.tr\/index.php\/wp-json\/wp\/v2\/product\/729355","targetHints":{"allow":["GET"]}}],"collection":[{"href":"https:\/\/roveyayinevi.com.tr\/index.php\/wp-json\/wp\/v2\/product"}],"about":[{"href":"https:\/\/roveyayinevi.com.tr\/index.php\/wp-json\/wp\/v2\/types\/product"}],"wp:attachment":[{"href":"https:\/\/roveyayinevi.com.tr\/index.php\/wp-json\/wp\/v2\/media?parent=729355"}],"wp:term":[{"taxonomy":"product_brand","embeddable":true,"href":"https:\/\/roveyayinevi.com.tr\/index.php\/wp-json\/wp\/v2\/product_brand?post=729355"},{"taxonomy":"product_cat","embeddable":true,"href":"https:\/\/roveyayinevi.com.tr\/index.php\/wp-json\/wp\/v2\/product_cat?post=729355"},{"taxonomy":"product_tag","embeddable":true,"href":"https:\/\/roveyayinevi.com.tr\/index.php\/wp-json\/wp\/v2\/product_tag?post=729355"}],"curies":[{"name":"wp","href":"https:\/\/api.w.org\/{rel}","templated":true}]}}