{"id":729354,"date":"2025-08-27T20:54:40","date_gmt":"2025-08-27T17:54:40","guid":{"rendered":"https:\/\/roveyayinevi.com.tr\/index.php\/urun\/surgulu-kapi\/"},"modified":"2026-04-16T02:37:08","modified_gmt":"2026-04-15T23:37:08","slug":"surgulu-kapi","status":"publish","type":"product","link":"https:\/\/roveyayinevi.com.tr\/index.php\/urun\/surgulu-kapi\/","title":{"rendered":"S\u00fcrg\u00fcl\u00fc Kap\u0131"},"content":{"rendered":"<p>Giderim ilkbahar, d\u00f6nerim sonbahar Kelebek \u00f6m\u00fcrl\u00fc g\u00fcne\u015f, \u00f6l\u00fcr \u00f6l\u00fcr dirilir Karde\u015fi bulut olan\u0131n g\u00f6zya\u015flar\u0131 nereye akar Bu bir d\u00fc\u015fse, hangi denizde karaya oturur gemiler S\u00fcrg\u00fcl\u00fc Kap\u0131\u2019da G\u00fcltekin Emre bug\u00fcn\u00fcn d\u00fcnyas\u0131n\u0131n olgular\u0131n\u0131, ya\u015fad\u0131\u011f\u0131m\u0131z g\u00fcnlerin olaylar\u0131n\u0131 \u00e7a\u011fda\u015f bir duyarl\u0131kla ama yeri geldik\u00e7e ge\u00e7mi\u015fe teyeller de atarak \u015fiirsel dile \u00e7eviriyor. Nesneler, g\u00f6r\u00fcnt\u00fcler, ya\u015fant\u0131lar onun \u015fiirinde sessizliklerini bozuyor. Ses yank\u0131lamalar\u0131yla, d\u00fc\u015f\u00fcnce ve duygu \u00e7a\u011fr\u0131\u015f\u0131mlar\u0131yla, g\u00f6rsel imge \u00fcretimiyle, s\u00f6yleyi\u015f b\u00fct\u00fcnl\u00fc\u011f\u00fcyle kitap bizi usta bir \u015fairle ba\u015f ba\u015fa b\u0131rak\u0131yor. G\u00fcltekin Emre baz\u0131 \u015fiirlerinin sonlar\u0131nda ba\u015fka \u015fairlerin i\u00e7inde akasya a\u011fac\u0131 ge\u00e7en \u015fiirlerinden par\u00e7alara yer vererek sekiz b\u00f6l\u00fcmden olu\u015fan S\u00fcrg\u00fcl\u00fc Kap\u0131\u2019ya adeta akasya desenli bir g\u00f6mlek giydiriyor. <\/p>\n","protected":false},"excerpt":{"rendered":"<p>Giderim ilkbahar, d\u00f6nerim sonbahar Kelebek \u00f6m\u00fcrl\u00fc g\u00fcne\u015f, \u00f6l\u00fcr \u00f6l\u00fcr dirilir Karde\u015fi bulut olan\u0131n g\u00f6zya\u015flar\u0131 nereye akar Bu bir d\u00fc\u015fse, hangi denizde karaya oturur gemiler S\u00fcrg\u00fcl\u00fc Kap\u0131\u2019da<span class=\"excerpt-hellip\"> [\u2026]<\/span><\/p>\n","protected":false},"featured_media":0,"template":"","meta":{"_monsterinsights_skip_tracking":false,"_monsterinsights_sitenote_active":false,"_monsterinsights_sitenote_note":"","_monsterinsights_sitenote_category":0},"product_brand":[],"product_cat":[12291,12509],"product_tag":[],"class_list":{"0":"post-729354","1":"product","2":"type-product","3":"status-publish","5":"product_cat-edebiyat","6":"product_cat-siir","7":"pa_cilt-ciltsiz","8":"pa_tur-kitap","9":"pa_yayinevi-yapi-kredi-yayinlari","10":"pa_yazar-gultekin-emre","12":"first","13":"instock","14":"sale","15":"shipping-taxable","16":"purchasable","17":"product-type-simple"},"_links":{"self":[{"href":"https:\/\/roveyayinevi.com.tr\/index.php\/wp-json\/wp\/v2\/product\/729354","targetHints":{"allow":["GET"]}}],"collection":[{"href":"https:\/\/roveyayinevi.com.tr\/index.php\/wp-json\/wp\/v2\/product"}],"about":[{"href":"https:\/\/roveyayinevi.com.tr\/index.php\/wp-json\/wp\/v2\/types\/product"}],"wp:attachment":[{"href":"https:\/\/roveyayinevi.com.tr\/index.php\/wp-json\/wp\/v2\/media?parent=729354"}],"wp:term":[{"taxonomy":"product_brand","embeddable":true,"href":"https:\/\/roveyayinevi.com.tr\/index.php\/wp-json\/wp\/v2\/product_brand?post=729354"},{"taxonomy":"product_cat","embeddable":true,"href":"https:\/\/roveyayinevi.com.tr\/index.php\/wp-json\/wp\/v2\/product_cat?post=729354"},{"taxonomy":"product_tag","embeddable":true,"href":"https:\/\/roveyayinevi.com.tr\/index.php\/wp-json\/wp\/v2\/product_tag?post=729354"}],"curies":[{"name":"wp","href":"https:\/\/api.w.org\/{rel}","templated":true}]}}